{"id":32118,"date":"2025-02-04T13:13:42","date_gmt":"2025-02-04T13:13:42","guid":{"rendered":"https:\/\/purama.lt\/produktas\/nacific-aha-bha-balancing-mask-balansuojanti-lakstine-veido-kauke\/"},"modified":"2026-04-10T13:03:25","modified_gmt":"2026-04-10T11:03:25","slug":"nacific-aha-bha-tasakaalustav-mask-tasakaalustav-naomask","status":"publish","type":"product","link":"https:\/\/purama.lt\/ee\/produktas\/nacific-aha-bha-balancing-mask-balansuojanti-lakstine-veido-kauke\/","title":{"rendered":"NACIFIC AHA\/BHA tasakaalustav mask Tasakaalustav lehtmask"},"content":{"rendered":"<h4 class=\"wp-block-heading\">Kuidas t\u00f6\u00f6tab NACIFIC AHA\/BHA tasakaalustav mask?<\/h4>\n\n\n\n<ul class=\"wp-block-list\">\n<li>Koorib \u00f5rnalt, silub naha tekstuuri ja eemaldab surnud naharakud.<\/li>\n\n\n\n<li>S\u00fcgavpuhastab poorid, aitab v\u00e4hendada mustpead ja ennetada akne tekkimist.<\/li>\n\n\n\n<li>Tasakaalustab rasvatootmist, et saavutada matt viimistlus<\/li>\n\n\n\n<li>Rahustab \u00e4rritunud nahka, v\u00e4hendab punetust ja s\u00e4ilitab naha kaitsebarj\u00e4\u00e4ri.<\/li>\n<\/ul>\n\n\n\n<h4 class=\"wp-block-heading\">Kuidas kasutada?<\/h4>\n\n\n\n<ol class=\"wp-block-list\">\n<li>Puhastage n\u00e4gu ja patsutage nahk kuivaks.<\/li>\n\n\n\n<li>V\u00f5tke mask pakendist v\u00e4lja ja kandke see oma n\u00e4ole, sobitades selle tihedalt naha kontuuridele.<\/li>\n\n\n\n<li>J\u00e4tke kreem 15-20 minutiks, et toimeained saaksid s\u00fcgavuti imenduda.<\/li>\n\n\n\n<li>Eemaldage mask ja masseerige j\u00e4relej\u00e4\u00e4nud seerum \u00f5rnalt naha sisse - loputada ei ole vaja.<\/li>\n<\/ol>\n\n\n\n<p><strong>Koostisained:<\/strong> AHA-happed, BHA-happed, niisutavad komponendid, nahka rahustavad taimeekstraktid.<\/p>\n\n\n\n<p><strong>NACIFIC AHA\/BHA tasakaalustav mask<\/strong> - Nahka tasakaalustav mask, mis annab pikaajalise puhta, v\u00e4rske ja \u00fchtlase naha efekti.<\/p>","protected":false},"excerpt":{"rendered":"<p><strong>NACIFIC AHA\/BHA tasakaalustav mask<\/strong> - n\u00e4omask, mis taastab naha tasakaalu, rikastatud <strong>AHA ja BHA happed<\/strong>mis aitavad <strong>koorib nahka \u00f5rnalt, eemaldab surnud rakud ja tasakaalustab rasu tootmist.<\/strong>. See koostis puhastab s\u00fcgavuti, v\u00e4rskendab ja silub nahka, samal ajal kui niisutavad koostisained hoiavad \u00e4ra kuivuse ja s\u00e4ilitavad naha tervisliku tasakaalu.<\/p>\n<p><strong>Miks valida NACIFIC AHA\/BHA tasakaalustav mask?<\/strong><\/p>\n<p>\u2714 AHA happed - eemaldavad \u00f5rnalt surnud naharakud, soodustades naha uuenemist<br \/>\u2714 BHA happed - s\u00fcgavpuhastavad poorid, v\u00e4hendavad mustpeade teket ja reguleerivad rasu eritumist.<br \/>\u2714 Niisutav koostisosa - s\u00e4ilitab naha niiskustasakaalu ja hoiab \u00e4ra kuivuse.<br \/>\u2714 Lehtede tekstuur - tagab toimeainete optimaalse imendumise<br \/>\u2714 Sobib rasusele, kombineeritud ja probleemsele nahale, mis on altid ebat\u00e4iuslikkusele.<\/p>","protected":false},"featured_media":32169,"comment_status":"open","ping_status":"closed","template":"","meta":{"_acf_changed":false},"product_brand":[440],"product_cat":[92,500,142,59],"product_tag":[],"class_list":{"0":"post-32118","1":"product","2":"type-product","3":"status-publish","4":"has-post-thumbnail","6":"product_brand-nacific","7":"product_cat-groziui","8":"product_cat-outlet","9":"product_cat-veido-kaukes","10":"product_cat-veidui","12":"first","13":"instock","14":"sale","15":"shipping-taxable","16":"purchasable","17":"product-type-simple"},"acf":[],"tiered_pricing_type":"fixed","tiered_pricing_fixed_rules":[],"tiered_pricing_product_settings":{"layout":"default","base_unit_name":{"singular":null,"plural":null},"default_variation":null},"tiered_pricing_minimum_quantity":null,"tiered_pricing_roles_data":[],"tiered_pricing_percentage_rules":[],"_links":{"self":[{"href":"https:\/\/purama.lt\/ee\/wp-json\/wp\/v2\/product\/32118","targetHints":{"allow":["GET"]}}],"collection":[{"href":"https:\/\/purama.lt\/ee\/wp-json\/wp\/v2\/product"}],"about":[{"href":"https:\/\/purama.lt\/ee\/wp-json\/wp\/v2\/types\/product"}],"replies":[{"embeddable":true,"href":"https:\/\/purama.lt\/ee\/wp-json\/wp\/v2\/comments?post=32118"}],"wp:featuredmedia":[{"embeddable":true,"href":"https:\/\/purama.lt\/ee\/wp-json\/wp\/v2\/media\/32169"}],"wp:attachment":[{"href":"https:\/\/purama.lt\/ee\/wp-json\/wp\/v2\/media?parent=32118"}],"wp:term":[{"taxonomy":"product_brand","embeddable":true,"href":"https:\/\/purama.lt\/ee\/wp-json\/wp\/v2\/product_brand?post=32118"},{"taxonomy":"product_cat","embeddable":true,"href":"https:\/\/purama.lt\/ee\/wp-json\/wp\/v2\/product_cat?post=32118"},{"taxonomy":"product_tag","embeddable":true,"href":"https:\/\/purama.lt\/ee\/wp-json\/wp\/v2\/product_tag?post=32118"}],"curies":[{"name":"wp","href":"https:\/\/api.w.org\/{rel}","templated":true}]}}