{"id":32112,"date":"2025-02-04T13:13:40","date_gmt":"2025-02-04T13:13:40","guid":{"rendered":"https:\/\/purama.lt\/produktas\/cosrx-master-patch-intensive-hidrokoloidiniai-pleistrai-spuogams\/"},"modified":"2026-04-10T13:03:25","modified_gmt":"2026-04-10T11:03:25","slug":"cosrx-master-patch-intensiivne-hudrokolloidne-akneplaaster","status":"publish","type":"product","link":"https:\/\/purama.lt\/ee\/produktas\/cosrx-master-patch-intensive-hidrokoloidiniai-pleistrai-spuogams\/","title":{"rendered":"COSRX Master Patch Intensive Hydrocolloid akneplaastrid"},"content":{"rendered":"<h4 class=\"wp-block-heading\"><strong>Kuidas COSRX Master Patch Intensive toimib?<\/strong><\/h4>\n\n\n\n<ul class=\"wp-block-list\">\n<li>Imab liigset rasu ja lisandeid vistrikust, aidates sellel kiiremini kaduda.<\/li>\n\n\n\n<li>V\u00e4hendab p\u00f5letikku ja punetust<\/li>\n\n\n\n<li>Hoiab \u00e4ra akne kokkupuute bakterite ja muude \u00e4rritavate ainetega<\/li>\n\n\n\n<li>S\u00e4ilitab optimaalse niiskustasakaalu, ennetades armide teket<\/li>\n<\/ul>\n\n\n\n<h4 class=\"wp-block-heading\"><strong>Kuidas kasutada?<\/strong><\/h4>\n\n\n\n<ol class=\"wp-block-list\">\n<li>Puhastage ja kuivatage kahjustatud piirkond.<\/li>\n\n\n\n<li>Valige sobiva suurusega plaaster ja kandke see \u00f5rnalt vistrikule.<\/li>\n\n\n\n<li>J\u00e4ta jooksma <strong>6-12 tundi<\/strong> v\u00f5i \u00fcle\u00f6\u00f6, et saavutada parimad tulemused.<\/li>\n\n\n\n<li>Eemaldage plaaster ja asendage see vajadusel uuega.<\/li>\n<\/ol>\n\n\n\n<p><strong>Koostisained:<\/strong> h\u00fcdrokolloid, kaitsvad ja niisutavad komponendid.<\/p>\n\n\n\n<p><strong>COSRX Master Patch Intensive <\/strong>- intensiivne aknehooldus kiiremaks paranemiseks ja kaitseks armistumise eest!<\/p>\n\n\n\n<p>Kas otsite rohkem? Vaadake t\u00e4ielikku <a href=\"\/ee\/tootesildid\/cosrx\/\">COSRX tooted<\/a>.<\/p>","protected":false},"excerpt":{"rendered":"<p><strong>COSRX Master Patch Intensive<\/strong> - T\u00e4iustatud valemid <strong>h\u00fcdrokolloidplaastrid<\/strong>, luua <strong>akne kiiremaks paranemiseks, punetuse v\u00e4hendamiseks ja kaitseks infektsioonide eest<\/strong>. Paksemad ja kleepuvamad kui teised plaastrid imavad t\u00f5husalt mustust ja liigset rasu, aidates nahal loomulikult taastuda ilma armideta. Need plaastrid on ideaalne lahendus neile, kes otsivad <strong>intensiivsem hooldus p\u00f5letikulise v\u00f5i k\u00fcpsema akne puhul<\/strong>, kuna need mitte ainult ei isoleeri kahjustatud piirkonda, vaid aitavad ka v\u00e4ltida akne levikut.<\/p>\n<h4><strong>Miks valida COSRX Master Patch Intensive?<\/strong><\/h4>\n<p>\u2714 <strong>Paksem h\u00fcdrokolloidkate<\/strong> - tagab t\u00f5husama paranemise ja suurema mustuse imendumise<br \/>\u2714 <strong>Naha regenereerimise s\u00fcgav stimulatsioon<\/strong> - v\u00e4hendab punetust ja kiirendab akne paranemisprotsessi.<br \/>\u2714 <strong>Tugev haare<\/strong> - plaaster kinnitub h\u00e4sti isegi rasval v\u00f5i niiskel nahal<br \/>\u2714 <strong>Kaitse bakterite vastu<\/strong> - isoleerib akne, takistades selle s\u00fcvenemist<br \/>\u2714 <strong>Sobib k\u00f5ikidele nahat\u00fc\u00fcpidele<\/strong>, eriti altid p\u00f5letikulisele ja eitrilisele aknele<\/p>","protected":false},"featured_media":32143,"comment_status":"open","ping_status":"closed","template":"","meta":{"_acf_changed":false},"product_brand":[418],"product_cat":[92,59],"product_tag":[],"class_list":{"0":"post-32112","1":"product","2":"type-product","3":"status-publish","4":"has-post-thumbnail","6":"product_brand-cosrx","7":"product_cat-groziui","8":"product_cat-veidui","10":"first","11":"instock","12":"shipping-taxable","13":"purchasable","14":"product-type-simple"},"acf":[],"tiered_pricing_type":"fixed","tiered_pricing_fixed_rules":[],"tiered_pricing_product_settings":{"layout":"default","base_unit_name":{"singular":null,"plural":null},"default_variation":null},"tiered_pricing_minimum_quantity":null,"tiered_pricing_roles_data":[],"tiered_pricing_percentage_rules":[],"_links":{"self":[{"href":"https:\/\/purama.lt\/ee\/wp-json\/wp\/v2\/product\/32112","targetHints":{"allow":["GET"]}}],"collection":[{"href":"https:\/\/purama.lt\/ee\/wp-json\/wp\/v2\/product"}],"about":[{"href":"https:\/\/purama.lt\/ee\/wp-json\/wp\/v2\/types\/product"}],"replies":[{"embeddable":true,"href":"https:\/\/purama.lt\/ee\/wp-json\/wp\/v2\/comments?post=32112"}],"wp:featuredmedia":[{"embeddable":true,"href":"https:\/\/purama.lt\/ee\/wp-json\/wp\/v2\/media\/32143"}],"wp:attachment":[{"href":"https:\/\/purama.lt\/ee\/wp-json\/wp\/v2\/media?parent=32112"}],"wp:term":[{"taxonomy":"product_brand","embeddable":true,"href":"https:\/\/purama.lt\/ee\/wp-json\/wp\/v2\/product_brand?post=32112"},{"taxonomy":"product_cat","embeddable":true,"href":"https:\/\/purama.lt\/ee\/wp-json\/wp\/v2\/product_cat?post=32112"},{"taxonomy":"product_tag","embeddable":true,"href":"https:\/\/purama.lt\/ee\/wp-json\/wp\/v2\/product_tag?post=32112"}],"curies":[{"name":"wp","href":"https:\/\/api.w.org\/{rel}","templated":true}]}}