{"id":32111,"date":"2025-02-04T13:13:40","date_gmt":"2025-02-04T13:13:40","guid":{"rendered":"https:\/\/purama.lt\/produktas\/cosrx-clear-fit-master-patch-pleistrai-spuogams\/"},"modified":"2026-04-10T13:03:25","modified_gmt":"2026-04-10T11:03:25","slug":"cosrx-clear-fit-master-patch-akne-plaastrid","status":"publish","type":"product","link":"https:\/\/purama.lt\/ee\/produktas\/cosrx-clear-fit-master-patch-pleistrai-spuogams\/","title":{"rendered":"COSRX Clear fit master patch akneplaastrid"},"content":{"rendered":"<h4 class=\"wp-block-heading\"><strong>Kuidas COSRX Clear Fit Master plaaster t\u00f6\u00f6tab?<\/strong><\/h4>\n\n\n\n<ul class=\"wp-block-list\">\n<li>V\u00e4hendab akne punetust ja aitab sellel kiiremini kaduda<\/li>\n\n\n\n<li>S\u00e4ilitab niiskust, takistab armistumist<\/li>\n\n\n\n<li>Kaitseb akne bakterite ja v\u00e4liste tegurite eest<\/li>\n\n\n\n<li>Imab \u00fcleliigset rasu ja lisandeid, ennetades p\u00f5letikku.<\/li>\n<\/ul>\n\n\n\n<h4 class=\"wp-block-heading\"><strong>Kuidas kasutada?<\/strong><\/h4>\n\n\n\n<ol class=\"wp-block-list\">\n<li>Puhastage ja kuivatage nahk.<\/li>\n\n\n\n<li>Valige sobiva suurusega plaaster ja kandke see vistrikule v\u00f5i probleemsele piirkonnale.<\/li>\n\n\n\n<li>J\u00e4ta jooksma <strong>6-8 tundi<\/strong> v\u00f5i nii palju kui vaja.<\/li>\n\n\n\n<li>Eemaldage plaaster ja asendage see vajadusel uuega.<\/li>\n<\/ol>\n\n\n\n<p><strong>Koostisained:<\/strong> h\u00fcdrokolloid, kaitsvad ja niisutavad komponendid.<\/p>\n\n\n\n<p><strong>COSRX Clear Fit Master Patch<\/strong> - m\u00e4rkamatu, kuid v\u00e4ga t\u00f5hus lahendus p\u00e4evaseks akne hoolduseks!<\/p>\n\n\n\n<p>Kas otsite rohkem? Vaadake t\u00e4ielikku <a href=\"\/ee\/tootesildid\/cosrx\/\">COSRX tooted<\/a>.<\/p>","protected":false},"excerpt":{"rendered":"<p><strong>COSRX Clear Fit Master Patch<\/strong> - \u00f5huke, peaaegu n\u00e4htamatu <strong>akne h\u00fcdrokolloidplaastrid<\/strong>, aidates kaasa <strong>kiirendavad naha paranemist, v\u00e4hendavad punetust ja kaitsevad v\u00e4liste stiimulite eest.<\/strong>. T\u00e4nu oma \u00fcli\u00f5hukesele struktuurile kinnituvad need plaastrid suurep\u00e4raselt nahale ja neid saab kasutada isegi meigi all, aidates t\u00f5husalt v\u00e4hendada akne n\u00e4htavust p\u00e4eva jooksul. Akne v\u00f5ib olla nii ebameeldiv nahatunne kui ka esteetiline probleem, seega <strong>COSRX Clear Fit Master Patch<\/strong> on spetsiaalselt kavandatud <strong>kiirendab naha paranemist, v\u00e4hendab p\u00f5letikku ja takistab bakterite kahjustamist tundlikele piirkondadele.<\/strong>.<\/p>\n<h4><strong>Miks valida COSRX Clear Fit Master Patch?<\/strong><\/h4>\n<p>\u2714 <strong>\u00d5huke ja m\u00e4rkamatu<\/strong> - Ideaalne p\u00e4evaseks kasutamiseks, isegi meigi all.<br \/>\u2714 <strong>V\u00e4hendab punetust ja turset<\/strong> - aitab akne kiiremini rahustada<br \/>\u2714 <strong>Kaitseb v\u00e4liste stiimulite eest<\/strong> - takistab bakterite ja mustuse sattumist aknesse<br \/>\u2714 <strong>H\u00fcdrokolloidne aine<\/strong> - Imab \u00fcleliigset rasu ja mustuse, et soodustada naha uuenemist.<br \/>\u2714 <strong>Sobib k\u00f5ikidele nahat\u00fc\u00fcpidele<\/strong>, eriti kalduvus akne ja p\u00f5letiku suhtes<\/p>","protected":false},"featured_media":32165,"comment_status":"open","ping_status":"closed","template":"","meta":{"_acf_changed":false},"product_brand":[418],"product_cat":[92,142,59],"product_tag":[],"class_list":{"0":"post-32111","1":"product","2":"type-product","3":"status-publish","4":"has-post-thumbnail","6":"product_brand-cosrx","7":"product_cat-groziui","8":"product_cat-veido-kaukes","9":"product_cat-veidui","11":"first","12":"instock","13":"shipping-taxable","14":"purchasable","15":"product-type-simple"},"acf":[],"tiered_pricing_type":"fixed","tiered_pricing_fixed_rules":[],"tiered_pricing_product_settings":{"layout":"default","base_unit_name":{"singular":null,"plural":null},"default_variation":null},"tiered_pricing_minimum_quantity":null,"tiered_pricing_roles_data":[],"tiered_pricing_percentage_rules":[],"_links":{"self":[{"href":"https:\/\/purama.lt\/ee\/wp-json\/wp\/v2\/product\/32111","targetHints":{"allow":["GET"]}}],"collection":[{"href":"https:\/\/purama.lt\/ee\/wp-json\/wp\/v2\/product"}],"about":[{"href":"https:\/\/purama.lt\/ee\/wp-json\/wp\/v2\/types\/product"}],"replies":[{"embeddable":true,"href":"https:\/\/purama.lt\/ee\/wp-json\/wp\/v2\/comments?post=32111"}],"wp:featuredmedia":[{"embeddable":true,"href":"https:\/\/purama.lt\/ee\/wp-json\/wp\/v2\/media\/32165"}],"wp:attachment":[{"href":"https:\/\/purama.lt\/ee\/wp-json\/wp\/v2\/media?parent=32111"}],"wp:term":[{"taxonomy":"product_brand","embeddable":true,"href":"https:\/\/purama.lt\/ee\/wp-json\/wp\/v2\/product_brand?post=32111"},{"taxonomy":"product_cat","embeddable":true,"href":"https:\/\/purama.lt\/ee\/wp-json\/wp\/v2\/product_cat?post=32111"},{"taxonomy":"product_tag","embeddable":true,"href":"https:\/\/purama.lt\/ee\/wp-json\/wp\/v2\/product_tag?post=32111"}],"curies":[{"name":"wp","href":"https:\/\/api.w.org\/{rel}","templated":true}]}}