{"id":32110,"date":"2025-02-04T13:13:40","date_gmt":"2025-02-04T13:13:40","guid":{"rendered":"https:\/\/purama.lt\/produktas\/cosrx-master-patch-originall-fit-pleistrai-nuo-spuogu\/"},"modified":"2026-04-10T13:03:25","modified_gmt":"2026-04-10T11:03:25","slug":"cosrx-master-patch-origall-fit-akne-plaastrid","status":"publish","type":"product","link":"https:\/\/purama.lt\/ee\/produktas\/cosrx-master-patch-originall-fit-pleistrai-nuo-spuogu\/","title":{"rendered":"COSRX Master Patch Originall FIT akneplaastrid"},"content":{"rendered":"<h4 class=\"wp-block-heading\"><strong>Kuidas COSRX Master Patch Original Fit toimib?<\/strong><\/h4>\n\n\n\n<ul class=\"wp-block-list\">\n<li>Imav h\u00fcdrokolloid aitab eemaldada ebapuhtust ja liigset rasu<\/li>\n\n\n\n<li>V\u00e4hendab akne n\u00e4htavust ja aitab nahal kiiremini paraneda.<\/li>\n\n\n\n<li>S\u00e4ilitab optimaalse niiskuse naha kiiremaks paranemiseks<\/li>\n\n\n\n<li>Kaitseb kahjustatud piirkonda v\u00e4liste \u00e4rritajate ja bakterite eest.<\/li>\n<\/ul>\n\n\n\n<h4 class=\"wp-block-heading\"><strong>Kuidas kasutada?<\/strong><\/h4>\n\n\n\n<ol class=\"wp-block-list\">\n<li>Puhastage ja kuivatage nahk.<\/li>\n\n\n\n<li>Valige sobiva suurusega plaaster ja kandke see vistrikule v\u00f5i kahjustatud piirkonnale.<\/li>\n\n\n\n<li>J\u00e4ta jooksma <strong>6-8 tundi v\u00f5i \u00fcle\u00f6\u00f6<\/strong>.<\/li>\n\n\n\n<li>Eemaldage plaaster ja asendage see vajadusel uuega.<\/li>\n<\/ol>\n\n\n\n<p><strong>Koostisained:<\/strong> h\u00fcdrokolloid, kaitsvad ja niisutavad ained.<\/p>\n\n\n\n<p><strong>COSRX Master Patch Original Fit<\/strong> - Kiire ja t\u00f5hus viis akne vastu v\u00f5itlemiseks ning naha kaitsmiseks \u00e4rrituse ja armistumise eest.<\/p>\n\n\n\n<p>Kas otsite rohkem? Vaadake t\u00e4ielikku <a href=\"\/ee\/tootesildid\/cosrx\/\">COSRX tooted<\/a>.<\/p>","protected":false},"excerpt":{"rendered":"<p><strong>COSRX Master Patch Original Fit<\/strong> - diskreetne, t\u00f5hus ja lihtne kasutada <strong>h\u00fcdrokolloidplaastrid<\/strong>, aidates kaasa <strong>kiirendab akne paranemist, kaitseb kahjustatud nahka ja v\u00e4hendab p\u00f5letikku.<\/strong>. Need \u00f5hukesed ja peaaegu n\u00e4htamatud plaastrid kohanduvad nahaga, imavad mustust ja s\u00e4ilitavad optimaalse niiskustasakaalu, et aidata nahal kiiremini taastuda. Akne v\u00f5ib olla nii valulik kui ka esteetiline probleem, mist\u00f5ttu <strong>COSRX Master Patch Original Fit<\/strong> on spetsiaalselt kavandatud <strong>v\u00e4hendab akne n\u00e4htavust ja kiirendab paranemist<\/strong>, takistades bakterite edasist kahjustamist nahal.<\/p>\n<p><strong>Miks valida COSRX Master Patch Original Fit?<\/strong><\/p>\n<p>\u2714 <strong>Kiirendab akne paranemist<\/strong> - imab mustust ja v\u00e4hendab p\u00f5letikku<br \/>\u2714 <strong>Kaitseb nahka<\/strong> - takistab bakterite ja mustuse sattumist kahjustatud piirkonda<br \/>\u2714 <strong>N\u00e4htamatu tekstuur<\/strong> - \u00f5hukesed, l\u00e4bipaistvad plaastrid, mis sobivad nii p\u00e4evaseks kui ka \u00f6iseks kasutamiseks.<br \/>\u2714 <strong>S\u00e4ilitab niiskustasakaalu<\/strong> - aitab nahal kiiremini taastuda ilma armideta<br \/>\u2714 <strong>Sobib k\u00f5ikidele nahat\u00fc\u00fcpidele<\/strong>, eriti rasusele ja aknele kalduvale nahale<\/p>","protected":false},"featured_media":32157,"comment_status":"open","ping_status":"closed","template":"","meta":{"_acf_changed":false},"product_brand":[418],"product_cat":[92,142,59],"product_tag":[],"class_list":{"0":"post-32110","1":"product","2":"type-product","3":"status-publish","4":"has-post-thumbnail","6":"product_brand-cosrx","7":"product_cat-groziui","8":"product_cat-veido-kaukes","9":"product_cat-veidui","11":"first","12":"outofstock","13":"shipping-taxable","14":"purchasable","15":"product-type-simple"},"acf":[],"tiered_pricing_type":"fixed","tiered_pricing_fixed_rules":[],"tiered_pricing_product_settings":{"layout":"default","base_unit_name":{"singular":null,"plural":null},"default_variation":null},"tiered_pricing_minimum_quantity":null,"tiered_pricing_roles_data":[],"tiered_pricing_percentage_rules":[],"_links":{"self":[{"href":"https:\/\/purama.lt\/ee\/wp-json\/wp\/v2\/product\/32110","targetHints":{"allow":["GET"]}}],"collection":[{"href":"https:\/\/purama.lt\/ee\/wp-json\/wp\/v2\/product"}],"about":[{"href":"https:\/\/purama.lt\/ee\/wp-json\/wp\/v2\/types\/product"}],"replies":[{"embeddable":true,"href":"https:\/\/purama.lt\/ee\/wp-json\/wp\/v2\/comments?post=32110"}],"wp:featuredmedia":[{"embeddable":true,"href":"https:\/\/purama.lt\/ee\/wp-json\/wp\/v2\/media\/32157"}],"wp:attachment":[{"href":"https:\/\/purama.lt\/ee\/wp-json\/wp\/v2\/media?parent=32110"}],"wp:term":[{"taxonomy":"product_brand","embeddable":true,"href":"https:\/\/purama.lt\/ee\/wp-json\/wp\/v2\/product_brand?post=32110"},{"taxonomy":"product_cat","embeddable":true,"href":"https:\/\/purama.lt\/ee\/wp-json\/wp\/v2\/product_cat?post=32110"},{"taxonomy":"product_tag","embeddable":true,"href":"https:\/\/purama.lt\/ee\/wp-json\/wp\/v2\/product_tag?post=32110"}],"curies":[{"name":"wp","href":"https:\/\/api.w.org\/{rel}","templated":true}]}}