{"id":32109,"date":"2025-02-04T13:13:39","date_gmt":"2025-02-04T13:13:39","guid":{"rendered":"https:\/\/purama.lt\/produktas\/cosrx-ac-calming-foam-cleanser-prausiklis-probleminei-odai\/"},"modified":"2026-04-10T13:03:25","modified_gmt":"2026-04-10T11:03:25","slug":"cosrx-ac-rahustav-vahupuhastusvahend-probleemsele-nahale","status":"publish","type":"product","link":"https:\/\/purama.lt\/ee\/produktas\/cosrx-ac-calming-foam-cleanser-prausiklis-probleminei-odai\/","title":{"rendered":"COSRX AC rahustav vahupuhastusvahend probleemsele nahale"},"content":{"rendered":"<h4 class=\"wp-block-heading\">Kuidas COSRX AC rahustav vahupuhastusvahend toimib?<\/h4>\n\n\n\n<ul class=\"wp-block-list\">\n<li>S\u00fcgavpuhastab poorid ja aitab v\u00f5idelda akne ilmnemise vastu.<\/li>\n\n\n\n<li>Tasakaalustab rasu tootmist, v\u00e4hendab l\u00e4iget<\/li>\n\n\n\n<li>Rahustab \u00e4rritunud nahka, v\u00e4hendab punetust ja p\u00f5letikku.<\/li>\n\n\n\n<li>S\u00e4ilitab naha niiskustasakaalu, j\u00e4tmata venivat tunnet<\/li>\n<\/ul>\n\n\n\n<h4 class=\"wp-block-heading\">Kuidas kasutada?<\/h4>\n\n\n\n<ol class=\"wp-block-list\">\n<li>Niisutage oma n\u00e4gu leige veega.<\/li>\n\n\n\n<li>Pigistage v\u00e4ike kogus puhastusvahendit peopesadesse, et luua vaht.<\/li>\n\n\n\n<li>Masseerige \u00f5rnalt n\u00e4ole, v\u00e4ltides silmapiirkonda.<\/li>\n\n\n\n<li>Loputage leige veega ja kuivatage kuivaks.<\/li>\n\n\n\n<li>J\u00e4tkake oma tavap\u00e4rast nahahooldusrutiini.<\/li>\n<\/ol>\n\n\n\n<p><strong>Koostisained: <\/strong>puhastusvaht, rahustavad taimeekstraktid, niisutavad koostisosad, nahka kaitsvad ained.<\/p>\n\n\n\n<p><strong>COSRX AC rahustav vahupuhastusvahend<\/strong> - \u00f5rn, kuid v\u00f5imas lahendus puhta ja tasakaalustatud probleemse naha jaoks.<\/p>\n\n\n\n<p>Kas otsite rohkem? Vaadake t\u00e4ielikku <a href=\"\/ee\/tootesildid\/cosrx\/\">COSRX tooted<\/a>.<\/p>","protected":false},"excerpt":{"rendered":"<p><strong>COSRX AC rahustav vahupuhastusvahend<\/strong> - \u00f5rn, kuid t\u00f5hus vahutav puhastusvahend, mis on m\u00f5eldud <strong>probleemsele, aknele kalduvale ja \u00e4rritunud nahale<\/strong>. Selle valem on m\u00f5eldud selleks, et <strong>puhastab p\u00f5hjalikult poorid, tasakaalustab rasu tootmist ja v\u00e4hendab naha\u00e4rritust.<\/strong>h\u00e4irimata naha loomulikku niiskustasakaalu.<\/p>\n<p><strong>Miks valida COSRX AC Calming Foam Cleanser?<\/strong><\/p>\n<p>\u2714 Puhastusvaht - eemaldab t\u00f5husalt mustuse, liigse \u00f5li ja meigij\u00e4\u00e4gid.<br \/>\u2714 Rahustavad koostisosad - v\u00e4hendab punetust ja \u00e4rritust, aitab v\u00f5idelda akne vastu.<br \/>\u2714 Niisutav koostis - kaitseb nahka kuivuse eest ja s\u00e4ilitab niiskustasakaalu.<br \/>\u2714 Tasakaalustatud pH - ei kahjusta naha kaitsvat barj\u00e4\u00e4ri.<br \/>\u2714 Sobib rasusele, kombineeritud ja tundlikule probleemsele nahale.<\/p>","protected":false},"featured_media":32161,"comment_status":"open","ping_status":"closed","template":"","meta":{"_acf_changed":false},"product_brand":[418],"product_cat":[92,150,59],"product_tag":[],"class_list":{"0":"post-32109","1":"product","2":"type-product","3":"status-publish","4":"has-post-thumbnail","6":"product_brand-cosrx","7":"product_cat-groziui","8":"product_cat-veido-prausikliai","9":"product_cat-veidui","11":"first","12":"instock","13":"shipping-taxable","14":"purchasable","15":"product-type-simple"},"acf":[],"tiered_pricing_type":"fixed","tiered_pricing_fixed_rules":[],"tiered_pricing_product_settings":{"layout":"default","base_unit_name":{"singular":null,"plural":null},"default_variation":null},"tiered_pricing_minimum_quantity":null,"tiered_pricing_roles_data":[],"tiered_pricing_percentage_rules":[],"_links":{"self":[{"href":"https:\/\/purama.lt\/ee\/wp-json\/wp\/v2\/product\/32109","targetHints":{"allow":["GET"]}}],"collection":[{"href":"https:\/\/purama.lt\/ee\/wp-json\/wp\/v2\/product"}],"about":[{"href":"https:\/\/purama.lt\/ee\/wp-json\/wp\/v2\/types\/product"}],"replies":[{"embeddable":true,"href":"https:\/\/purama.lt\/ee\/wp-json\/wp\/v2\/comments?post=32109"}],"wp:featuredmedia":[{"embeddable":true,"href":"https:\/\/purama.lt\/ee\/wp-json\/wp\/v2\/media\/32161"}],"wp:attachment":[{"href":"https:\/\/purama.lt\/ee\/wp-json\/wp\/v2\/media?parent=32109"}],"wp:term":[{"taxonomy":"product_brand","embeddable":true,"href":"https:\/\/purama.lt\/ee\/wp-json\/wp\/v2\/product_brand?post=32109"},{"taxonomy":"product_cat","embeddable":true,"href":"https:\/\/purama.lt\/ee\/wp-json\/wp\/v2\/product_cat?post=32109"},{"taxonomy":"product_tag","embeddable":true,"href":"https:\/\/purama.lt\/ee\/wp-json\/wp\/v2\/product_tag?post=32109"}],"curies":[{"name":"wp","href":"https:\/\/api.w.org\/{rel}","templated":true}]}}