{"id":32108,"date":"2025-02-04T13:13:39","date_gmt":"2025-02-04T13:13:39","guid":{"rendered":"https:\/\/purama.lt\/produktas\/cosrx-ultimate-nourishing-rice-overnight-spa-mask-naktine-kauke\/"},"modified":"2026-04-10T13:03:25","modified_gmt":"2026-04-10T11:03:25","slug":"cosrx-ultimate-nourishing-rice-overnight-spa-mask-oomask","status":"publish","type":"product","link":"https:\/\/purama.lt\/ee\/produktas\/cosrx-ultimate-nourishing-rice-overnight-spa-mask-naktine-kauke\/","title":{"rendered":"COSRX Ultimate Nourishing Rice Overnight Spa mask"},"content":{"rendered":"<h4 class=\"wp-block-heading\">Kuidas toimib COSRX Ultimate Nourishing Rice Overnight Spa Mask?<\/h4>\n\n\n\n<ul class=\"wp-block-list\">\n<li>Niisutab ja toidab nahka s\u00fcgavalt une ajal<\/li>\n\n\n\n<li>Annab s\u00e4rava ja terve naha efekti<\/li>\n\n\n\n<li>Parandab naha elastsust ja pehmust<\/li>\n\n\n\n<li>Aitab \u00fchtlustada naha tooni ja v\u00e4hendada paistetust<\/li>\n<\/ul>\n\n\n\n<h4 class=\"wp-block-heading\">Kuidas kasutada?<\/h4>\n\n\n\n<ol class=\"wp-block-list\">\n<li>\u00d5htul, oma nahahooldusrutiini viimase osana, kandke peale <strong>\u00f5huke kiht<\/strong> maskid puhtale nahale.<\/li>\n\n\n\n<li>Laske sellel sisse imbuda - see toimib \u00fcle\u00f6\u00f6.<\/li>\n\n\n\n<li>Hommikul loputage leige veega.<\/li>\n\n\n\n<li>V\u00f5ib kasutada <strong>iga p\u00e4ev v\u00f5i vastavalt vajadusele<\/strong> kui niisutav mask.<\/li>\n<\/ol>\n\n\n\n<p><strong>Koostisained:<\/strong> Riisi ekstrakt, niisutavad koostisosad, antioks\u00fcdandid, toitvad \u00f5lid.<\/p>\n\n\n\n<p><strong>COSRX Ultimate Nourishing Rice Overnight Spa mask<\/strong> - \u00f6ine nahahooldus pikaajalise niisutuse, s\u00e4ra ja mugavuse tagamiseks.<\/p>\n\n\n\n<p>Kas otsite rohkem? Vaadake t\u00e4ielikku <a href=\"\/ee\/tootesildid\/cosrx\/\">COSRX tooted<\/a>.<\/p>","protected":false},"excerpt":{"rendered":"<p><strong>COSRX Ultimate Nourishing Rice Overnight Spa mask<\/strong> - intensiivselt niisutav ja toitev <strong>\u00f6ine n\u00e4omask riisiekstraktiga<\/strong>M\u00f5eldud naha taaselustamiseks ja kirgastamiseks \u00fcle\u00f6\u00f6. Kerge, kuid rikkalik koostis <strong>niisutab s\u00fcgavuti, pehmendab ja aitab \u00fchtlustada naha tooni<\/strong>ning riisiekstraktis sisalduvad vitamiinid ja antioks\u00fcdandid stimuleerivad naha loomulikku uuenemist.<\/p>\n<p><strong>Miks valida COSRX Ultimate Nourishing Rice Overnight Spa Mask?<br \/><\/strong>\u2714 Riisi ekstrakt - helendab, pehmendab ja niisutab nahka.<br \/>\u2714 Toitev koostis - niisutab s\u00fcgavuti ja annab nahale elastsuse.<br \/>\u2714 Antioks\u00fcdandid - aitavad kaitsta nahka keskkonnakahjustuste eest<br \/>\u2714 Kerge tekstuur - imendub kiiresti, j\u00e4tmata rasvast tunnet<br \/>\u2714 Sobib k\u00f5ikidele nahat\u00fc\u00fcpidele, eriti kuivale ja v\u00e4sinud nahale.<\/p>","protected":false},"featured_media":32158,"comment_status":"open","ping_status":"closed","template":"","meta":{"_acf_changed":false},"product_brand":[418],"product_cat":[92,142,59],"product_tag":[],"class_list":{"0":"post-32108","1":"product","2":"type-product","3":"status-publish","4":"has-post-thumbnail","6":"product_brand-cosrx","7":"product_cat-groziui","8":"product_cat-veido-kaukes","9":"product_cat-veidui","11":"first","12":"instock","13":"shipping-taxable","14":"purchasable","15":"product-type-simple"},"acf":[],"tiered_pricing_type":"fixed","tiered_pricing_fixed_rules":[],"tiered_pricing_product_settings":{"layout":"default","base_unit_name":{"singular":null,"plural":null},"default_variation":null},"tiered_pricing_minimum_quantity":null,"tiered_pricing_roles_data":[],"tiered_pricing_percentage_rules":[],"_links":{"self":[{"href":"https:\/\/purama.lt\/ee\/wp-json\/wp\/v2\/product\/32108","targetHints":{"allow":["GET"]}}],"collection":[{"href":"https:\/\/purama.lt\/ee\/wp-json\/wp\/v2\/product"}],"about":[{"href":"https:\/\/purama.lt\/ee\/wp-json\/wp\/v2\/types\/product"}],"replies":[{"embeddable":true,"href":"https:\/\/purama.lt\/ee\/wp-json\/wp\/v2\/comments?post=32108"}],"wp:featuredmedia":[{"embeddable":true,"href":"https:\/\/purama.lt\/ee\/wp-json\/wp\/v2\/media\/32158"}],"wp:attachment":[{"href":"https:\/\/purama.lt\/ee\/wp-json\/wp\/v2\/media?parent=32108"}],"wp:term":[{"taxonomy":"product_brand","embeddable":true,"href":"https:\/\/purama.lt\/ee\/wp-json\/wp\/v2\/product_brand?post=32108"},{"taxonomy":"product_cat","embeddable":true,"href":"https:\/\/purama.lt\/ee\/wp-json\/wp\/v2\/product_cat?post=32108"},{"taxonomy":"product_tag","embeddable":true,"href":"https:\/\/purama.lt\/ee\/wp-json\/wp\/v2\/product_tag?post=32108"}],"curies":[{"name":"wp","href":"https:\/\/api.w.org\/{rel}","templated":true}]}}