{"id":32106,"date":"2025-02-04T13:13:39","date_gmt":"2025-02-04T13:13:39","guid":{"rendered":"https:\/\/purama.lt\/produktas\/cosrx-advanced-snail-92-all-in-one-cream-tube-veido-kremas\/"},"modified":"2026-04-10T13:03:24","modified_gmt":"2026-04-10T11:03:24","slug":"cosrx-advanced-snail-92-all-in-one-cream-tuubi-naokreem","status":"publish","type":"product","link":"https:\/\/purama.lt\/ee\/produktas\/cosrx-advanced-snail-92-all-in-one-cream-tube-veido-kremas\/","title":{"rendered":"COSRX Advanced Snail 92 All in One Cream Tube n\u00e4okreem"},"content":{"rendered":"<h4 class=\"wp-block-heading\">Kuidas COSRX Advanced Snail 92 All in One Cream Tube toimib?<\/h4>\n\n\n\n<ul class=\"wp-block-list\">\n<li>Niisutab ja rahustab \u00e4rritunud nahka, andes sellele mugavustunde.<\/li>\n\n\n\n<li>Aitab taastada nahabarj\u00e4\u00e4ri ja tugevdada selle kaitsefunktsioone.<\/li>\n\n\n\n<li>Annab loomuliku s\u00e4ra ja elastsuse.<\/li>\n\n\n\n<li>V\u00e4hendab venitustunnet ja hoiab \u00e4ra kuivuse.<\/li>\n<\/ul>\n\n\n\n<h4 class=\"wp-block-heading\">Kuidas kasutada?<\/h4>\n\n\n\n<ol class=\"wp-block-list\">\n<li>Kandke kreemi <strong>hommikul ja \u00f5htul<\/strong> puhtale nahale oma nahahooldusrutiini viimase osana.<\/li>\n\n\n\n<li>Masseeri \u00f5rnalt, et aidata imendumist.<\/li>\n\n\n\n<li>V\u00f5ib kasutada koos teiste niisutavate v\u00f5i taastavate toodetega.<\/li>\n<\/ol>\n\n\n\n<p><strong>Koostisained:<\/strong> 92% filtreeritud ekstrakt tigude sekretist, niisutavad komponendid, nahka rahustavad ekstraktid, antioks\u00fcdandid.<\/p>\n\n\n\n<p><strong>COSRX Advanced Snail 92 All in One Cream Tube (k\u00f5ik \u00fches kreemist tuubis)<\/strong> - intensiivne niisutus ja naha taastamine pehmuse ja elastsuse saavutamiseks.<\/p>\n\n\n\n<p>Kas otsite rohkem? Vaadake t\u00e4ielikku <a href=\"\/ee\/tootesildid\/cosrx\/\">COSRX tooted<\/a>.<\/p>","protected":false},"excerpt":{"rendered":"<p><strong>COSRX Advanced Snail 92 All in One Cream Tube (k\u00f5ik \u00fches kreemist tuubis)<\/strong> - intensiivselt niisutav, taastav ja rahustav n\u00e4okreem koos <strong>92% filtreeritud ekstrakt tigude sekretsioonist<\/strong>mis aitab <strong>toidab, kaitseb ja taastab nahka<\/strong>. Kerge, kuid v\u00e4ga t\u00f5husa koostisega kreem j\u00e4tab naha elastseks, pehmeks ja loomulikult s\u00e4ravaks, aidates v\u00f5idelda kuivamise, \u00e4rrituse ja peente joonte vastu.<\/p>\n<p><strong>Miks valida COSRX Advanced Snail 92 All in One Cream Tube?<\/strong><\/p>\n<p>\u2714 92% Tigu sekretsiooni ekstrakt - niisutab intensiivselt, rahustab ja aitab nahka parandada.<br \/>\u2714 Kerge, kuid toitev koostis - imendub kiiresti, ilma et see koormaks nahka.<br \/>\u2714 Aitab v\u00f5idelda kuiva ja \u00e4rritunud naha vastu - rahustab tundlikku nahka<br \/>\u2714 Parandab naha elastsust ja tagab pikaajalise niisutuse.<br \/>\u2714 Sobib k\u00f5ikidele nahat\u00fc\u00fcpidele, eriti kuivale, tundlikule ja k\u00fcpsele nahale.<\/p>","protected":false},"featured_media":32155,"comment_status":"open","ping_status":"closed","template":"","meta":{"_acf_changed":false},"product_brand":[418],"product_cat":[92,55,59],"product_tag":[],"class_list":{"0":"post-32106","1":"product","2":"type-product","3":"status-publish","4":"has-post-thumbnail","6":"product_brand-cosrx","7":"product_cat-groziui","8":"product_cat-veido-kremai","9":"product_cat-veidui","11":"first","12":"instock","13":"shipping-taxable","14":"purchasable","15":"product-type-simple"},"acf":[],"tiered_pricing_type":"fixed","tiered_pricing_fixed_rules":[],"tiered_pricing_product_settings":{"layout":"default","base_unit_name":{"singular":null,"plural":null},"default_variation":null},"tiered_pricing_minimum_quantity":null,"tiered_pricing_roles_data":[],"tiered_pricing_percentage_rules":[],"_links":{"self":[{"href":"https:\/\/purama.lt\/ee\/wp-json\/wp\/v2\/product\/32106","targetHints":{"allow":["GET"]}}],"collection":[{"href":"https:\/\/purama.lt\/ee\/wp-json\/wp\/v2\/product"}],"about":[{"href":"https:\/\/purama.lt\/ee\/wp-json\/wp\/v2\/types\/product"}],"replies":[{"embeddable":true,"href":"https:\/\/purama.lt\/ee\/wp-json\/wp\/v2\/comments?post=32106"}],"wp:featuredmedia":[{"embeddable":true,"href":"https:\/\/purama.lt\/ee\/wp-json\/wp\/v2\/media\/32155"}],"wp:attachment":[{"href":"https:\/\/purama.lt\/ee\/wp-json\/wp\/v2\/media?parent=32106"}],"wp:term":[{"taxonomy":"product_brand","embeddable":true,"href":"https:\/\/purama.lt\/ee\/wp-json\/wp\/v2\/product_brand?post=32106"},{"taxonomy":"product_cat","embeddable":true,"href":"https:\/\/purama.lt\/ee\/wp-json\/wp\/v2\/product_cat?post=32106"},{"taxonomy":"product_tag","embeddable":true,"href":"https:\/\/purama.lt\/ee\/wp-json\/wp\/v2\/product_tag?post=32106"}],"curies":[{"name":"wp","href":"https:\/\/api.w.org\/{rel}","templated":true}]}}