{"id":32102,"date":"2025-02-04T13:13:38","date_gmt":"2025-02-04T13:13:38","guid":{"rendered":"https:\/\/purama.lt\/produktas\/cosrx-advanced-snail-96-mucin-power-essence-veido-esencija\/"},"modified":"2026-04-10T13:03:24","modified_gmt":"2026-04-10T11:03:24","slug":"cosrx-advanced-snail-96-mucin-power-essence-facial-essence","status":"publish","type":"product","link":"https:\/\/purama.lt\/ee\/produktas\/cosrx-advanced-snail-96-mucin-power-essence-veido-esencija\/","title":{"rendered":"COSRX Advanced Snail 96 Mucin Power Essence n\u00e4oessentsiaal"},"content":{"rendered":"<h4 class=\"wp-block-heading\">Kuidas toimib COSRX Advanced Snail 96 Mucin Power Essence?<\/h4>\n\n\n\n<ul class=\"wp-block-list\">\n<li>Niisutab intensiivselt ja annab nahale loomuliku s\u00e4ra<\/li>\n\n\n\n<li>Aitab taastada naha elastsust ja v\u00e4hendada peente joonte ja kortsude ilmnemist.<\/li>\n\n\n\n<li>Tugevdab naha kaitsebarj\u00e4\u00e4ri ja v\u00e4hendab \u00e4rritust.<\/li>\n\n\n\n<li>Stimuleerib naha regenereerimist, aitab v\u00e4hendada armide ja muhkude teket<\/li>\n<\/ul>\n\n\n\n<h4 class=\"wp-block-heading\">Kuidas kasutada?<\/h4>\n\n\n\n<ol class=\"wp-block-list\">\n<li>P\u00e4rast puhastamist ja toniseerimist kanna v\u00e4ike kogus essentsi puhtale nahale.<\/li>\n\n\n\n<li>Parema imendumise tagamiseks masseerige \u00f5rnalt s\u00f5rmedega.<\/li>\n\n\n\n<li>J\u00e4tkake oma tavap\u00e4rast nahahooldusrutiini seerumi ja kreemiga.<\/li>\n\n\n\n<li>V\u00f5ib kasutada nii hommikul kui ka \u00f5htul.<\/li>\n<\/ol>\n\n\n\n<p><strong>Koostisained: <\/strong>filtreeritud ekstrakt tigude sekretist, niisutavad komponendid, nahka kaitsvad ained, antioks\u00fcdandid.<\/p>\n\n\n\n<p><strong>COSRX Advanced Snail 96 Mucin Power Essence<\/strong> - Intensiivselt niisutav ja nahka taastav essents, mis tagab kauakestva mugavuse ja terve s\u00e4ra.<\/p>\n\n\n\n<p>Kas otsite rohkem? Vaadake t\u00e4ielikku <a href=\"\/ee\/tootesildid\/cosrx\/\">COSRX tooted<\/a>.<\/p>","protected":false},"excerpt":{"rendered":"<p><strong>COSRX Advanced Snail 96 Mucin Power Essence<\/strong> - kontsentreeritud, intensiivselt niisutav ja parandav n\u00e4oessents koos <strong>96% filtreeritud ekstrakt tigude sekretsioonist<\/strong>mis aitab <strong>toidab, kaitseb ja taastab nahka<\/strong>j\u00e4ttes selle pehmeks, elastseks ja loomuliku s\u00e4raga. Kerge, kuid s\u00fcgavalt t\u00f5hus koostis <strong>v\u00e4hendab \u00e4rritust, tugevdab naha kaitsebarj\u00e4\u00e4ri ja stimuleerib loomulikku taastumisprotsessi.<\/strong>.<\/p>\n<h4>Miks valida COSRX Advanced Snail 96 Mucin Power Essence?<\/h4>\n<p>\u2714 96% Tigu sekretsiooni ekstrakt - niisutab intensiivselt, rahustab ja aitab nahka parandada.<br \/>\u2714 Kerge, kuid toitev koostis - imendub kiiresti, j\u00e4tmata kleepuvat tunnet.<br \/>\u2714 Tugevdab naha kaitsebarj\u00e4\u00e4ri - kaitseb keskkonnategurite ja deh\u00fcdratsiooni eest.<br \/>\u2714 Stimuleerib naha regenereerimist - aitab siluda naha tekstuuri ja v\u00e4hendada armistumist.<br \/>\u2714 Sobib k\u00f5ikidele nahat\u00fc\u00fcpidele, eriti tundlikule, kuivale ja \u00e4rritunud nahale.<\/p>","protected":false},"featured_media":32156,"comment_status":"open","ping_status":"closed","template":"","meta":{"_acf_changed":false},"product_brand":[418],"product_cat":[92,56,59],"product_tag":[],"class_list":{"0":"post-32102","1":"product","2":"type-product","3":"status-publish","4":"has-post-thumbnail","6":"product_brand-cosrx","7":"product_cat-groziui","8":"product_cat-veido-serumai","9":"product_cat-veidui","11":"first","12":"instock","13":"shipping-taxable","14":"purchasable","15":"product-type-simple"},"acf":[],"tiered_pricing_type":"fixed","tiered_pricing_fixed_rules":[],"tiered_pricing_product_settings":{"layout":"default","base_unit_name":{"singular":null,"plural":null},"default_variation":null},"tiered_pricing_minimum_quantity":null,"tiered_pricing_roles_data":[],"tiered_pricing_percentage_rules":[],"_links":{"self":[{"href":"https:\/\/purama.lt\/ee\/wp-json\/wp\/v2\/product\/32102","targetHints":{"allow":["GET"]}}],"collection":[{"href":"https:\/\/purama.lt\/ee\/wp-json\/wp\/v2\/product"}],"about":[{"href":"https:\/\/purama.lt\/ee\/wp-json\/wp\/v2\/types\/product"}],"replies":[{"embeddable":true,"href":"https:\/\/purama.lt\/ee\/wp-json\/wp\/v2\/comments?post=32102"}],"wp:featuredmedia":[{"embeddable":true,"href":"https:\/\/purama.lt\/ee\/wp-json\/wp\/v2\/media\/32156"}],"wp:attachment":[{"href":"https:\/\/purama.lt\/ee\/wp-json\/wp\/v2\/media?parent=32102"}],"wp:term":[{"taxonomy":"product_brand","embeddable":true,"href":"https:\/\/purama.lt\/ee\/wp-json\/wp\/v2\/product_brand?post=32102"},{"taxonomy":"product_cat","embeddable":true,"href":"https:\/\/purama.lt\/ee\/wp-json\/wp\/v2\/product_cat?post=32102"},{"taxonomy":"product_tag","embeddable":true,"href":"https:\/\/purama.lt\/ee\/wp-json\/wp\/v2\/product_tag?post=32102"}],"curies":[{"name":"wp","href":"https:\/\/api.w.org\/{rel}","templated":true}]}}