{"id":32101,"date":"2025-02-04T13:13:38","date_gmt":"2025-02-04T13:13:38","guid":{"rendered":"https:\/\/purama.lt\/produktas\/nordic-nutris-guminukai-cbn-sleep-gummies\/"},"modified":"2026-04-14T07:56:06","modified_gmt":"2026-04-14T05:56:06","slug":"nordic-nutris-gummies-cbd-sleep-gummies","status":"publish","type":"product","link":"https:\/\/purama.lt\/ee\/produktas\/nordic-nutris-guminukai-cbd-sleep-gummies\/","title":{"rendered":"NORDIC NUTRIS CBD Sleep Gummies"},"content":{"rendered":"<h4 class=\"wp-block-heading\"><strong>Tarbimine<\/strong><\/h4>\n\n\n\n<p>V\u00f5tke 1-2 n\u00e4rimiskummi p\u00e4evas, 30-60 minutit enne magamaminekut.<br>V\u00e4ltige p\u00e4rast tarbimist eredaid valgusteid ja ekraane<br>\u00c4rge \u00fcletage soovitatud annust<\/p>\n\n\n\n<p><strong>Koostisosad<\/strong><br>cbd, melatoniin, taimeekstraktid, looduslikud l\u00f5hna- ja maitseained, magusained<\/p>\n\n\n\n<p><\/p>","protected":false},"excerpt":{"rendered":"<p data-start=\"0\" data-end=\"584\"><strong data-start=\"16\" data-end=\"53\">Nordic Nutris - CBD Sleep Gummies<\/strong> naturaalsed, spetsiaalselt CBD-d sisaldavad kummikud, mis on m\u00f5eldud kasutamiseks <strong data-start=\"109\" data-end=\"129\">l\u00f5\u00f5gastumiseks<\/strong> ja <strong data-start=\"133\" data-end=\"150\">une kvaliteet<\/strong> toetus. Sisaldab <strong data-start=\"180\" data-end=\"202\">Cannabidiol (CBD)<\/strong>, <strong data-start=\"204\" data-end=\"219\">melatoniin<\/strong> ja <strong data-start=\"223\" data-end=\"248\">taimeekstraktid<\/strong> aitab kehal valmistuda puhkuseks, toetab <strong data-start=\"296\" data-end=\"325\">rahulikum ja s\u00fcgavam uni<\/strong> ja \u00fcldine emotsionaalne tasakaal. Melatoniini seostatakse <strong data-start=\"381\" data-end=\"407\">loomulikud uner\u00fctmid<\/strong> reguleerimine, mist\u00f5ttu valitakse see sageli \u00f5htuste rutiinide jaoks. Koostis on deklareeritud j\u00e4rgmiselt <strong data-start=\"492\" data-end=\"532\">ei sisalda kunstlikke v\u00e4rvaineid ega s\u00e4ilitusaineid<\/strong>, ja n\u00e4rimiskummide kuju teeb selle igap\u00e4evaseks kasutamiseks mugavaks.<\/p>\n<p data-start=\"586\" data-end=\"862\"><strong data-start=\"586\" data-end=\"609\">Miks valida<\/strong><br data-start=\"609\" data-end=\"612\" \/><strong data-start=\"612\" data-end=\"618\">\u2714\ufe0f<\/strong> aitab l\u00f5\u00f5gastuda ja leevendada pingeid<br data-start=\"660\" data-end=\"663\" \/><strong data-start=\"663\" data-end=\"669\">\u2714\ufe0f<\/strong> melatoniiniga, et toetada loomulikku uner\u00fctmi<br data-start=\"717\" data-end=\"720\" \/><strong data-start=\"720\" data-end=\"726\">\u2714\ufe0f<\/strong> cbd ja taimeekstraktidega \u00f5htuseks rutiiniks<br data-start=\"775\" data-end=\"778\" \/><strong data-start=\"778\" data-end=\"784\">\u2714\ufe0f<\/strong> ei sisalda kunstlikke v\u00e4rvaineid ega s\u00e4ilitusaineid<br data-start=\"821\" data-end=\"824\" \/><strong data-start=\"824\" data-end=\"830\">\u2714\ufe0f<\/strong> mugav ja maitsev tarbimisviis<\/p>","protected":false},"featured_media":32140,"comment_status":"open","ping_status":"closed","template":"","meta":{"_acf_changed":false},"product_brand":[444],"product_cat":[112,109,92,61],"product_tag":[],"class_list":{"0":"post-32101","1":"product","2":"type-product","3":"status-publish","4":"has-post-thumbnail","6":"product_brand-nordic-nutris","7":"product_cat-guminukai","8":"product_cat-cbd-uzkandziai","9":"product_cat-groziui","10":"product_cat-ramybei","12":"first","13":"instock","14":"shipping-taxable","15":"purchasable","16":"product-type-simple"},"acf":[],"tiered_pricing_type":"fixed","tiered_pricing_fixed_rules":[],"tiered_pricing_product_settings":{"layout":"default","base_unit_name":{"singular":null,"plural":null},"default_variation":null},"tiered_pricing_minimum_quantity":null,"tiered_pricing_roles_data":[],"tiered_pricing_percentage_rules":[],"_links":{"self":[{"href":"https:\/\/purama.lt\/ee\/wp-json\/wp\/v2\/product\/32101","targetHints":{"allow":["GET"]}}],"collection":[{"href":"https:\/\/purama.lt\/ee\/wp-json\/wp\/v2\/product"}],"about":[{"href":"https:\/\/purama.lt\/ee\/wp-json\/wp\/v2\/types\/product"}],"replies":[{"embeddable":true,"href":"https:\/\/purama.lt\/ee\/wp-json\/wp\/v2\/comments?post=32101"}],"wp:featuredmedia":[{"embeddable":true,"href":"https:\/\/purama.lt\/ee\/wp-json\/wp\/v2\/media\/32140"}],"wp:attachment":[{"href":"https:\/\/purama.lt\/ee\/wp-json\/wp\/v2\/media?parent=32101"}],"wp:term":[{"taxonomy":"product_brand","embeddable":true,"href":"https:\/\/purama.lt\/ee\/wp-json\/wp\/v2\/product_brand?post=32101"},{"taxonomy":"product_cat","embeddable":true,"href":"https:\/\/purama.lt\/ee\/wp-json\/wp\/v2\/product_cat?post=32101"},{"taxonomy":"product_tag","embeddable":true,"href":"https:\/\/purama.lt\/ee\/wp-json\/wp\/v2\/product_tag?post=32101"}],"curies":[{"name":"wp","href":"https:\/\/api.w.org\/{rel}","templated":true}]}}