{"id":32099,"date":"2025-02-04T13:13:37","date_gmt":"2025-02-04T13:13:37","guid":{"rendered":"https:\/\/purama.lt\/produktas\/nordic-nutris-kapsules-eat-less\/"},"modified":"2026-02-11T12:35:07","modified_gmt":"2026-02-11T10:35:07","slug":"soma-sap-kapslid-soovad-vahem-soogiisu-ja-kehakaalu-kontrollimiseks","status":"publish","type":"product","link":"https:\/\/purama.lt\/ee\/produktas\/soma-sap-kapsules-eat-less-apetito-ir-svorio-kontrolei\/","title":{"rendered":"Soma Sap kapslid s\u00f6\u00f6vad v\u00e4hem s\u00f6\u00f6giisu ja kehakaalu kontrollimiseks"},"content":{"rendered":"<p><strong>Tarbimine<\/strong><br>V\u00f5tke 1-2 kapslit p\u00e4evas, eelistatavalt 30 minutit enne s\u00f6\u00f6ki.<br>V\u00f5tke klaas vett<br>\u00c4rge \u00fcletage soovitatud p\u00e4evast annust<\/p>\n\n\n\n<p><strong>Koostisosad<\/strong><br>taimeekstraktid, kiudained, kroom, looduslikud mikroelemendid, seedimist toetavad komponendid<\/p>\n\n\n\n<p><\/p>\n\n\n\n<p><\/p>\n\n\n\n<p><\/p>","protected":false},"excerpt":{"rendered":"<p data-start=\"0\" data-end=\"559\"><strong data-start=\"16\" data-end=\"48\">SOMA SAP - S\u00f6\u00f6 v\u00e4hem kapsleid<\/strong> looduslik toidulisand <strong data-start=\"84\" data-end=\"105\">s\u00f6\u00f6giisu kontrollimiseks<\/strong> ja tasakaalustatud toitumisharjumuste s\u00e4ilitamine. Sisaldab <strong data-start=\"168\" data-end=\"215\">taimeekstraktid, kiudained ja kroom<\/strong> aitab teil end kauem t\u00e4isv\u00e4\u00e4rtuslikuna tunda, aitab teil kontrollida suupistete isu ja s\u00e4ilitada \u00fchtlasemat energiatasakaalu kogu p\u00e4eva jooksul. Kiudained aitavad kaasa seedimise mugavusele ja <strong data-start=\"393\" data-end=\"404\">kroom<\/strong> on mikroelement, mis aitab kaasa <strong data-start=\"444\" data-end=\"493\">normaalse veresuhkru taseme s\u00e4ilitamine<\/strong> - See v\u00f5ib olla asjakohane, kui soovite v\u00e4hem \u00e4kilisi n\u00e4lja \u201elaineid\u201c.<\/p>\n<p data-start=\"561\" data-end=\"862\"><strong data-start=\"561\" data-end=\"584\">Miks valida<\/strong><br data-start=\"584\" data-end=\"587\" \/><strong data-start=\"587\" data-end=\"593\">\u2714\ufe0f<\/strong> 1-2 kapslit p\u00e4evas - lihtne rutiin<br data-start=\"634\" data-end=\"637\" \/><strong data-start=\"637\" data-end=\"643\">\u2714\ufe0f<\/strong> kiudainetega, mis annab k\u00fcllastustunde.<br data-start=\"689\" data-end=\"692\" \/><strong data-start=\"692\" data-end=\"698\">\u2714\ufe0f<\/strong> kroomiga normaalse gl\u00fckoositaseme s\u00e4ilitamiseks<br data-start=\"746\" data-end=\"749\" \/><strong data-start=\"749\" data-end=\"755\">\u2714\ufe0f<\/strong> aitab v\u00e4hendada impulsiivset suupisteid<br data-start=\"794\" data-end=\"797\" \/><strong data-start=\"797\" data-end=\"803\">\u2714\ufe0f<\/strong> sobib neile, kes otsivad tasakaalustatud toitumist ja kaalutasakaalu<\/p>","protected":false},"featured_media":32174,"comment_status":"open","ping_status":"closed","template":"","meta":{"_acf_changed":true},"product_brand":[456],"product_cat":[123,261,260,266,263,267,262,264,265],"product_tag":[],"class_list":{"0":"post-32099","1":"product","2":"type-product","3":"status-publish","4":"has-post-thumbnail","6":"product_brand-soma-sap","7":"product_cat-papildai-ilgaamziskumui","8":"product_cat-cukraus-balansas","9":"product_cat-energijai-ir-apykaitai","10":"product_cat-fermentai-ir-virskinimas","11":"product_cat-fizine-istverme","12":"product_cat-kepenu-detoksas","13":"product_cat-medziagu-apykaita","14":"product_cat-virskinimui-ir-detoksui","15":"product_cat-zarnynas-ir-mikrobioma","17":"first","18":"instock","19":"shipping-taxable","20":"purchasable","21":"product-type-simple"},"acf":[],"tiered_pricing_type":"fixed","tiered_pricing_fixed_rules":[],"tiered_pricing_product_settings":{"layout":"default","base_unit_name":{"singular":null,"plural":null},"default_variation":null},"tiered_pricing_minimum_quantity":null,"tiered_pricing_roles_data":[],"tiered_pricing_percentage_rules":[],"_links":{"self":[{"href":"https:\/\/purama.lt\/ee\/wp-json\/wp\/v2\/product\/32099","targetHints":{"allow":["GET"]}}],"collection":[{"href":"https:\/\/purama.lt\/ee\/wp-json\/wp\/v2\/product"}],"about":[{"href":"https:\/\/purama.lt\/ee\/wp-json\/wp\/v2\/types\/product"}],"replies":[{"embeddable":true,"href":"https:\/\/purama.lt\/ee\/wp-json\/wp\/v2\/comments?post=32099"}],"wp:featuredmedia":[{"embeddable":true,"href":"https:\/\/purama.lt\/ee\/wp-json\/wp\/v2\/media\/32174"}],"wp:attachment":[{"href":"https:\/\/purama.lt\/ee\/wp-json\/wp\/v2\/media?parent=32099"}],"wp:term":[{"taxonomy":"product_brand","embeddable":true,"href":"https:\/\/purama.lt\/ee\/wp-json\/wp\/v2\/product_brand?post=32099"},{"taxonomy":"product_cat","embeddable":true,"href":"https:\/\/purama.lt\/ee\/wp-json\/wp\/v2\/product_cat?post=32099"},{"taxonomy":"product_tag","embeddable":true,"href":"https:\/\/purama.lt\/ee\/wp-json\/wp\/v2\/product_tag?post=32099"}],"curies":[{"name":"wp","href":"https:\/\/api.w.org\/{rel}","templated":true}]}}