{"id":32095,"date":"2025-02-04T13:13:36","date_gmt":"2025-02-04T13:13:36","guid":{"rendered":"https:\/\/purama.lt\/produktas\/sooo-immune-chaga-ekstraktas\/"},"modified":"2026-04-14T15:01:45","modified_gmt":"2026-04-14T13:01:45","slug":"niioo-immuunne-chaga-ekstrakt","status":"publish","type":"product","link":"https:\/\/purama.lt\/ee\/produktas\/sooo-immune-chaga-ekstraktas\/","title":{"rendered":"SOOO Immune Chaga ekstrakt"},"content":{"rendered":"<h4 class=\"wp-block-heading\"><strong>Kuidas toimib SOOO Immune?<\/strong><\/h4>\n\n\n\n<ul class=\"wp-block-list\">\n<li><strong>Tugevdab keha vastupanu<\/strong>, toetab immuuns\u00fcsteemi toimimist<\/li>\n\n\n\n<li><strong>Kaitseb oks\u00fcdatiivse stressi eest<\/strong>, annab nahale loomuliku s\u00e4ra<\/li>\n\n\n\n<li><strong>Parandab \u00fcldist heaolu<\/strong>, aitab v\u00f5idelda v\u00e4simuse ja stressi vastu<\/li>\n\n\n\n<li><strong>Toetab seedes\u00fcsteemi<\/strong>, soodustades organismi loomulikku detoksikatsiooni.<\/li>\n<\/ul>\n\n\n\n<h4 class=\"wp-block-heading\"><strong>Kuidas kasutada?<\/strong><\/h4>\n\n\n\n<ol class=\"wp-block-list\">\n<li><strong>1-2 kapslit p\u00e4evas<\/strong>s\u00f5ltuvalt n\u00f5udlusest.<\/li>\n\n\n\n<li>Soovitatav kasutamine <strong>ryte<\/strong>et toetada teie energiat ja immuuns\u00fcsteemi kogu p\u00e4eva jooksul.<\/li>\n\n\n\n<li>V\u00f5tke koos klaasi veega v\u00f5i lisage oma hommikuse joogi hulka.<\/li>\n<\/ol>\n\n\n\n<p><strong>Koostisained: <\/strong>Kontsentreeritud Chaga (Inonotus obliquus) ekstrakt, taimne kapsel (tselluloos).<\/p>\n\n\n\n<p><strong>SOOO immuunne<\/strong> -<strong> <\/strong>loomulik immuunsuse kaitse ja s\u00e4rav nahk iga p\u00e4ev!<\/p>","protected":false},"excerpt":{"rendered":"<p data-start=\"78\" data-end=\"441\"><strong data-start=\"78\" data-end=\"93\">SOOO immuunne<\/strong> - see on v\u00e4ga kontsentreeritud <strong data-start=\"119\" data-end=\"147\">Chaga (Chaga) ekstrakt<\/strong>. <strong data-start=\"157\" data-end=\"260\">tugevdab immuuns\u00fcsteemi, toetab organismi \u00fcldist immuunsust ja soodustab loomulikku s\u00e4ra<\/strong>. Ekstraheeritud k\u00f5rgeima kvaliteediga <strong data-start=\"295\" data-end=\"319\">Alaska Chaga seen<\/strong>, see v\u00e4ljav\u00f5te sisaldab <strong data-start=\"340\" data-end=\"393\">9-11 korda tugevam kui tavaline Chaga pulber.<\/strong>, tagades kehale maksimaalse kasu.<\/p>\n<p data-start=\"443\" data-end=\"485\"><strong data-start=\"447\" data-end=\"483\">Miks valida SOOO Immune?<\/strong><\/p>\n<p data-start=\"486\" data-end=\"1003\">\u2714 <strong data-start=\"488\" data-end=\"516\">Tugevdab immuuns\u00fcsteemi<\/strong> - toetab organismi loomulikku kaitset viiruste ja bakterite vastu.<br data-start=\"578\" data-end=\"581\" \/>\u2714 <strong data-start=\"583\" data-end=\"607\">S\u00e4ilitab s\u00e4rava naha<\/strong> - Toimib v\u00f5imsa antioks\u00fcdandina, mis aitab s\u00e4ilitada nooruslikku nahka.<br data-start=\"686\" data-end=\"689\" \/>\u2714 <strong data-start=\"691\" data-end=\"715\">K\u00f5rge kontsentratsioon<\/strong> - kuni 11 korda tugevam kui tavaline Chaga pulber.<br data-start=\"774\" data-end=\"777\" \/>\u2714 <strong data-start=\"779\" data-end=\"811\">V\u00e4hendab p\u00f5letikulisi protsesse<\/strong> - aitab organismil v\u00f5idelda oks\u00fcdatiivse stressi vastu<br data-start=\"860\" data-end=\"863\" \/>\u2714 <strong data-start=\"865\" data-end=\"896\">Toetab seedetrakti tervist<\/strong> - parandab soolestiku mikrofloora tasakaalu.<br data-start=\"933\" data-end=\"936\" \/>\u2714 <strong data-start=\"938\" data-end=\"957\">100 % naturaalne<\/strong> - ei sisalda s\u00fcnteetilisi lisandeid, v\u00e4rvaineid ega t\u00e4iteaineid.<\/p>","protected":false},"featured_media":32431,"comment_status":"open","ping_status":"closed","template":"","meta":{"_acf_changed":false},"product_brand":[457],"product_cat":[123,253,252,500],"product_tag":[],"class_list":{"0":"post-32095","1":"product","2":"type-product","3":"status-publish","4":"has-post-thumbnail","6":"product_brand-sooo-me","7":"product_cat-papildai-ilgaamziskumui","8":"product_cat-imuniteto-palaikymas","9":"product_cat-imunitetui","10":"product_cat-outlet","12":"first","13":"instock","14":"sale","15":"shipping-taxable","16":"purchasable","17":"product-type-simple"},"acf":[],"tiered_pricing_type":"fixed","tiered_pricing_fixed_rules":[],"tiered_pricing_product_settings":{"layout":"default","base_unit_name":{"singular":null,"plural":null},"default_variation":null},"tiered_pricing_minimum_quantity":null,"tiered_pricing_roles_data":[],"tiered_pricing_percentage_rules":[],"_links":{"self":[{"href":"https:\/\/purama.lt\/ee\/wp-json\/wp\/v2\/product\/32095","targetHints":{"allow":["GET"]}}],"collection":[{"href":"https:\/\/purama.lt\/ee\/wp-json\/wp\/v2\/product"}],"about":[{"href":"https:\/\/purama.lt\/ee\/wp-json\/wp\/v2\/types\/product"}],"replies":[{"embeddable":true,"href":"https:\/\/purama.lt\/ee\/wp-json\/wp\/v2\/comments?post=32095"}],"wp:featuredmedia":[{"embeddable":true,"href":"https:\/\/purama.lt\/ee\/wp-json\/wp\/v2\/media\/32431"}],"wp:attachment":[{"href":"https:\/\/purama.lt\/ee\/wp-json\/wp\/v2\/media?parent=32095"}],"wp:term":[{"taxonomy":"product_brand","embeddable":true,"href":"https:\/\/purama.lt\/ee\/wp-json\/wp\/v2\/product_brand?post=32095"},{"taxonomy":"product_cat","embeddable":true,"href":"https:\/\/purama.lt\/ee\/wp-json\/wp\/v2\/product_cat?post=32095"},{"taxonomy":"product_tag","embeddable":true,"href":"https:\/\/purama.lt\/ee\/wp-json\/wp\/v2\/product_tag?post=32095"}],"curies":[{"name":"wp","href":"https:\/\/api.w.org\/{rel}","templated":true}]}}