{"id":32009,"date":"2025-01-24T11:36:35","date_gmt":"2025-01-24T11:36:35","guid":{"rendered":"https:\/\/purama.lt\/produktas\/magu-space-kanapiu-guminukai-su-svarainiais\/"},"modified":"2026-04-13T15:27:01","modified_gmt":"2026-04-13T13:27:01","slug":"magu-space-kanapiu-guminukai-su-svarainiais","status":"publish","type":"product","link":"https:\/\/purama.lt\/ee\/produktas\/magu-space-kanapiu-guminukai-su-svarainiais\/","title":{"rendered":"MAGU SPACE kuljus maitsestatud k\u00fcpsised meega"},"content":{"rendered":"<p><strong>Koostis:<\/strong> gliukoz\u0117s sirupas, cukrus, \u017eelatina, nat\u016bral\u016bs svaraini\u0173 aromatai, kanapi\u0173 ekstraktas, r\u016bg\u0161tingum\u0105 reguliuojan\u010dios med\u017eiagos, da\u017eikliai.<\/p>","protected":false},"excerpt":{"rendered":"<p><strong>MAGU SPACE kuljus maitsestatud k\u00fcpsised meega<\/strong> \u2013 gardus ir nat\u016bralus pasirinkimas tiems, kurie ie\u0161ko ne tik saldumo, bet ir papildomos naudos. \u0160ie guminukai, praturtinti auk\u0161tos kokyb\u0117s kanapi\u0173 ekstraktu, sujungia subtil\u0173 svaraini\u0173 skon\u012f ir malon\u0173 tekst\u016bros poj\u016bt\u012f. Puikus pasirinkimas kasdieniam u\u017ekand\u017eiavimui ar atsipalaidavimo akimirkoms.<\/p>","protected":false},"featured_media":32022,"comment_status":"open","ping_status":"closed","template":"","meta":{"_acf_changed":false},"product_brand":[],"product_cat":[109,112,60,61],"product_tag":[],"class_list":{"0":"post-32009","1":"product","2":"type-product","3":"status-publish","4":"has-post-thumbnail","6":"product_cat-cbd-uzkandziai","7":"product_cat-guminukai","8":"product_cat-mitybai","9":"product_cat-ramybei","11":"first","12":"outofstock","13":"shipping-taxable","14":"purchasable","15":"product-type-simple"},"acf":[],"tiered_pricing_type":"fixed","tiered_pricing_fixed_rules":[],"tiered_pricing_product_settings":{"layout":"default","base_unit_name":{"singular":null,"plural":null},"default_variation":null},"tiered_pricing_minimum_quantity":null,"tiered_pricing_roles_data":[],"tiered_pricing_percentage_rules":[],"_links":{"self":[{"href":"https:\/\/purama.lt\/ee\/wp-json\/wp\/v2\/product\/32009","targetHints":{"allow":["GET"]}}],"collection":[{"href":"https:\/\/purama.lt\/ee\/wp-json\/wp\/v2\/product"}],"about":[{"href":"https:\/\/purama.lt\/ee\/wp-json\/wp\/v2\/types\/product"}],"replies":[{"embeddable":true,"href":"https:\/\/purama.lt\/ee\/wp-json\/wp\/v2\/comments?post=32009"}],"wp:featuredmedia":[{"embeddable":true,"href":"https:\/\/purama.lt\/ee\/wp-json\/wp\/v2\/media\/32022"}],"wp:attachment":[{"href":"https:\/\/purama.lt\/ee\/wp-json\/wp\/v2\/media?parent=32009"}],"wp:term":[{"taxonomy":"product_brand","embeddable":true,"href":"https:\/\/purama.lt\/ee\/wp-json\/wp\/v2\/product_brand?post=32009"},{"taxonomy":"product_cat","embeddable":true,"href":"https:\/\/purama.lt\/ee\/wp-json\/wp\/v2\/product_cat?post=32009"},{"taxonomy":"product_tag","embeddable":true,"href":"https:\/\/purama.lt\/ee\/wp-json\/wp\/v2\/product_tag?post=32009"}],"curies":[{"name":"wp","href":"https:\/\/api.w.org\/{rel}","templated":true}]}}