{"id":32005,"date":"2025-01-24T11:36:34","date_gmt":"2025-01-24T11:36:34","guid":{"rendered":"https:\/\/purama.lt\/produktas\/hayejin-pale-green-stangrinancios-hidrogelio-paakiu-kaukes\/"},"modified":"2026-04-10T13:03:24","modified_gmt":"2026-04-10T11:03:24","slug":"hayejin-kahvaturohelised-pinguldavad-hudrogeel-silmamaskid","status":"publish","type":"product","link":"https:\/\/purama.lt\/ee\/produktas\/hayejin-pale-green-stangrinancios-hidrogelio-paakiu-kaukes\/","title":{"rendered":"HAYEJIN Pale Green pinguldav h\u00fcdrogeel silmamaskid"},"content":{"rendered":"<p><strong>Koostis:<\/strong> vesi, h\u00fcaluroonhape, niatsinamiid, peptiidid, aloe vera lehemahl, rohelise tee ekstrakt, pantenool, kummeli ekstrakt, looduslikud \u00f5lid, antioks\u00fcdandid.<\/p>","protected":false},"excerpt":{"rendered":"<p><strong>HAYEJIN Pale Green pinguldav h\u00fcdrogeel silmamaskid<\/strong> - intensiivne pinguldamine ja niiskuse lisamine kulmudele! Looduslike taimeekstraktide ja peptiididega rikastatud h\u00fcdrogeelimaskid aitavad v\u00e4hendada peeneid jooni ja kortse, elavdada v\u00e4sinud silmalaugusid ja muuta need elastsemaks. Maskide geelstruktuur on meeldivalt jahutav ja kohandub ideaalselt silmapiirkonnale, tagades aktiivsete koostisosade \u00fchtlase imendumise. P\u00e4rast kasutamist n\u00e4eb nahk siledam, s\u00e4ravam ja puhanud v\u00e4lja.<\/p>","protected":false},"featured_media":32019,"comment_status":"open","ping_status":"closed","template":"","meta":{"_acf_changed":false},"product_brand":[427],"product_cat":[92,500,142,59],"product_tag":[],"class_list":{"0":"post-32005","1":"product","2":"type-product","3":"status-publish","4":"has-post-thumbnail","6":"product_brand-hayejin","7":"product_cat-groziui","8":"product_cat-outlet","9":"product_cat-veido-kaukes","10":"product_cat-veidui","12":"first","13":"instock","14":"sale","15":"shipping-taxable","16":"purchasable","17":"product-type-simple"},"acf":[],"tiered_pricing_type":"fixed","tiered_pricing_fixed_rules":[],"tiered_pricing_product_settings":{"layout":"default","base_unit_name":{"singular":null,"plural":null},"default_variation":null},"tiered_pricing_minimum_quantity":null,"tiered_pricing_roles_data":[],"tiered_pricing_percentage_rules":[],"_links":{"self":[{"href":"https:\/\/purama.lt\/ee\/wp-json\/wp\/v2\/product\/32005","targetHints":{"allow":["GET"]}}],"collection":[{"href":"https:\/\/purama.lt\/ee\/wp-json\/wp\/v2\/product"}],"about":[{"href":"https:\/\/purama.lt\/ee\/wp-json\/wp\/v2\/types\/product"}],"replies":[{"embeddable":true,"href":"https:\/\/purama.lt\/ee\/wp-json\/wp\/v2\/comments?post=32005"}],"wp:featuredmedia":[{"embeddable":true,"href":"https:\/\/purama.lt\/ee\/wp-json\/wp\/v2\/media\/32019"}],"wp:attachment":[{"href":"https:\/\/purama.lt\/ee\/wp-json\/wp\/v2\/media?parent=32005"}],"wp:term":[{"taxonomy":"product_brand","embeddable":true,"href":"https:\/\/purama.lt\/ee\/wp-json\/wp\/v2\/product_brand?post=32005"},{"taxonomy":"product_cat","embeddable":true,"href":"https:\/\/purama.lt\/ee\/wp-json\/wp\/v2\/product_cat?post=32005"},{"taxonomy":"product_tag","embeddable":true,"href":"https:\/\/purama.lt\/ee\/wp-json\/wp\/v2\/product_tag?post=32005"}],"curies":[{"name":"wp","href":"https:\/\/api.w.org\/{rel}","templated":true}]}}