{"id":32004,"date":"2025-01-24T11:36:34","date_gmt":"2025-01-24T11:36:34","guid":{"rendered":"https:\/\/purama.lt\/produktas\/hayejin-cuddle-of-flowers-drekinamosios-lakstines-veido-kaukes\/"},"modified":"2026-04-10T13:03:24","modified_gmt":"2026-04-10T11:03:24","slug":"hayejin-cuddle-lillede-niisutav-naomaskid","status":"publish","type":"product","link":"https:\/\/purama.lt\/ee\/produktas\/hayejin-cuddle-of-flowers-drekinamosios-lakstines-veido-kaukes\/","title":{"rendered":"HAYEJIN Cuddle of Flowers Niisutavad n\u00e4omaskid"},"content":{"rendered":"<p><strong>Koostis:<\/strong> vesi, lilleekstraktid (kummel, roos, jasmiin), h\u00fcaluroonhape, gl\u00fctseriin, niatsinamiid, aloe vera lehtede mahl, pantenool, looduslikud niisutajad, antioks\u00fcdandid.<\/p>","protected":false},"excerpt":{"rendered":"<p><strong>HAYEJIN Cuddle of Flowers Niisutavad n\u00e4omaskid<\/strong> - intensiivne niisutus ja \u00f5rn nahahooldus lilleekstraktidega! Need lehtmaskid on rikastatud erinevate lilleekstraktidega, mis niisutavad nahka intensiivselt, aitavad taastada selle elastsust ja annavad sellele loomuliku s\u00e4ra. Lehtede pehme ja \u00f5rn tekstuur kohandub ideaalselt n\u00e4okontuuridega, tagades aktiivsete koostisainete \u00fchtlase jaotumise. P\u00e4rast kasutamist tundub nahk v\u00e4rske, niisutatud ja sile, nagu oleks seda puudutanud kroonlehed.<\/p>","protected":false},"featured_media":32016,"comment_status":"open","ping_status":"closed","template":"","meta":{"_acf_changed":false},"product_brand":[427],"product_cat":[92,142,59],"product_tag":[],"class_list":{"0":"post-32004","1":"product","2":"type-product","3":"status-publish","4":"has-post-thumbnail","6":"product_brand-hayejin","7":"product_cat-groziui","8":"product_cat-veido-kaukes","9":"product_cat-veidui","11":"first","12":"outofstock","13":"shipping-taxable","14":"purchasable","15":"product-type-simple"},"acf":[],"tiered_pricing_type":"fixed","tiered_pricing_fixed_rules":[],"tiered_pricing_product_settings":{"layout":"default","base_unit_name":{"singular":null,"plural":null},"default_variation":null},"tiered_pricing_minimum_quantity":null,"tiered_pricing_roles_data":[],"tiered_pricing_percentage_rules":[],"_links":{"self":[{"href":"https:\/\/purama.lt\/ee\/wp-json\/wp\/v2\/product\/32004","targetHints":{"allow":["GET"]}}],"collection":[{"href":"https:\/\/purama.lt\/ee\/wp-json\/wp\/v2\/product"}],"about":[{"href":"https:\/\/purama.lt\/ee\/wp-json\/wp\/v2\/types\/product"}],"replies":[{"embeddable":true,"href":"https:\/\/purama.lt\/ee\/wp-json\/wp\/v2\/comments?post=32004"}],"wp:featuredmedia":[{"embeddable":true,"href":"https:\/\/purama.lt\/ee\/wp-json\/wp\/v2\/media\/32016"}],"wp:attachment":[{"href":"https:\/\/purama.lt\/ee\/wp-json\/wp\/v2\/media?parent=32004"}],"wp:term":[{"taxonomy":"product_brand","embeddable":true,"href":"https:\/\/purama.lt\/ee\/wp-json\/wp\/v2\/product_brand?post=32004"},{"taxonomy":"product_cat","embeddable":true,"href":"https:\/\/purama.lt\/ee\/wp-json\/wp\/v2\/product_cat?post=32004"},{"taxonomy":"product_tag","embeddable":true,"href":"https:\/\/purama.lt\/ee\/wp-json\/wp\/v2\/product_tag?post=32004"}],"curies":[{"name":"wp","href":"https:\/\/api.w.org\/{rel}","templated":true}]}}