{"id":32003,"date":"2025-01-24T11:36:34","date_gmt":"2025-01-24T11:36:34","guid":{"rendered":"https:\/\/purama.lt\/produktas\/hayejin-cuddle-of-tea-tree-raminamosios-lakstines-veido-kaukes\/"},"modified":"2026-04-10T13:03:24","modified_gmt":"2026-04-10T11:03:24","slug":"hayejin-cuddle-teepuu-rahustav-naomaskid","status":"publish","type":"product","link":"https:\/\/purama.lt\/ee\/produktas\/hayejin-cuddle-of-tea-tree-raminamosios-lakstines-veido-kaukes\/","title":{"rendered":"HAYEJIN Cuddle of Tea Tree rahustavad n\u00e4omaskid"},"content":{"rendered":"<p><strong>Koostisained:<\/strong> vesi, teepuuekstrakt, gl\u00fctseriin, h\u00fcaluroonhape, niatsinamiid, pantenool, aloe vera lehemahl, kummeli ekstrakt, looduslikud niisutajad, taimeekstraktid.<\/p>","protected":false},"excerpt":{"rendered":"<p><strong>HAYEJIN Cuddle of Tea Tree rahustavad n\u00e4omaskid<\/strong> - \u00f5rn leevendus \u00e4rritunud nahale! Need teepuuekstraktiga rikastatud lehtmaskid rahustavad ja niisutavad t\u00f5husalt ning aitavad taastada naha loomulikku tasakaalu. Teepuu antibakteriaalsed omadused v\u00e4hendavad punetust ja \u00e4rritust, samas kui seerumi kerge tekstuur annab v\u00e4rske ja mugava tunde. Pehme lina kohandub ideaalselt n\u00e4o kontuuridega, tagades aktiivsete koostisosade \u00fchtlase jaotumise. P\u00e4rast kasutamist j\u00e4\u00e4b nahk pehmeks, rahulikuks ja tervena s\u00e4ravateks.<\/p>","protected":false},"featured_media":32018,"comment_status":"open","ping_status":"closed","template":"","meta":{"_acf_changed":false},"product_brand":[427],"product_cat":[92,142,59],"product_tag":[],"class_list":{"0":"post-32003","1":"product","2":"type-product","3":"status-publish","4":"has-post-thumbnail","6":"product_brand-hayejin","7":"product_cat-groziui","8":"product_cat-veido-kaukes","9":"product_cat-veidui","11":"first","12":"outofstock","13":"shipping-taxable","14":"purchasable","15":"product-type-simple"},"acf":[],"tiered_pricing_type":"fixed","tiered_pricing_fixed_rules":[],"tiered_pricing_product_settings":{"layout":"default","base_unit_name":{"singular":null,"plural":null},"default_variation":null},"tiered_pricing_minimum_quantity":null,"tiered_pricing_roles_data":[],"tiered_pricing_percentage_rules":[],"_links":{"self":[{"href":"https:\/\/purama.lt\/ee\/wp-json\/wp\/v2\/product\/32003","targetHints":{"allow":["GET"]}}],"collection":[{"href":"https:\/\/purama.lt\/ee\/wp-json\/wp\/v2\/product"}],"about":[{"href":"https:\/\/purama.lt\/ee\/wp-json\/wp\/v2\/types\/product"}],"replies":[{"embeddable":true,"href":"https:\/\/purama.lt\/ee\/wp-json\/wp\/v2\/comments?post=32003"}],"wp:featuredmedia":[{"embeddable":true,"href":"https:\/\/purama.lt\/ee\/wp-json\/wp\/v2\/media\/32018"}],"wp:attachment":[{"href":"https:\/\/purama.lt\/ee\/wp-json\/wp\/v2\/media?parent=32003"}],"wp:term":[{"taxonomy":"product_brand","embeddable":true,"href":"https:\/\/purama.lt\/ee\/wp-json\/wp\/v2\/product_brand?post=32003"},{"taxonomy":"product_cat","embeddable":true,"href":"https:\/\/purama.lt\/ee\/wp-json\/wp\/v2\/product_cat?post=32003"},{"taxonomy":"product_tag","embeddable":true,"href":"https:\/\/purama.lt\/ee\/wp-json\/wp\/v2\/product_tag?post=32003"}],"curies":[{"name":"wp","href":"https:\/\/api.w.org\/{rel}","templated":true}]}}