{"id":32002,"date":"2025-01-24T11:36:34","date_gmt":"2025-01-24T11:36:34","guid":{"rendered":"https:\/\/purama.lt\/produktas\/hayejin-cuddle-of-jeju-oxygen-water-energizuojancios-lakstines-veido-kaukes\/"},"modified":"2026-04-10T13:03:23","modified_gmt":"2026-04-10T11:03:23","slug":"hayejin-cuddle-of-jeju-hapniku-vee-energiseeriv-naomaskid","status":"publish","type":"product","link":"https:\/\/purama.lt\/ee\/produktas\/hayejin-cuddle-of-jeju-oxygen-water-energizuojancios-lakstines-veido-kaukes\/","title":{"rendered":"HAYEJIN Cuddle of Jeju Oxygen Water Energiseeriv n\u00e4omaskid"},"content":{"rendered":"<p><strong>Koostis:<\/strong> Vesi, Jeju saare hapnikuga rikastatud vesi, gl\u00fctseriin, h\u00fcaluroonhape, niatsinamiid, aloe vera ekstrakt, kummeli ekstrakt, pantenool, looduslikud niisutajad, taimeekstraktid.<\/p>","protected":false},"excerpt":{"rendered":"<p><strong>HAYEJIN Cuddle of Jeju Oxygen Water Energiseeriv n\u00e4omaskid<\/strong> - v\u00e4rskuse ja energia puhang teie nahale! Need Jeju saare hapnikurikka veega rikastatud lehtmaskid niisutavad nahka intensiivselt, taastavad ja elavdavad seda. Looduslikud ekstraktid ja niisutavad koostisained aitavad parandada naha toonust, anda tervislikku s\u00e4ra ja ennetada kuivust. Pehme lina kohandub ideaalselt n\u00e4ole, tagades toimeainete \u00fchtlase jaotumise. P\u00e4rast kasutamist n\u00e4eb nahk v\u00e4lja puhanud, v\u00e4rskendav ja energiline.<\/p>","protected":false},"featured_media":32017,"comment_status":"open","ping_status":"closed","template":"","meta":{"_acf_changed":false},"product_brand":[427],"product_cat":[92,500,142,59],"product_tag":[],"class_list":{"0":"post-32002","1":"product","2":"type-product","3":"status-publish","4":"has-post-thumbnail","6":"product_brand-hayejin","7":"product_cat-groziui","8":"product_cat-outlet","9":"product_cat-veido-kaukes","10":"product_cat-veidui","12":"first","13":"instock","14":"sale","15":"shipping-taxable","16":"purchasable","17":"product-type-simple"},"acf":[],"tiered_pricing_type":"fixed","tiered_pricing_fixed_rules":[],"tiered_pricing_product_settings":{"layout":"default","base_unit_name":{"singular":null,"plural":null},"default_variation":null},"tiered_pricing_minimum_quantity":null,"tiered_pricing_roles_data":[],"tiered_pricing_percentage_rules":[],"_links":{"self":[{"href":"https:\/\/purama.lt\/ee\/wp-json\/wp\/v2\/product\/32002","targetHints":{"allow":["GET"]}}],"collection":[{"href":"https:\/\/purama.lt\/ee\/wp-json\/wp\/v2\/product"}],"about":[{"href":"https:\/\/purama.lt\/ee\/wp-json\/wp\/v2\/types\/product"}],"replies":[{"embeddable":true,"href":"https:\/\/purama.lt\/ee\/wp-json\/wp\/v2\/comments?post=32002"}],"wp:featuredmedia":[{"embeddable":true,"href":"https:\/\/purama.lt\/ee\/wp-json\/wp\/v2\/media\/32017"}],"wp:attachment":[{"href":"https:\/\/purama.lt\/ee\/wp-json\/wp\/v2\/media?parent=32002"}],"wp:term":[{"taxonomy":"product_brand","embeddable":true,"href":"https:\/\/purama.lt\/ee\/wp-json\/wp\/v2\/product_brand?post=32002"},{"taxonomy":"product_cat","embeddable":true,"href":"https:\/\/purama.lt\/ee\/wp-json\/wp\/v2\/product_cat?post=32002"},{"taxonomy":"product_tag","embeddable":true,"href":"https:\/\/purama.lt\/ee\/wp-json\/wp\/v2\/product_tag?post=32002"}],"curies":[{"name":"wp","href":"https:\/\/api.w.org\/{rel}","templated":true}]}}