{"id":32001,"date":"2025-01-24T11:36:33","date_gmt":"2025-01-24T11:36:33","guid":{"rendered":"https:\/\/purama.lt\/produktas\/hayejin-blessing-of-sprout-praturtintos-serumo-lakstines-veido-kaukes\/"},"modified":"2026-04-10T13:03:23","modified_gmt":"2026-04-10T11:03:23","slug":"hayejin-blessing-of-sprout-rikastatud-seerumiga-naomaskid","status":"publish","type":"product","link":"https:\/\/purama.lt\/ee\/produktas\/hayejin-blessing-of-sprout-praturtintos-serumo-lakstines-veido-kaukes\/","title":{"rendered":"HAYEJIN Blessing of Sprout Enriched Serum Sheet Face Masks"},"content":{"rendered":"<p><strong>Koostis:<\/strong> vesi, roheliste v\u00f5rsete ekstrakt, h\u00fcaluroonhape, niatsiinamiid, pantenool, aloe vera lehemahl, kummeli ekstrakt, taimeekstraktid, looduslikud niisutajad, antioks\u00fcdandid.<\/p>","protected":false},"excerpt":{"rendered":"<p><strong>HAYEJIN Blessing of Sprout Enriched Serum Sheet Face Masks<\/strong> - intensiivne niiskus ja toitmine teie nahale \u00fches lehega! Need maskid on rikastatud kontsentreeritud seerumiga, mis sisaldab roheliste v\u00f5rsete ekstrakte, mis toidavad, niisutavad ja elavdavad nahka, andes sellele terve s\u00e4ra. Leht on valmistatud pehmest materjalist, mis kohandub ideaalselt n\u00e4o kontuuridega, tagades seerumi \u00fchtlase jaotumise. P\u00e4rast kasutamist on nahk pehme, niisutatud ja eluj\u00f5uline. Ideaalne k\u00f5ikidele nahat\u00fc\u00fcpidele, eriti kui soovitakse kiiret ja t\u00f5husat tulemust.<\/p>","protected":false},"featured_media":32025,"comment_status":"open","ping_status":"closed","template":"","meta":{"_acf_changed":false},"product_brand":[427],"product_cat":[92,142,59],"product_tag":[],"class_list":{"0":"post-32001","1":"product","2":"type-product","3":"status-publish","4":"has-post-thumbnail","6":"product_brand-hayejin","7":"product_cat-groziui","8":"product_cat-veido-kaukes","9":"product_cat-veidui","11":"first","12":"outofstock","13":"shipping-taxable","14":"purchasable","15":"product-type-simple"},"acf":[],"tiered_pricing_type":"fixed","tiered_pricing_fixed_rules":[],"tiered_pricing_product_settings":{"layout":"default","base_unit_name":{"singular":null,"plural":null},"default_variation":null},"tiered_pricing_minimum_quantity":null,"tiered_pricing_roles_data":[],"tiered_pricing_percentage_rules":[],"_links":{"self":[{"href":"https:\/\/purama.lt\/ee\/wp-json\/wp\/v2\/product\/32001","targetHints":{"allow":["GET"]}}],"collection":[{"href":"https:\/\/purama.lt\/ee\/wp-json\/wp\/v2\/product"}],"about":[{"href":"https:\/\/purama.lt\/ee\/wp-json\/wp\/v2\/types\/product"}],"replies":[{"embeddable":true,"href":"https:\/\/purama.lt\/ee\/wp-json\/wp\/v2\/comments?post=32001"}],"wp:featuredmedia":[{"embeddable":true,"href":"https:\/\/purama.lt\/ee\/wp-json\/wp\/v2\/media\/32025"}],"wp:attachment":[{"href":"https:\/\/purama.lt\/ee\/wp-json\/wp\/v2\/media?parent=32001"}],"wp:term":[{"taxonomy":"product_brand","embeddable":true,"href":"https:\/\/purama.lt\/ee\/wp-json\/wp\/v2\/product_brand?post=32001"},{"taxonomy":"product_cat","embeddable":true,"href":"https:\/\/purama.lt\/ee\/wp-json\/wp\/v2\/product_cat?post=32001"},{"taxonomy":"product_tag","embeddable":true,"href":"https:\/\/purama.lt\/ee\/wp-json\/wp\/v2\/product_tag?post=32001"}],"curies":[{"name":"wp","href":"https:\/\/api.w.org\/{rel}","templated":true}]}}