{"id":32000,"date":"2025-01-24T11:36:33","date_gmt":"2025-01-24T11:36:33","guid":{"rendered":"https:\/\/purama.lt\/produktas\/hayejin-blessing-of-sprout-paakiu-kremas-nuo-rauksliu\/"},"modified":"2026-04-10T13:03:23","modified_gmt":"2026-04-10T11:03:23","slug":"hayejin-blessing-of-sprout-anti-pigment-silmakreem","status":"publish","type":"product","link":"https:\/\/purama.lt\/ee\/produktas\/hayejin-blessing-of-sprout-paakiu-kremas-nuo-rauksliu\/","title":{"rendered":"HAYEJIN Blessing of Sprout Anti-Wrinkle Eye Cream silmakreem"},"content":{"rendered":"<p><strong>Koostis:<\/strong> vesi, roheliste v\u00f5rsete ekstrakt, h\u00fcaluroonhape, niatsiinamiid, pantenool, aloe vera lehemahl, kummeli ekstrakt, looduslikud \u00f5lid, antioks\u00fcdandid, taimeekstraktid.<\/p>","protected":false},"excerpt":{"rendered":"<p><strong>HAYEJIN Blessing of Sprout Anti-Wrinkle Eye Cream silmakreem<\/strong> - intensiivne abi v\u00e4sinud kulmudele! See kreem on rikastatud roheliste v\u00f5rsete looduslike ekstraktidega ja niisutavate ainetega, mis aitavad v\u00e4hendada kortse, pehmendada tumedaid ringe ja v\u00e4rskendada nahka. Selle kerge tekstuur imendub kiiresti ja niisutab ideaalselt, j\u00e4tmata rasvast tunnet. Ideaalne valik igap\u00e4evaseks hoolduseks, et hoida silmaalune nahk s\u00e4rava, sileda ja noorusliku v\u00e4ljan\u00e4gemisega.<\/p>","protected":false},"featured_media":32023,"comment_status":"open","ping_status":"closed","template":"","meta":{"_acf_changed":false},"product_brand":[427],"product_cat":[92,500,55,59],"product_tag":[],"class_list":{"0":"post-32000","1":"product","2":"type-product","3":"status-publish","4":"has-post-thumbnail","6":"product_brand-hayejin","7":"product_cat-groziui","8":"product_cat-outlet","9":"product_cat-veido-kremai","10":"product_cat-veidui","12":"first","13":"instock","14":"sale","15":"shipping-taxable","16":"purchasable","17":"product-type-simple"},"acf":[],"tiered_pricing_type":"fixed","tiered_pricing_fixed_rules":[],"tiered_pricing_product_settings":{"layout":"default","base_unit_name":{"singular":null,"plural":null},"default_variation":null},"tiered_pricing_minimum_quantity":null,"tiered_pricing_roles_data":[],"tiered_pricing_percentage_rules":[],"_links":{"self":[{"href":"https:\/\/purama.lt\/ee\/wp-json\/wp\/v2\/product\/32000","targetHints":{"allow":["GET"]}}],"collection":[{"href":"https:\/\/purama.lt\/ee\/wp-json\/wp\/v2\/product"}],"about":[{"href":"https:\/\/purama.lt\/ee\/wp-json\/wp\/v2\/types\/product"}],"replies":[{"embeddable":true,"href":"https:\/\/purama.lt\/ee\/wp-json\/wp\/v2\/comments?post=32000"}],"wp:featuredmedia":[{"embeddable":true,"href":"https:\/\/purama.lt\/ee\/wp-json\/wp\/v2\/media\/32023"}],"wp:attachment":[{"href":"https:\/\/purama.lt\/ee\/wp-json\/wp\/v2\/media?parent=32000"}],"wp:term":[{"taxonomy":"product_brand","embeddable":true,"href":"https:\/\/purama.lt\/ee\/wp-json\/wp\/v2\/product_brand?post=32000"},{"taxonomy":"product_cat","embeddable":true,"href":"https:\/\/purama.lt\/ee\/wp-json\/wp\/v2\/product_cat?post=32000"},{"taxonomy":"product_tag","embeddable":true,"href":"https:\/\/purama.lt\/ee\/wp-json\/wp\/v2\/product_tag?post=32000"}],"curies":[{"name":"wp","href":"https:\/\/api.w.org\/{rel}","templated":true}]}}