{"id":31858,"date":"2025-01-20T19:28:44","date_gmt":"2025-01-20T19:28:44","guid":{"rendered":"https:\/\/purama.lt\/produktas\/l-cell-trans-resveratrolis-300mg-kapsules-60-vnt\/"},"modified":"2026-04-07T12:49:27","modified_gmt":"2026-04-07T10:49:27","slug":"l-cell-trans-resveratrol-300mg-kapslid-60-tk","status":"publish","type":"product","link":"https:\/\/purama.lt\/ee\/produktas\/l-cell-trans-resveratrolis-300mg-kapsules-60-vnt\/","title":{"rendered":"L Cell Trans Resveratrol (300mg kapslid, 60 t\u00fckki)"},"content":{"rendered":"<p><strong>Tarbimine:<\/strong><br>V\u00f5tke 2 kapslit hommikul koos klaasi veega koos toiduga. Optimaalse toime saavutamiseks on soovitatav v\u00f5tta iga p\u00e4ev ilma katkestusteta.<\/p>\n\n\n\n<hr class=\"wp-block-separator has-alpha-channel-opacity\"\/>\n\n\n\n<p><strong>Koostisained:<\/strong> Jaapani ninasarvik (sisaldab v\u00e4hemalt 98 % trans-resveratrooli), kapslikest (h\u00fcpromelloos), tsingigl\u00fckonaat, tiamiinvesinikkloriid, kolekaltsiferool.<\/p>\n\n\n\n<hr class=\"wp-block-separator has-alpha-channel-opacity\"\/>\n\n\n\n<p><strong>Toitev\u00e4\u00e4rtus<\/strong> (2 kapslit):<\/p>\n\n\n\n<figure class=\"wp-block-table\"><table class=\"has-fixed-layout\"><thead><tr><th><strong>Toitained<\/strong><\/th><th><strong>Kogus<\/strong><\/th><th><strong>% RMV*<\/strong><\/th><\/tr><\/thead><tbody><tr><td>Jaapani Reinuthria ekstrakt (98% trans-resveratrooli)<\/td><td>600 mg<\/td><td><strong>-<\/strong><\/td><\/tr><tr><td>Tsink<\/td><td>1,5 mg<\/td><td>15%<\/td><\/tr><tr><td>Tiamiin (B1-vitamiin)<\/td><td>0,165 mg<\/td><td>15%<\/td><\/tr><tr><td>D3-vitamiin<\/td><td>0,75 \u00b5g<\/td><td>15%<\/td><\/tr><\/tbody><\/table><\/figure>\n\n\n\n<p>*RMV - viitetoitev\u00e4\u00e4rtus<br>**RMV ei ole t\u00e4psustatud<\/p>\n\n\n\n<p><strong>Algaja juhend:<\/strong> Ratsionaalset algust ja 5 parima pikaealisuse toidulisandi nimekirja aastaks 2026 leiate siit: <a href=\"https:\/\/purama.lt\/ee\/pikaealisuse-toidulisandid-algajatele-2026\/\">Top 5 pikaealisuse toidulisandit algajatele aastal 2026: kust alustada?<\/a><\/p>\n\n\n\n<p><a href=\"https:\/\/drive.google.com\/file\/d\/1jVWwSHJelxX165DdWy2uaN9lRuosche8\/view\" target=\"_blank\" rel=\"noreferrer noopener\">COA sertifikaat<\/a><\/p>\n\n\n\n<p>Kas otsite rohkem? Vaadake t\u00e4ielikku <a href=\"\/ee\/tootesildid\/l-cell\/\">L Cell sortimenti<\/a>.<\/p>","protected":false},"excerpt":{"rendered":"<p data-start=\"212\" data-end=\"288\"><strong data-start=\"216\" data-end=\"288\">L Cell Trans Resveratrol - kontsentreeritud rakukaitse kapslites\u00a0<\/strong><strong data-start=\"290\" data-end=\"313\">L Cell Resveratrol\u00ae<\/strong> - on k\u00f5rge kontsentratsiooniga trans-resveratrooli toidulisand mugavas kapslivormis. \u00dcks p\u00e4evane annus sisaldab koguni 600 mg toimeainet, mis aitab toetada tervet s\u00fcdametegevust, v\u00e4hendada p\u00f5letikku ja edendada tervislikku vananemist.<\/p>\n<p data-start=\"571\" data-end=\"599\"><strong data-start=\"575\" data-end=\"599\">Miks valida:<br \/><\/strong>\u2714\ufe0f <strong data-start=\"604\" data-end=\"654\">Tugev ja kontsentreeritud annus - 600 mg p\u00e4evas.<\/strong><br data-start=\"654\" data-end=\"657\" \/>\u2714\ufe0f <strong data-start=\"660\" data-end=\"696\">Kardiovaskulaarne funktsioon<\/strong> - aitab s\u00e4ilitada normaalset s\u00fcdametegevust<br data-start=\"737\" data-end=\"740\" \/>\u2714\ufe0f <strong data-start=\"743\" data-end=\"780\">Liigeste mugavuse ja luude tervise tagamiseks<\/strong> - p\u00f5letikuvastane ja toetab luude tervist<br data-start=\"833\" data-end=\"836\" \/>\u2714\ufe0f <strong data-start=\"839\" data-end=\"866\">Raku pikaealisuse tagamiseks<\/strong> - toimib senomorfse ja antioks\u00fcdantidena<br data-start=\"911\" data-end=\"914\" \/>\u2714\ufe0f <strong data-start=\"917\" data-end=\"967\">&gt;98% puhtus Jaapani Reinuthria ekstraktist<\/strong><br data-start=\"967\" data-end=\"970\" \/>\u2714\ufe0f <strong data-start=\"973\" data-end=\"1028\">Kapsli kujul - mugav kasutada igal pool ja igal ajal<\/strong><br data-start=\"1028\" data-end=\"1031\" \/>\u2714\ufe0f <strong data-start=\"1034\" data-end=\"1079\">Ei sisalda GMOsid, v\u00e4rvaineid, s\u00e4ilitusaineid ega allergeene.<\/strong><br data-start=\"1079\" data-end=\"1082\" \/>\u2714\ufe0f <strong data-start=\"1085\" data-end=\"1106\">Vegan valemiga<\/strong> - HPMC taimse p\u00e4ritoluga kapslid<br data-start=\"1139\" data-end=\"1142\" data-is-only-node=\"\" \/>\u2714\ufe0f <strong data-start=\"1145\" data-end=\"1181\">Laboris kontrollitud kvaliteet<\/strong> - regulaarsed puhtuse ja ohutuse testid<\/p>\n<p><strong>Kohaletoimetamine Leedus:<\/strong> 2-3 t\u00f6\u00f6p\u00e4eva.<\/p>","protected":false},"featured_media":31880,"comment_status":"open","ping_status":"closed","template":"","meta":{"_acf_changed":false},"product_brand":[433],"product_cat":[122,253,252,279,280,248,255,123],"product_tag":[],"class_list":{"0":"post-31858","1":"product","2":"type-product","3":"status-publish","4":"has-post-thumbnail","6":"product_brand-l-cell","7":"product_cat-lasteliu-jaunystei","8":"product_cat-imuniteto-palaikymas","9":"product_cat-imunitetui","10":"product_cat-kaulams-ir-sanariams","11":"product_cat-kaulu-stiprinimas","12":"product_cat-nad-ir-mitochondrijos","13":"product_cat-oksidacinio-streso-mazinimas","14":"product_cat-papildai-ilgaamziskumui","16":"first","17":"instock","18":"shipping-taxable","19":"purchasable","20":"product-type-simple"},"acf":[],"tiered_pricing_type":"fixed","tiered_pricing_fixed_rules":[],"tiered_pricing_product_settings":{"layout":"default","base_unit_name":{"singular":null,"plural":null},"default_variation":null},"tiered_pricing_minimum_quantity":null,"tiered_pricing_roles_data":[],"tiered_pricing_percentage_rules":[],"_links":{"self":[{"href":"https:\/\/purama.lt\/ee\/wp-json\/wp\/v2\/product\/31858","targetHints":{"allow":["GET"]}}],"collection":[{"href":"https:\/\/purama.lt\/ee\/wp-json\/wp\/v2\/product"}],"about":[{"href":"https:\/\/purama.lt\/ee\/wp-json\/wp\/v2\/types\/product"}],"replies":[{"embeddable":true,"href":"https:\/\/purama.lt\/ee\/wp-json\/wp\/v2\/comments?post=31858"}],"wp:featuredmedia":[{"embeddable":true,"href":"https:\/\/purama.lt\/ee\/wp-json\/wp\/v2\/media\/31880"}],"wp:attachment":[{"href":"https:\/\/purama.lt\/ee\/wp-json\/wp\/v2\/media?parent=31858"}],"wp:term":[{"taxonomy":"product_brand","embeddable":true,"href":"https:\/\/purama.lt\/ee\/wp-json\/wp\/v2\/product_brand?post=31858"},{"taxonomy":"product_cat","embeddable":true,"href":"https:\/\/purama.lt\/ee\/wp-json\/wp\/v2\/product_cat?post=31858"},{"taxonomy":"product_tag","embeddable":true,"href":"https:\/\/purama.lt\/ee\/wp-json\/wp\/v2\/product_tag?post=31858"}],"curies":[{"name":"wp","href":"https:\/\/api.w.org\/{rel}","templated":true}]}}