{"id":31857,"date":"2025-01-20T19:28:44","date_gmt":"2025-01-20T19:28:44","guid":{"rendered":"https:\/\/purama.lt\/produktas\/l-cell-tmg-betainas-milteliai-90g\/"},"modified":"2026-04-07T12:43:59","modified_gmt":"2026-04-07T10:43:59","slug":"l-raku-tmg-betaiinipulber-90g","status":"publish","type":"product","link":"https:\/\/purama.lt\/ee\/produktas\/l-cell-tmg-betainas-milteliai-90g\/","title":{"rendered":"L Cell TMG Betaine (pulber, 90g)"},"content":{"rendered":"<p><strong>Tarbimine:<\/strong><br>1 m\u00f5\u00f5telusikat\u00e4is (umbes 500 mg) hommikus\u00f6\u00f6giks ja 1 m\u00f5\u00f5telusikat\u00e4is l\u00f5unas\u00f6\u00f6giks. V\u00f5tke koos vee v\u00f5i muu vedelikuga s\u00f6\u00f6gi ajal.<\/p>\n\n\n\n<hr class=\"wp-block-separator has-alpha-channel-opacity\"\/>\n\n\n\n<p><strong>Koostisained:<\/strong> Trimet\u00fc\u00fclgl\u00fctsiin (TMG betaiin), tsingigl\u00fckonaat, tiamiinvesinikkloriid.<\/p>\n\n\n\n<p><a href=\"https:\/\/drive.google.com\/file\/d\/1Q_GBz_RPeh4BW_GBQuGKBtCmybVQViy1\/view\" target=\"_blank\" rel=\"noreferrer noopener\">COA sertifikaat<\/a><\/p>\n\n\n\n<p>Kas otsite rohkem? Vaadake t\u00e4ielikku <a href=\"\/ee\/tootesildid\/l-cell\/\">L Cell sortimenti<\/a>.<\/p>","protected":false},"excerpt":{"rendered":"<p data-start=\"239\" data-end=\"298\"><strong data-start=\"243\" data-end=\"298\">L Cell TMG Betaine - s\u00fcdamele, meelele ja energiale\u00a0<\/strong><strong data-start=\"300\" data-end=\"323\">L Cell TMG Betaine\u00ae<\/strong> - on puhas trimet\u00fc\u00fclgl\u00fctsiini (TMG) pulbriline valem, mis on m\u00f5eldud s\u00fcdame-, vereringe- ja n\u00e4rvis\u00fcsteemi toetamiseks. Iga annus sisaldab 1000 mg toimeainet, mis toimib met\u00fc\u00fclr\u00fchma doonorina, suurendades NAD+ eelainete (nt NMN v\u00f5i NR) toimet ja aidates kaasa rakkude pikaealisusele. TMG aitab reguleerida homots\u00fcsteiini taset veres, toetab normaalset s\u00fcdamefunktsiooni, ps\u00fchholoogilist heaolu ja v\u00f5ib parandada hapniku kasutamist spordi ajal. <\/p>\n<p><strong data-start=\"800\" data-end=\"824\"> Miks valida:<br \/><\/strong>\u2714\ufe0f 1000 mg TMG betaiini p\u00e4evas on optimaalne annus.<br data-start=\"874\" data-end=\"877\" \/>\u2714\ufe0f Toetab s\u00fcdame-, vereringe- ja n\u00e4rvis\u00fcsteemi t\u00f6\u00f6d.<br data-start=\"935\" data-end=\"938\" \/>\u2714\ufe0f Toimib met\u00fc\u00fclr\u00fchma doonorina - raku pikaealisuse ja NAD+ s\u00fcnteesi jaoks.<br data-start=\"1017\" data-end=\"1020\" \/>\u2714\ufe0f &gt;98 % Puhtus, ilma GMOde, l\u00f5hna- ja maitseainete ning v\u00e4rvaineteta.<br data-start=\"1068\" data-end=\"1071\" \/>\u2714\ufe0f Sobib veganitele<br data-start=\"1088\" data-end=\"1091\" \/>\u2714\ufe0f Laboratoorselt kontrollitud kvaliteet - ei sisalda raskemetalle ega m\u00fckotoksiine.<br data-start=\"1160\" data-end=\"1163\" \/>\u2714\ufe0f 90+ p\u00e4evane pakend<\/p>\n<p data-start=\"239\" data-end=\"298\"><strong>Kohaletoimetamine Leedus:<\/strong> 2-3 t\u00f6\u00f6p\u00e4eva.<\/p>","protected":false},"featured_media":31893,"comment_status":"open","ping_status":"closed","template":"","meta":{"_acf_changed":false},"product_brand":[433],"product_cat":[122,260,263,262,248,123],"product_tag":[],"class_list":{"0":"post-31857","1":"product","2":"type-product","3":"status-publish","4":"has-post-thumbnail","6":"product_brand-l-cell","7":"product_cat-lasteliu-jaunystei","8":"product_cat-energijai-ir-apykaitai","9":"product_cat-fizine-istverme","10":"product_cat-medziagu-apykaita","11":"product_cat-nad-ir-mitochondrijos","12":"product_cat-papildai-ilgaamziskumui","14":"first","15":"instock","16":"shipping-taxable","17":"purchasable","18":"product-type-simple"},"acf":[],"tiered_pricing_type":"fixed","tiered_pricing_fixed_rules":[],"tiered_pricing_product_settings":{"layout":"default","base_unit_name":{"singular":null,"plural":null},"default_variation":null},"tiered_pricing_minimum_quantity":null,"tiered_pricing_roles_data":[],"tiered_pricing_percentage_rules":[],"_links":{"self":[{"href":"https:\/\/purama.lt\/ee\/wp-json\/wp\/v2\/product\/31857","targetHints":{"allow":["GET"]}}],"collection":[{"href":"https:\/\/purama.lt\/ee\/wp-json\/wp\/v2\/product"}],"about":[{"href":"https:\/\/purama.lt\/ee\/wp-json\/wp\/v2\/types\/product"}],"replies":[{"embeddable":true,"href":"https:\/\/purama.lt\/ee\/wp-json\/wp\/v2\/comments?post=31857"}],"wp:featuredmedia":[{"embeddable":true,"href":"https:\/\/purama.lt\/ee\/wp-json\/wp\/v2\/media\/31893"}],"wp:attachment":[{"href":"https:\/\/purama.lt\/ee\/wp-json\/wp\/v2\/media?parent=31857"}],"wp:term":[{"taxonomy":"product_brand","embeddable":true,"href":"https:\/\/purama.lt\/ee\/wp-json\/wp\/v2\/product_brand?post=31857"},{"taxonomy":"product_cat","embeddable":true,"href":"https:\/\/purama.lt\/ee\/wp-json\/wp\/v2\/product_cat?post=31857"},{"taxonomy":"product_tag","embeddable":true,"href":"https:\/\/purama.lt\/ee\/wp-json\/wp\/v2\/product_tag?post=31857"}],"curies":[{"name":"wp","href":"https:\/\/api.w.org\/{rel}","templated":true}]}}