{"id":31856,"date":"2025-01-20T19:28:44","date_gmt":"2025-01-20T19:28:44","guid":{"rendered":"https:\/\/purama.lt\/produktas\/l-cell-tmg-betainas-500mg-kapsules-60-vnt\/"},"modified":"2026-04-03T14:38:11","modified_gmt":"2026-04-03T12:38:11","slug":"l-cell-tmg-betaiin-500mg-kapslid-60-tk","status":"publish","type":"product","link":"https:\/\/purama.lt\/ee\/produktas\/l-cell-tmg-betainas-500mg-kapsules-60-vnt\/","title":{"rendered":"L Cell TMG Betaine (500mg kapslid, 60 t\u00fckki)"},"content":{"rendered":"<p><strong>Tarbimine:<\/strong><\/p>\n\n\n\n<p>V\u00f5tke 1 kapsel hommikul ja 1 kapsel l\u00f5una ajal koos klaasi veega.<\/p>\n\n\n\n<p><strong>Tooteinfo:<\/strong><\/p>\n\n\n\n<ul class=\"wp-block-list\">\n<li>60 kapslit pakendis<\/li>\n\n\n\n<li>500 mg TMG betaiini igas kapslis<\/li>\n\n\n\n<li>1000 mg\/p\u00e4evas (2 kapslit)<\/li>\n\n\n\n<li>30+ kasutamisp\u00e4eva<\/li>\n\n\n\n<li>Farmatseutiline tootmine<\/li>\n\n\n\n<li>Regulaarselt kontrollitakse puhtuse, raskemetallide ja m\u00fckotoksiinide suhtes.<\/li>\n<\/ul>\n\n\n\n<p><strong>Koostisained:<\/strong> Trimet\u00fc\u00fclgl\u00fctsiin, kapslikest (h\u00fcpromelloos - HPMC), tiamiinvesinikkloriid.<\/p>\n\n\n\n<p>Ideaalne neile, kes otsivad nutikat lahendust s\u00fcdame, emotsionaalse tervise ja pikaealisuse toetamiseks.<\/p>\n\n\n\n<p><a href=\"https:\/\/drive.google.com\/file\/d\/1Q_GBz_RPeh4BW_GBQuGKBtCmybVQViy1\/view\" target=\"_blank\" rel=\"noreferrer noopener\">COA sertifikaat<\/a><\/p>\n\n\n\n<p>Kas otsite rohkem? Vaadake t\u00e4ielikku <a href=\"\/ee\/tootesildid\/l-cell\/\">L Cell sortimenti<\/a>.<\/p>","protected":false},"excerpt":{"rendered":"<p><strong data-start=\"250\" data-end=\"273\">L Cell TMG Betaine\u00ae<\/strong> - on k\u00f5rge puhtusastmega valem, mis on m\u00f5eldud s\u00fcdamefunktsiooni, emotsionaalse tasakaalu ja pikaajalise eluj\u00f5u toetamiseks. Trimet\u00fc\u00fclgl\u00fctsiin (TMG) toimib met\u00fc\u00fclr\u00fchmade doonorina, mis aitab kaasa NAD+ eellaste (NMN v\u00f5i NR) paremale omastamisele, mis on otseselt seotud energia ja rakkude uuenemisega. Tootel, mida on t\u00e4iendatud B1-vitamiiniga, on positiivne m\u00f5ju n\u00e4rvis\u00fcsteemile ja ps\u00fchholoogilisele seisundile.<\/p>\n<p data-start=\"679\" data-end=\"697\"><strong data-start=\"683\" data-end=\"695\">Omadused:<br \/><\/strong>\u2714 Aitab kaasa normaalsele s\u00fcdamefunktsioonile<br data-start=\"740\" data-end=\"743\" \/>\u2714 Toetab ps\u00fchholoogilist ja n\u00e4rvis\u00fcsteemi funktsiooni<br data-start=\"792\" data-end=\"795\" \/>\u2714 Parandab NAD + l\u00e4hteainete (NMN, NR) t\u00f5husust.<br data-start=\"838\" data-end=\"841\" \/>\u2714 \u00dclipuhas koostis - rohkem kui 99% toimeainet<br data-start=\"901\" data-end=\"904\" \/>\u2714 Sobib veganitele - ei sisalda \u017eelatiini, ainult HPMC-kapslid<br data-start=\"954\" data-end=\"957\" \/>\u2714 GMOde, v\u00e4rv-, l\u00f5hna- ja maitseainete ning s\u00e4ilitusainete vaba.<\/p>\n<p data-start=\"679\" data-end=\"697\"><strong>Kohaletoimetamine Leedus:<\/strong> 2-3 t\u00f6\u00f6p\u00e4eva.<\/p>","protected":false},"featured_media":31879,"comment_status":"open","ping_status":"closed","template":"","meta":{"_acf_changed":false},"product_brand":[433],"product_cat":[122,272,253,252,123,269],"product_tag":[],"class_list":{"0":"post-31856","1":"product","2":"type-product","3":"status-publish","4":"has-post-thumbnail","6":"product_brand-l-cell","7":"product_cat-lasteliu-jaunystei","8":"product_cat-emocine-pusiausvyra","9":"product_cat-imuniteto-palaikymas","10":"product_cat-imunitetui","11":"product_cat-papildai-ilgaamziskumui","12":"product_cat-stresui-ir-miegui","14":"first","15":"instock","16":"shipping-taxable","17":"purchasable","18":"product-type-simple"},"acf":[],"tiered_pricing_type":"fixed","tiered_pricing_fixed_rules":[],"tiered_pricing_product_settings":{"layout":"default","base_unit_name":{"singular":null,"plural":null},"default_variation":null},"tiered_pricing_minimum_quantity":null,"tiered_pricing_roles_data":[],"tiered_pricing_percentage_rules":[],"_links":{"self":[{"href":"https:\/\/purama.lt\/ee\/wp-json\/wp\/v2\/product\/31856","targetHints":{"allow":["GET"]}}],"collection":[{"href":"https:\/\/purama.lt\/ee\/wp-json\/wp\/v2\/product"}],"about":[{"href":"https:\/\/purama.lt\/ee\/wp-json\/wp\/v2\/types\/product"}],"replies":[{"embeddable":true,"href":"https:\/\/purama.lt\/ee\/wp-json\/wp\/v2\/comments?post=31856"}],"wp:featuredmedia":[{"embeddable":true,"href":"https:\/\/purama.lt\/ee\/wp-json\/wp\/v2\/media\/31879"}],"wp:attachment":[{"href":"https:\/\/purama.lt\/ee\/wp-json\/wp\/v2\/media?parent=31856"}],"wp:term":[{"taxonomy":"product_brand","embeddable":true,"href":"https:\/\/purama.lt\/ee\/wp-json\/wp\/v2\/product_brand?post=31856"},{"taxonomy":"product_cat","embeddable":true,"href":"https:\/\/purama.lt\/ee\/wp-json\/wp\/v2\/product_cat?post=31856"},{"taxonomy":"product_tag","embeddable":true,"href":"https:\/\/purama.lt\/ee\/wp-json\/wp\/v2\/product_tag?post=31856"}],"curies":[{"name":"wp","href":"https:\/\/api.w.org\/{rel}","templated":true}]}}