{"id":31855,"date":"2025-01-20T19:28:44","date_gmt":"2025-01-20T19:28:44","guid":{"rendered":"https:\/\/purama.lt\/produktas\/l-cell-spermidinas-milteliai-15g\/"},"modified":"2026-04-14T14:32:19","modified_gmt":"2026-04-14T12:32:19","slug":"l-raku-spermidiini-pulber-15g","status":"publish","type":"product","link":"https:\/\/purama.lt\/ee\/produktas\/l-cell-spermidinas-milteliai-15g\/","title":{"rendered":"L Cell Spermidine (pulber, 15g)"},"content":{"rendered":"<p><strong>Tarbimine:<\/strong><\/p>\n\n\n\n<p>1 k\u00fchvel (umbes 6 mg spermidiini) - p\u00e4rast hommikus\u00f6\u00f6ki v\u00f5i p\u00e4rast vahelduvat paastumist. Segage vees v\u00f5i muus vedelikus ja jooge.<\/p>\n\n\n\n<p><strong>Tooteinfo:<\/strong><\/p>\n\n\n\n<ul class=\"wp-block-list\">\n<li>15 g neutraalse l\u00f5hna- ja maitsepulbrit<\/li>\n\n\n\n<li>0,5 ml m\u00f5\u00f5teklaas (6 mg spermidiini)<\/li>\n\n\n\n<li>Rohkem kui 30 p\u00e4eva kestvad portsjonid<\/li>\n\n\n\n<li>1,2 % kontsentratsioon - optimaalne omastamine<\/li>\n\n\n\n<li>Tootmine farmaatsiatoodete kvaliteedilaboris<\/li>\n\n\n\n<li>Regulaarselt kontrollitakse puhtuse, raskemetallide ja m\u00fckotoksiinide suhtes.<\/li>\n<\/ul>\n\n\n\n<p><strong>Koostisained:<\/strong> Tselluloos, spermidiintetrah\u00fcdrokloriid, tsingigl\u00fckonaat, tiamiinvesinikkloriid.<\/p>\n\n\n\n<p>Sobib igap\u00e4evaseks kasutamiseks. M\u00f5eldud toetama pikaealisust ja aktiveerima keha taastumisfunktsioone.<\/p>\n\n\n\n<p><strong>Algaja juhend:<\/strong> Ratsionaalset algust ja 5 parima pikaealisuse toidulisandi nimekirja aastaks 2026 leiate siit: <a href=\"https:\/\/purama.lt\/ee\/pikaealisuse-toidulisandid-algajatele-2026\/\">Top 5 pikaealisuse toidulisandit algajatele aastal 2026: kust alustada?<\/a><\/p>\n\n\n\n<p>Kas otsite rohkem? Vaadake t\u00e4ielikku <a href=\"\/ee\/tootesildid\/l-cell\/\">L Cell sortimenti<\/a>.<\/p>","protected":false},"excerpt":{"rendered":"<p><strong data-start=\"262\" data-end=\"284\">L Cell Spermidine\u00ae<\/strong> - on farmatseutilise kvaliteediga pulber, mis on loodud toetama keha rakkude taastumist, parandama ainevahetust ja edendama pikaealisust. Iga annus sisaldab 6 mg spermidiini, mis moduleerib loomulikult autofaagia protsesse, stimuleerib rakkude enesepuhastusmehhanisme ja aitab kaasa keha paremale tervisele. Seda on t\u00e4iendatud tsingi ja B1-vitamiiniga, mis avaldavad tugevdavat m\u00f5ju s\u00fcdamele, n\u00e4rvis\u00fcsteemile ja energia ainevahetusele.<\/p>\n<p data-start=\"731\" data-end=\"749\"><strong data-start=\"735\" data-end=\"747\">Omadused:<br \/><\/strong>\u2714 Stimuleerib autofaagiat - loomulikku rakkude taastumisprotsessi.<br data-start=\"812\" data-end=\"815\" \/>\u2714 Aitab kaasa normaalsele s\u00fcdame-, n\u00e4rvi- ja ps\u00fchholoogilisele funktsioonile.<br data-start=\"881\" data-end=\"884\" \/>\u2714 Toetab ainevahetust: s\u00fcsivesikud, rasvhapped ja makrotoitained<br data-start=\"961\" data-end=\"964\" \/>\u2714 Sobib vahelduvaks paastumiseks v\u00f5i igap\u00e4evaseks kasutamiseks<br data-start=\"1019\" data-end=\"1022\" \/>\u2714 Neutraalne maitse - seguneb kergesti vee v\u00f5i muude jookidega<br data-start=\"1086\" data-end=\"1089\" \/>\u2714 Sobib veganitele, ei sisalda GMOsid, v\u00e4rvaineid ega s\u00e4ilitusaineid.<\/p>","protected":false},"featured_media":31892,"comment_status":"open","ping_status":"closed","template":"","meta":{"_acf_changed":false},"product_brand":[433],"product_cat":[122,57,123,249],"product_tag":[],"class_list":{"0":"post-31855","1":"product","2":"type-product","3":"status-publish","4":"has-post-thumbnail","6":"product_brand-l-cell","7":"product_cat-lasteliu-jaunystei","8":"product_cat-akcijos","9":"product_cat-papildai-ilgaamziskumui","10":"product_cat-senolitikai","12":"first","13":"instock","14":"sale","15":"shipping-taxable","16":"purchasable","17":"product-type-simple"},"acf":[],"tiered_pricing_type":"fixed","tiered_pricing_fixed_rules":[],"tiered_pricing_product_settings":{"layout":"default","base_unit_name":{"singular":null,"plural":null},"default_variation":null},"tiered_pricing_minimum_quantity":null,"tiered_pricing_roles_data":[],"tiered_pricing_percentage_rules":[],"_links":{"self":[{"href":"https:\/\/purama.lt\/ee\/wp-json\/wp\/v2\/product\/31855","targetHints":{"allow":["GET"]}}],"collection":[{"href":"https:\/\/purama.lt\/ee\/wp-json\/wp\/v2\/product"}],"about":[{"href":"https:\/\/purama.lt\/ee\/wp-json\/wp\/v2\/types\/product"}],"replies":[{"embeddable":true,"href":"https:\/\/purama.lt\/ee\/wp-json\/wp\/v2\/comments?post=31855"}],"wp:featuredmedia":[{"embeddable":true,"href":"https:\/\/purama.lt\/ee\/wp-json\/wp\/v2\/media\/31892"}],"wp:attachment":[{"href":"https:\/\/purama.lt\/ee\/wp-json\/wp\/v2\/media?parent=31855"}],"wp:term":[{"taxonomy":"product_brand","embeddable":true,"href":"https:\/\/purama.lt\/ee\/wp-json\/wp\/v2\/product_brand?post=31855"},{"taxonomy":"product_cat","embeddable":true,"href":"https:\/\/purama.lt\/ee\/wp-json\/wp\/v2\/product_cat?post=31855"},{"taxonomy":"product_tag","embeddable":true,"href":"https:\/\/purama.lt\/ee\/wp-json\/wp\/v2\/product_tag?post=31855"}],"curies":[{"name":"wp","href":"https:\/\/api.w.org\/{rel}","templated":true}]}}