{"id":31854,"date":"2025-01-20T19:28:43","date_gmt":"2025-01-20T19:28:43","guid":{"rendered":"https:\/\/purama.lt\/produktas\/l-cell-spermidinas-3mg-kapsules-60-vnt\/"},"modified":"2026-04-14T14:32:37","modified_gmt":"2026-04-14T12:32:37","slug":"l-raku-spermidiin-3mg-kapslid-60-tk","status":"publish","type":"product","link":"https:\/\/purama.lt\/ee\/produktas\/l-cell-spermidinas-3mg-kapsules-60-vnt\/","title":{"rendered":"L Cell spermidiin (3mg kapslid, 60 t\u00fckki)"},"content":{"rendered":"<p><strong>Tarbimine:<\/strong> V\u00f5tke 1 kapsel hommikul ja \u00f5htul koos klaasi veega, eelistatavalt koos toiduga.<\/p>\n\n\n\n<hr class=\"wp-block-separator has-alpha-channel-opacity\"\/>\n\n\n\n<p><strong>Koostisained:<\/strong> Nisuiduainete ekstrakt (sisaldab 0,24 % spermidiini), kapsli kest (h\u00fcpromelloos), tsingigl\u00fckonaat, tiamiinvesinikkloriid.<\/p>\n\n\n\n<hr class=\"wp-block-separator has-alpha-channel-opacity\"\/>\n\n\n\n<p><strong>Toitev\u00e4\u00e4rtus<\/strong> (2 kapslit):<\/p>\n\n\n\n<figure class=\"wp-block-table\"><table class=\"has-fixed-layout\"><thead><tr><th><strong>Toitained<\/strong><\/th><th><strong>Kogus<\/strong><\/th><th><strong>% RMV*<\/strong><\/th><\/tr><\/thead><tbody><tr><td>Nisuiduainete ekstrakt<\/td><td>2500 mg<\/td><td>-<\/td><\/tr><tr><td>...millest spermidiin<\/td><td>6 mg<\/td><td>-<\/td><\/tr><tr><td>Tsink<\/td><td>1,5 mg<\/td><td>15 %<\/td><\/tr><tr><td>Tiamiin (B1-vitamiin)<\/td><td>0,165 mg<\/td><td>15 %<\/td><\/tr><\/tbody><\/table><\/figure>\n\n\n\n<p>*RMV - viitetoitev\u00e4\u00e4rtus<br>**RMV ei ole t\u00e4psustatud<\/p>\n\n\n\n<p><strong>Algaja juhend:<\/strong> Ratsionaalset algust ja 5 parima pikaealisuse toidulisandi nimekirja aastaks 2026 leiate siit: <a href=\"https:\/\/purama.lt\/ee\/pikaealisuse-toidulisandid-algajatele-2026\/\">Top 5 pikaealisuse toidulisandit algajatele aastal 2026: kust alustada?<\/a><\/p>\n\n\n\n<p>Kas otsite rohkem? Vaadake t\u00e4ielikku <a href=\"\/ee\/tootesildid\/l-cell\/\">L Cell sortimenti<\/a>.<\/p>","protected":false},"excerpt":{"rendered":"<p data-start=\"217\" data-end=\"290\"><strong data-start=\"221\" data-end=\"290\">L Cell Spermidiin - vallandage rakkude uuendamise potentsiaal.\u00a0<\/strong><strong data-start=\"292\" data-end=\"314\">L Cell Spermidine\u00ae<\/strong> - on t\u00e4iustatud looduslikust p\u00e4ritolust toidulisand, <strong>neile, kes otsivad pikaealisust, paremat ainevahetust ja selgemat meelt<\/strong>. Iga kapsel sisaldab 3 mg spermidiini kvaliteetsest nisuidu ekstraktist, mis toimib autofaagia modulaatorina - soodustab kahjustatud rakkude loomulikku \u201epuhastamist\u201c ja taastumist. Seda \u00fchendit seostatakse \u00fcha enam tervisliku vananemise, s\u00fcdame- ja n\u00e4rvis\u00fcsteemi funktsiooniga ning selle regulaarne kasutamine on biotehnoloogia ajastul muutumas heaolu igap\u00e4evaseks osaks.<\/p>\n<p data-start=\"843\" data-end=\"871\"><strong data-start=\"847\" data-end=\"871\">Miks valida:<br \/><\/strong>\u2714\ufe0f 6 mg spermidiini portsjoni kohta - suur ja t\u00f5hus annus.<br data-start=\"927\" data-end=\"930\" \/>\u2714\ufe0f Stimuleerib autofaagiat - rakkude regenereerimise protsessi.<br data-start=\"984\" data-end=\"987\" \/>\u2714\ufe0f Toetab s\u00fcdame, aju ja ainevahetuse funktsioone.<br data-start=\"1046\" data-end=\"1049\" \/>\u2714\ufe0f &gt;98 Nisuiduainete ekstrakt puhtusega %<br data-start=\"1091\" data-end=\"1094\" \/>\u2714\ufe0f Ei sisalda GMOsid, s\u00e4ilitusaineid ega kunstlikke lisandeid.<br data-start=\"1136\" data-end=\"1139\" \/>\u2714\ufe0f Sobib veganitele - kapslid on valmistatud HPMC-st, mis ei ole loomset p\u00e4ritolu.<br data-start=\"1196\" data-end=\"1199\" \/>\u2714\ufe0f Laboratoorselt testitud koostis - garanteeritud ohutus ja t\u00f5husus.<\/p>\n<p><strong>Kohaletoimetamine Leedus:<\/strong> 2-3 t\u00f6\u00f6p\u00e4eva.<\/p>","protected":false},"featured_media":31891,"comment_status":"open","ping_status":"closed","template":"","meta":{"_acf_changed":false},"product_brand":[433],"product_cat":[122,123,249],"product_tag":[],"class_list":{"0":"post-31854","1":"product","2":"type-product","3":"status-publish","4":"has-post-thumbnail","6":"product_brand-l-cell","7":"product_cat-lasteliu-jaunystei","8":"product_cat-papildai-ilgaamziskumui","9":"product_cat-senolitikai","11":"first","12":"instock","13":"shipping-taxable","14":"purchasable","15":"product-type-simple"},"acf":[],"tiered_pricing_type":"fixed","tiered_pricing_fixed_rules":[],"tiered_pricing_product_settings":{"layout":"default","base_unit_name":{"singular":null,"plural":null},"default_variation":null},"tiered_pricing_minimum_quantity":null,"tiered_pricing_roles_data":[],"tiered_pricing_percentage_rules":[],"_links":{"self":[{"href":"https:\/\/purama.lt\/ee\/wp-json\/wp\/v2\/product\/31854","targetHints":{"allow":["GET"]}}],"collection":[{"href":"https:\/\/purama.lt\/ee\/wp-json\/wp\/v2\/product"}],"about":[{"href":"https:\/\/purama.lt\/ee\/wp-json\/wp\/v2\/types\/product"}],"replies":[{"embeddable":true,"href":"https:\/\/purama.lt\/ee\/wp-json\/wp\/v2\/comments?post=31854"}],"wp:featuredmedia":[{"embeddable":true,"href":"https:\/\/purama.lt\/ee\/wp-json\/wp\/v2\/media\/31891"}],"wp:attachment":[{"href":"https:\/\/purama.lt\/ee\/wp-json\/wp\/v2\/media?parent=31854"}],"wp:term":[{"taxonomy":"product_brand","embeddable":true,"href":"https:\/\/purama.lt\/ee\/wp-json\/wp\/v2\/product_brand?post=31854"},{"taxonomy":"product_cat","embeddable":true,"href":"https:\/\/purama.lt\/ee\/wp-json\/wp\/v2\/product_cat?post=31854"},{"taxonomy":"product_tag","embeddable":true,"href":"https:\/\/purama.lt\/ee\/wp-json\/wp\/v2\/product_tag?post=31854"}],"curies":[{"name":"wp","href":"https:\/\/api.w.org\/{rel}","templated":true}]}}