{"id":31853,"date":"2025-01-20T19:28:43","date_gmt":"2025-01-20T19:28:43","guid":{"rendered":"https:\/\/purama.lt\/produktas\/l-cell-kvercetinas-milteliai-30g\/"},"modified":"2026-04-14T14:52:52","modified_gmt":"2026-04-14T12:52:52","slug":"l-raku-kvertsetiini-pulber-30g","status":"publish","type":"product","link":"https:\/\/purama.lt\/ee\/produktas\/l-cell-kvercetinas-milteliai-30g\/","title":{"rendered":"L Cell Quercetin (pulber, 30g)"},"content":{"rendered":"<p><strong>Tarbimine:<\/strong> 2 lusikat\u00e4it pulbrit (500 mg kvertsetiini) hommikul, eelistatavalt koos rasvase toiduga (nt oliivi\u00f5li v\u00f5i jogurt), et parandada imendumist.<\/p>\n\n\n\n<hr class=\"wp-block-separator has-alpha-channel-opacity\"\/>\n\n\n\n<p><strong>Koostisained:<\/strong> Jaapani Sophora ekstrakt (\u226595 % kvertsetiin), tsinkgl\u00fckonaat, kolekaltsiferool.<\/p>\n\n\n\n<hr class=\"wp-block-separator has-alpha-channel-opacity\"\/>\n\n\n\n<p><strong>Toitev\u00e4\u00e4rtus<\/strong> (2 lusikat\u00e4it):<\/p>\n\n\n\n<figure class=\"wp-block-table\"><table class=\"has-fixed-layout\"><thead><tr><th><strong>Toitained<\/strong><\/th><th><strong>Kogus<\/strong><\/th><th><strong>% RMV*<\/strong><\/th><\/tr><\/thead><tbody><tr><td>Jaapani Sophora ekstrakt<\/td><td>525 mg<\/td><td>-<\/td><\/tr><tr><td>...millest kvertsetiin<\/td><td>500 mg<\/td><td>-<\/td><\/tr><tr><td>Tsink<\/td><td>1,5 mg<\/td><td>15 %<\/td><\/tr><tr><td>Tiamiin (B1-vitamiin)<\/td><td>0,165 mg<\/td><td>15 %<\/td><\/tr><tr><td>D3-vitamiin<\/td><td>0,75 \u00b5g<\/td><td>15 %<\/td><\/tr><\/tbody><\/table><\/figure>\n\n\n\n<p>*RMV - viitetoitev\u00e4\u00e4rtus<br>**RMV ei ole t\u00e4psustatud<\/p>\n\n\n\n<p><a href=\"https:\/\/drive.google.com\/file\/d\/1Ys8q6AJZ6qw3pdkfN8wdG113V7P18m1n\/view\" target=\"_blank\" rel=\"noreferrer noopener\">COA sertifikaat<\/a><\/p>\n\n\n\n<p>Kas otsite rohkem? Vaadake t\u00e4ielikku <a href=\"\/ee\/tootesildid\/l-rakk\/\">L Cell sortimenti<\/a>.<\/p>","protected":false},"excerpt":{"rendered":"<p data-start=\"207\" data-end=\"305\"><strong data-start=\"211\" data-end=\"305\">L Cell Quercetin - t\u00e4iustatud kaitse p\u00f5letiku, rakkude vananemise ja s\u00fcdame tasakaaluh\u00e4irete vastu.\u00a0<\/strong><strong data-start=\"307\" data-end=\"328\">L Cell Quercetin\u00ae<\/strong> - on tugev looduslik flavonoid Jaapani Sophora ekstraktist,<strong> neile, kes otsivad paremat vereringet, v\u00e4henenud p\u00f5letikku ja pikaajalist rakkude vastupanu<\/strong>. Iga annus sisaldab koguni 500 mg toimeainet, mille kasulikkus p\u00f5hineb uusimatel pikaajalistel terviseuuringutel. Kvertsetiinil on tugevad p\u00f5letikuvastased omadused, <strong>aitab reguleerida immuunvastust, kaitsta oks\u00fcdatiivse stressi eest ja toetada n\u00e4rvis\u00fcsteemi t\u00f6\u00f6d.<\/strong>. Koos tsingi ja D3-vitamiiniga loob see s\u00fcnergilise efekti, mis on kasulik nii igap\u00e4evase energiatasakaalu kui ka vananemise aeglustamiseks.<\/p>\n<p data-start=\"940\" data-end=\"968\"><strong data-start=\"944\" data-end=\"968\">Miks valida:<br \/><\/strong>\u2714\ufe0f 500 mg kvertsetiini portsjoni kohta - optimaalne annus igap\u00e4evaseks hoolduseks.<br data-start=\"1038\" data-end=\"1041\" \/>\u2714\ufe0f Toetab s\u00fcdame-, vereringe- ja immuuns\u00fcsteemi.<br data-start=\"1100\" data-end=\"1103\" \/>\u2714\ufe0f Surub p\u00f5letikku - looduslik p\u00f5letikuvastane aine.<br data-start=\"1160\" data-end=\"1163\" \/>\u2714\ufe0f Soodustab n\u00e4rvis\u00fcsteemi tasakaalu ja kognitiivset selgust.<br data-start=\"1216\" data-end=\"1219\" \/>\u2714\ufe0f &gt;95 % puhtus Jaapani Sophora ekstraktist<br data-start=\"1266\" data-end=\"1269\" \/>\u2714\ufe0f Ei sisalda GMOsid, allergeene, s\u00e4ilitusaineid ega l\u00f5hna- ja maitseaineid.<br data-start=\"1314\" data-end=\"1317\" \/>\u2714\ufe0f Sobib veganitele - ainult taimse p\u00e4ritoluga koostisained<br data-start=\"1376\" data-end=\"1379\" \/>\u2714\ufe0f Tootmine ja kvaliteedikontroll vastavalt farmaatsiatoodete standarditele<\/p>\n<p><strong>Kohaletoimetamine Leedus:<\/strong> 2-3 t\u00f6\u00f6p\u00e4eva.<\/p>","protected":false},"featured_media":31874,"comment_status":"open","ping_status":"closed","template":"","meta":{"_acf_changed":false},"product_brand":[433],"product_cat":[122,500,123,249],"product_tag":[],"class_list":{"0":"post-31853","1":"product","2":"type-product","3":"status-publish","4":"has-post-thumbnail","6":"product_brand-l-cell","7":"product_cat-lasteliu-jaunystei","8":"product_cat-outlet","9":"product_cat-papildai-ilgaamziskumui","10":"product_cat-senolitikai","12":"first","13":"instock","14":"sale","15":"shipping-taxable","16":"purchasable","17":"product-type-simple"},"acf":[],"tiered_pricing_type":"fixed","tiered_pricing_fixed_rules":[],"tiered_pricing_product_settings":{"layout":"default","base_unit_name":{"singular":null,"plural":null},"default_variation":null},"tiered_pricing_minimum_quantity":null,"tiered_pricing_roles_data":[],"tiered_pricing_percentage_rules":[],"_links":{"self":[{"href":"https:\/\/purama.lt\/ee\/wp-json\/wp\/v2\/product\/31853","targetHints":{"allow":["GET"]}}],"collection":[{"href":"https:\/\/purama.lt\/ee\/wp-json\/wp\/v2\/product"}],"about":[{"href":"https:\/\/purama.lt\/ee\/wp-json\/wp\/v2\/types\/product"}],"replies":[{"embeddable":true,"href":"https:\/\/purama.lt\/ee\/wp-json\/wp\/v2\/comments?post=31853"}],"wp:featuredmedia":[{"embeddable":true,"href":"https:\/\/purama.lt\/ee\/wp-json\/wp\/v2\/media\/31874"}],"wp:attachment":[{"href":"https:\/\/purama.lt\/ee\/wp-json\/wp\/v2\/media?parent=31853"}],"wp:term":[{"taxonomy":"product_brand","embeddable":true,"href":"https:\/\/purama.lt\/ee\/wp-json\/wp\/v2\/product_brand?post=31853"},{"taxonomy":"product_cat","embeddable":true,"href":"https:\/\/purama.lt\/ee\/wp-json\/wp\/v2\/product_cat?post=31853"},{"taxonomy":"product_tag","embeddable":true,"href":"https:\/\/purama.lt\/ee\/wp-json\/wp\/v2\/product_tag?post=31853"}],"curies":[{"name":"wp","href":"https:\/\/api.w.org\/{rel}","templated":true}]}}