{"id":31852,"date":"2025-01-20T19:28:43","date_gmt":"2025-01-20T19:28:43","guid":{"rendered":"https:\/\/purama.lt\/produktas\/l-cell-kvercetinas-250mg-kapsules-60-vnt\/"},"modified":"2026-04-14T14:53:07","modified_gmt":"2026-04-14T12:53:07","slug":"l-raku-kvertsetiin-250mg-kapslid-60-tk","status":"publish","type":"product","link":"https:\/\/purama.lt\/ee\/produktas\/l-cell-kvercetinas-250mg-kapsules-60-vnt\/","title":{"rendered":"L Cell Quercetin (250mg kapslid, 60 t\u00fckki)"},"content":{"rendered":"<p><strong>Tarbimine:<\/strong> V\u00f5tke 2 kapslit hommikul koos klaasi veega. Soovitatav on v\u00f5tta koos rasvase toiduga (nt oliivi\u00f5li v\u00f5i jogurt), et parandada imendumist.<\/p>\n\n\n\n<hr class=\"wp-block-separator has-alpha-channel-opacity\"\/>\n\n\n\n<p><strong>Koostisained:<\/strong> Jaapani Sophora ekstrakt (\u226595 % kvertsetiin), kapsli kest (h\u00fcpromelloos), tsingigl\u00fckonaat, kolekaltsiferool.<\/p>\n\n\n\n<hr class=\"wp-block-separator has-alpha-channel-opacity\"\/>\n\n\n\n<p><strong>Toitev\u00e4\u00e4rtus<\/strong> (2 kapslit):<\/p>\n\n\n\n<figure class=\"wp-block-table\"><table class=\"has-fixed-layout\"><thead><tr><th><strong>Toitained<\/strong><\/th><th><strong>Kogus<\/strong><\/th><th><strong>% RMV*<\/strong><\/th><\/tr><\/thead><tbody><tr><td>Jaapani Sophora ekstrakt<\/td><td>525 mg<\/td><td>-<\/td><\/tr><tr><td>...millest kvertsetiin<\/td><td>500 mg<\/td><td>-<\/td><\/tr><tr><td>Tsink<\/td><td>1,5 mg<\/td><td>15 %<\/td><\/tr><tr><td>Tiamiin (B1-vitamiin)<\/td><td>0,165 mg<\/td><td>15 %<\/td><\/tr><tr><td>D3-vitamiin<\/td><td>0,75 \u00b5g<\/td><td>15 %<\/td><\/tr><\/tbody><\/table><\/figure>\n\n\n\n<p>*RMV - viitetoitev\u00e4\u00e4rtus<br>**RMV ei ole t\u00e4psustatud<\/p>\n\n\n\n<p><a href=\"https:\/\/drive.google.com\/file\/d\/1Ys8q6AJZ6qw3pdkfN8wdG113V7P18m1n\/view\" target=\"_blank\" rel=\"noreferrer noopener\">COA sertifikaat<\/a><\/p>\n\n\n\n<p>Kas otsite rohkem? Vaadake t\u00e4ielikku <a href=\"\/ee\/tootesildid\/l-rakk\/\">L Cell sortimenti<\/a>.<\/p>","protected":false},"excerpt":{"rendered":"<p data-start=\"137\" data-end=\"217\"><strong data-start=\"141\" data-end=\"217\">L Cell Quercetin - igap\u00e4evane kaitse p\u00f5letiku ja oks\u00fcdatiivse stressi eest\u00a0<\/strong><strong data-start=\"219\" data-end=\"240\">L Cell Quercetin\u00ae<\/strong> - on mugava kujuga, k\u00f5rge kontsentratsiooniga kvertsetiinilisand Jaapani Sophora ekstraktist. Iga p\u00e4evane annus sisaldab 500 mg puhast flavonoidi, mis <strong>aitab toetada s\u00fcdame-, immuuns\u00fcsteemi ja n\u00e4rvis\u00fcsteemi funktsiooni.<\/strong>. Kvertsetiin toimib ka v\u00f5imsa antioks\u00fcdandina, aidates organismil v\u00f5idelda rakukahjustuste ja p\u00f5letikureaktsioonidega. See toidulisand sobib eriti h\u00e4sti neile, kes on mures pikaajalise tervise ja eluj\u00f5ulisuse p\u00e4rast ning soovivad igap\u00e4evast toetust rakutasandil. <\/p>\n<p><strong data-start=\"738\" data-end=\"762\">Miks valida:<br \/><\/strong>\u2714\ufe0f 500 mg kvertsetiini p\u00e4evas on teaduslikult p\u00f5hjendatud annus.<br data-start=\"821\" data-end=\"824\" \/>\u2714\ufe0f Toetab s\u00fcdame-veresoonkonna, immuuns\u00fcsteemi ja n\u00e4rvis\u00fcsteemi.<br data-start=\"893\" data-end=\"896\" \/>\u2714\ufe0f Aitab v\u00f5idelda oks\u00fcdatiivse stressi ja p\u00f5letikuga.<br data-start=\"946\" data-end=\"949\" \/>\u2714\ufe0f &gt;95 % puhtus jaapani Sophora ekstrakt<br data-start=\"994\" data-end=\"997\" \/>\u2714\ufe0f Kapslivorm - mugav igap\u00e4evaseks kasutamiseks ja liikvelolekuks.<br data-start=\"1053\" data-end=\"1056\" \/>\u2714\ufe0f GMO-, v\u00e4rvi-, l\u00f5hna-, maitse- ja s\u00e4ilitusainete vaba.<br data-start=\"1109\" data-end=\"1112\" \/>\u2714\ufe0f Sobib veganitele - HPMC kapslid<br data-start=\"1145\" data-end=\"1148\" \/>\u2714\ufe0f Kvaliteedi tagamine laboratoorsete testidega<\/p>","protected":false},"featured_media":31888,"comment_status":"open","ping_status":"closed","template":"","meta":{"_acf_changed":false},"product_brand":[433],"product_cat":[122,57,123,249],"product_tag":[],"class_list":{"0":"post-31852","1":"product","2":"type-product","3":"status-publish","4":"has-post-thumbnail","6":"product_brand-l-cell","7":"product_cat-lasteliu-jaunystei","8":"product_cat-akcijos","9":"product_cat-papildai-ilgaamziskumui","10":"product_cat-senolitikai","12":"first","13":"instock","14":"sale","15":"shipping-taxable","16":"purchasable","17":"product-type-simple"},"acf":[],"tiered_pricing_type":"fixed","tiered_pricing_fixed_rules":[],"tiered_pricing_product_settings":{"layout":"default","base_unit_name":{"singular":null,"plural":null},"default_variation":null},"tiered_pricing_minimum_quantity":null,"tiered_pricing_roles_data":[],"tiered_pricing_percentage_rules":[],"_links":{"self":[{"href":"https:\/\/purama.lt\/ee\/wp-json\/wp\/v2\/product\/31852","targetHints":{"allow":["GET"]}}],"collection":[{"href":"https:\/\/purama.lt\/ee\/wp-json\/wp\/v2\/product"}],"about":[{"href":"https:\/\/purama.lt\/ee\/wp-json\/wp\/v2\/types\/product"}],"replies":[{"embeddable":true,"href":"https:\/\/purama.lt\/ee\/wp-json\/wp\/v2\/comments?post=31852"}],"wp:featuredmedia":[{"embeddable":true,"href":"https:\/\/purama.lt\/ee\/wp-json\/wp\/v2\/media\/31888"}],"wp:attachment":[{"href":"https:\/\/purama.lt\/ee\/wp-json\/wp\/v2\/media?parent=31852"}],"wp:term":[{"taxonomy":"product_brand","embeddable":true,"href":"https:\/\/purama.lt\/ee\/wp-json\/wp\/v2\/product_brand?post=31852"},{"taxonomy":"product_cat","embeddable":true,"href":"https:\/\/purama.lt\/ee\/wp-json\/wp\/v2\/product_cat?post=31852"},{"taxonomy":"product_tag","embeddable":true,"href":"https:\/\/purama.lt\/ee\/wp-json\/wp\/v2\/product_tag?post=31852"}],"curies":[{"name":"wp","href":"https:\/\/api.w.org\/{rel}","templated":true}]}}