{"id":31851,"date":"2025-01-20T19:28:43","date_gmt":"2025-01-20T19:28:43","guid":{"rendered":"https:\/\/purama.lt\/produktas\/l-cell-nr-milteliai-24g\/"},"modified":"2026-04-03T14:49:29","modified_gmt":"2026-04-03T12:49:29","slug":"l-raku-nr-pulber-24g","status":"publish","type":"product","link":"https:\/\/purama.lt\/ee\/produktas\/l-cell-nr-milteliai-24g\/","title":{"rendered":"L Cell NR (pulber, 24g)"},"content":{"rendered":"<p><strong>Tarbimine:<\/strong> 1-2 lusikat\u00e4it pulbrit (300-600 mg NR) hommikul. Soovitatav on v\u00f5tta sublingvaalselt ja s\u00e4ilitada kuni lahustumiseni. Tundlikumatele kasutajatele - v\u00f5ib v\u00f5tta p\u00e4rast s\u00f6\u00f6ki.<\/p>\n\n\n\n<hr class=\"wp-block-separator has-alpha-channel-opacity\"\/>\n\n\n\n<p><strong>Koostisained:<\/strong> Nikotiinamiidribosiid, tselluloos, tsingigl\u00fckonaat, tiamiinvesinikkloriid.<\/p>\n\n\n\n<hr class=\"wp-block-separator has-alpha-channel-opacity\"\/>\n\n\n\n<p><strong>Toitev\u00e4\u00e4rtus<\/strong> (1 lusikat\u00e4is):<\/p>\n\n\n\n<figure class=\"wp-block-table\"><table class=\"has-fixed-layout\"><thead><tr><th><strong>Toitained<\/strong><\/th><th><strong>Kogus<\/strong><\/th><th><strong>% RMV*<\/strong><\/th><\/tr><\/thead><tbody><tr><td>Nikotiinamiid-ribosiid<\/td><td>300 mg<\/td><td>-<\/td><\/tr><tr><td>Tsink<\/td><td>1,5 mg<\/td><td>15 %<\/td><\/tr><tr><td>Tiamiin (B1-vitamiin)<\/td><td>0,165 mg<\/td><td>15 %<\/td><\/tr><\/tbody><\/table><\/figure>\n\n\n\n<p>*RMV - viitetoitev\u00e4\u00e4rtus<br>**RMV ei ole t\u00e4psustatud<br><br><strong>Rohkem selgitusi NAD+ l\u00e4hteainete kohta:<\/strong> <a href=\"https:\/\/purama.lt\/ee\/nmn-vs-nr\/\">NMN vs NR v\u00f5rdlus<\/a><\/p>\n\n\n\n<p>Kas otsite rohkem? Vaadake t\u00e4ielikku <a href=\"\/ee\/tootesildid\/l-cell\/\">L Cell sortimenti<\/a>.<\/p>","protected":false},"excerpt":{"rendered":"<p data-start=\"235\" data-end=\"329\"><strong data-start=\"239\" data-end=\"329\">L Cell NR - t\u00e4iustatud NAD+ taseme toetus energia, pikaealisuse ja vaimse selguse saavutamiseks.\u00a0<\/strong><strong data-start=\"331\" data-end=\"345\">L Cell NR\u00ae<\/strong> - on puhas nikotiinamiidribosiidi (NR) pulbriline toidulisand raku energia ainevahetuse, n\u00e4rvis\u00fcsteemi ja vananemise kontrollimiseks. NR - <strong>See on \u00fcks k\u00f5ige t\u00f5husamaid NAD+ l\u00e4hteaineid, mis aitab taastada rakkude loomulikku energiatasakaalu ja t\u00f5hustab DNA remondiprotsesse.<\/strong>. K\u00f5rgem NAD+ tase on seotud parema stressitaluvuse, energia ja tervisliku vananemisega. See toidulisand on eriti t\u00f5hus neile, kellel on energiapuudus, vaimne v\u00e4simus v\u00f5i kes soovivad tugevdada organismi vastupanu rakkude vananemisele.<\/p>\n<p data-start=\"891\" data-end=\"919\"><strong data-start=\"895\" data-end=\"919\">Miks valida:<br \/><\/strong>\u2714\ufe0f Kuni 800 mg NR p\u00e4evas - maksimaalne efektiivne annus.<br data-start=\"973\" data-end=\"976\" \/>\u2714\ufe0f S\u00e4ilitab NAD+ taset - oluline energia, DNA parandamise ja pikaealisuse jaoks.<br data-start=\"1047\" data-end=\"1050\" \/>\u2714\ufe0f Aitab kaasa normaalsele n\u00e4rvis\u00fcsteemi ja ps\u00fchholoogilisele toimimisele.<br data-start=\"1117\" data-end=\"1120\" \/>\u2714\ufe0f Rohkem kui 98 % puhtus - vaba lisanditest ja mittevajalikest \u00fchenditest.<br data-start=\"1187\" data-end=\"1190\" \/>\u2714\ufe0f Sublingvaalne vorm - kiirem ja t\u00f5husam omastamine.<br data-start=\"1253\" data-end=\"1256\" \/>\u2714\ufe0f Sobib veganitele - ei sisalda \u017eelatiini ega loomseid koostisosi.<br data-start=\"1320\" data-end=\"1323\" \/>\u2714\ufe0f Valmistatud Euroopas asuvas ravimikvaliteediga laboratooriumis.<br data-start=\"1378\" data-end=\"1381\" \/>\u2714\ufe0f Ei sisalda GMOsid, allergeene, s\u00e4ilitusaineid ega l\u00f5hna- ja maitseaineid.<br data-start=\"1434\" data-end=\"1437\" \/>\u2714\ufe0f Kombineeritud TMG betaiiniga, mis on met\u00fc\u00fcldoonoriks NR-i t\u00f5hususe tagamiseks.<\/p>\n<p><strong>Kohaletoimetamine Leedus:<\/strong> 2-3 t\u00f6\u00f6p\u00e4eva.<\/p>","protected":false},"featured_media":31878,"comment_status":"open","ping_status":"closed","template":"","meta":{"_acf_changed":false},"product_brand":[433],"product_cat":[122,251,261,260,263,253,252,262,248,255,123,249,256,250,254],"product_tag":[],"class_list":{"0":"post-31851","1":"product","2":"type-product","3":"status-publish","4":"has-post-thumbnail","6":"product_brand-l-cell","7":"product_cat-lasteliu-jaunystei","8":"product_cat-antioksidantai","9":"product_cat-cukraus-balansas","10":"product_cat-energijai-ir-apykaitai","11":"product_cat-fizine-istverme","12":"product_cat-imuniteto-palaikymas","13":"product_cat-imunitetui","14":"product_cat-medziagu-apykaita","15":"product_cat-nad-ir-mitochondrijos","16":"product_cat-oksidacinio-streso-mazinimas","17":"product_cat-papildai-ilgaamziskumui","18":"product_cat-senolitikai","19":"product_cat-smegenims-ir-atminciai","20":"product_cat-telomeru-ir-dnr-apsauga","21":"product_cat-uzdegimo-mazinimas","23":"first","24":"instock","25":"shipping-taxable","26":"purchasable","27":"product-type-simple"},"acf":[],"tiered_pricing_type":"fixed","tiered_pricing_fixed_rules":[],"tiered_pricing_product_settings":{"layout":"default","base_unit_name":{"singular":null,"plural":null},"default_variation":null},"tiered_pricing_minimum_quantity":null,"tiered_pricing_roles_data":[],"tiered_pricing_percentage_rules":[],"_links":{"self":[{"href":"https:\/\/purama.lt\/ee\/wp-json\/wp\/v2\/product\/31851","targetHints":{"allow":["GET"]}}],"collection":[{"href":"https:\/\/purama.lt\/ee\/wp-json\/wp\/v2\/product"}],"about":[{"href":"https:\/\/purama.lt\/ee\/wp-json\/wp\/v2\/types\/product"}],"replies":[{"embeddable":true,"href":"https:\/\/purama.lt\/ee\/wp-json\/wp\/v2\/comments?post=31851"}],"wp:featuredmedia":[{"embeddable":true,"href":"https:\/\/purama.lt\/ee\/wp-json\/wp\/v2\/media\/31878"}],"wp:attachment":[{"href":"https:\/\/purama.lt\/ee\/wp-json\/wp\/v2\/media?parent=31851"}],"wp:term":[{"taxonomy":"product_brand","embeddable":true,"href":"https:\/\/purama.lt\/ee\/wp-json\/wp\/v2\/product_brand?post=31851"},{"taxonomy":"product_cat","embeddable":true,"href":"https:\/\/purama.lt\/ee\/wp-json\/wp\/v2\/product_cat?post=31851"},{"taxonomy":"product_tag","embeddable":true,"href":"https:\/\/purama.lt\/ee\/wp-json\/wp\/v2\/product_tag?post=31851"}],"curies":[{"name":"wp","href":"https:\/\/api.w.org\/{rel}","templated":true}]}}