{"id":31850,"date":"2025-01-20T19:28:43","date_gmt":"2025-01-20T19:28:43","guid":{"rendered":"https:\/\/purama.lt\/produktas\/l-cell-magnio-l-treonatas-milteliai-60g\/"},"modified":"2026-04-14T14:58:58","modified_gmt":"2026-04-14T12:58:58","slug":"l-raku-magneesium-l-treonaatpulber-60g","status":"publish","type":"product","link":"https:\/\/purama.lt\/ee\/produktas\/l-cell-magnio-l-treonatas-milteliai-60g\/","title":{"rendered":"L Cell Magnesium L-treonaat (pulber, 60g)"},"content":{"rendered":"<p><strong>Tarbimine:<\/strong> V\u00f5tke 2 k\u00fchvlit hommikul ja \u00f5htul. Parim enne s\u00f6\u00f6ki, kuid tundlikumale maole v\u00f5ib v\u00f5tta ka p\u00e4rast s\u00f6\u00f6ki. Segada veega v\u00f5i muu vedelikuga.<\/p>\n\n\n\n<hr class=\"wp-block-separator has-alpha-channel-opacity\"\/>\n\n\n\n<p><strong>Koostisained:<\/strong> Magneesiumi L-treonaat, tsingigl\u00fckonaat, kolekaltsiferool.<\/p>\n\n\n\n<hr class=\"wp-block-separator has-alpha-channel-opacity\"\/>\n\n\n\n<p><strong>Toitev\u00e4\u00e4rtus<\/strong> (4 lusikat\u00e4it):<\/p>\n\n\n\n<figure class=\"wp-block-table\"><table class=\"has-fixed-layout\"><thead><tr><th><strong>Toitained<\/strong><\/th><th><strong>Kogus<\/strong><\/th><th><strong>% RMV*<\/strong><\/th><\/tr><\/thead><tbody><tr><td>Magneesiumi L-treonaat<\/td><td>2000 mg<\/td><td>-<\/td><\/tr><tr><td>...millest magneesium<\/td><td>160 mg<\/td><td>43 %<\/td><\/tr><tr><td>Tsink<\/td><td>1,5 mg<\/td><td>15 %<\/td><\/tr><tr><td>D3-vitamiin<\/td><td>0,75 \u00b5g<\/td><td>15 %<\/td><\/tr><\/tbody><\/table><\/figure>\n\n\n\n<p>*RMV - viitetoitev\u00e4\u00e4rtus<br>**RMV ei ole t\u00e4psustatud<\/p>\n\n\n\n<h3 class=\"wp-block-heading\">Korduma kippuvad k\u00fcsimused L Cell magneesiumi L-treonaatpulbri kohta<\/h3>\n\n\n\n<p><strong>Kuidas ma peaksin v\u00f5tma L Cell magneesiumi L-treonaatpulbrit?<\/strong><br>V\u00f5tke p\u00e4rast <strong>2 k\u00fchvlit hommikul ja \u00f5htul<\/strong>, segada vee v\u00f5i muu vedelikuga.<\/p>\n\n\n\n<p><strong>Milline on portsjoni suurus ja toitev\u00e4\u00e4rtus?<\/strong><br>Osa - <strong>4 lusikat\u00e4it<\/strong>. See sisaldab: <strong>2000 mg magneesiumi L-treonaati<\/strong>, <strong>160 mg magneesiumi (43% RMV)<\/strong>, <strong>Tsink 1,5 mg (15%)<\/strong>, <strong>vit. D3 0,75 \u00b5g (15%)<\/strong>.<\/p>\n\n\n\n<p><strong>Kas seda on parem v\u00f5tta enne v\u00f5i p\u00e4rast s\u00f6\u00f6ki?<\/strong><br>Parim - <strong>enne s\u00f6\u00f6ki<\/strong>, kuid kui k\u00f5ht on tundlikum, v\u00f5ib seda kasutada <strong>p\u00e4rast s\u00f6\u00f6ki<\/strong>.<\/p>\n\n\n\n<p><strong>Mida see sisaldab?<\/strong><br>Koostisained: <strong>magneesiumi L-treonaat, tsingigl\u00fckonaat, kolekaltsiferool<\/strong>.<\/p>\n\n\n\n<p><strong>Mis vahe on pulbril ja kapslitel?<\/strong><br>Pulber valitakse tavaliselt siis, kui soovitakse <strong>paindlikum doseerimine<\/strong>, ja kapslid, kui see on k\u00f5ige olulisem <strong>mugavus rutiinne<\/strong>.<\/p>\n\n\n\n<h3 class=\"wp-block-heading\">V\u00f5rdle teiste magneesiumi l-treonaadi variantidega<\/h3>\n\n\n\n<ul class=\"wp-block-list\">\n<li><a href=\"https:\/\/purama.lt\/ee\/toode\/l-raku-magneesium-l-treonaat-450mg-kapslid-120-tk\/\">L-Cell kapslid (120 tk)<\/a> - k\u00f5ige mugavama rutiini jaoks.<\/li>\n\n\n\n<li><a href=\"https:\/\/purama.lt\/ee\/toode\/l-raku-magneesium-l-treonaatpulber-60g\/\">L-Cell pulber (60 g)<\/a> - paindlikumaks doseerimiseks.<\/li>\n\n\n\n<li><a href=\"https:\/\/purama.lt\/ee\/toode\/slavic-labs-brainmag-magneesium-l-treonaat-stressi-juhtimise-lisa-50g\/\">Slavic Labs BrainMag (50 g)<\/a> - portsjoni kontrollimiseks (1-3 portsu\/p\u00e4evas).<\/li>\n<\/ul>\n\n\n\n<p><strong>Seotud juhend:<\/strong><a href=\"https:\/\/purama.lt\/ee\/magneesiumi-l-treonaat\/\"> Magneesium L-treonaat: kellele, kuidas kasutada ja v\u00f5rdlus bisgl\u00fctsinaadiga<\/a><\/p>\n\n\n\n<p>Artiklis esitatakse kokkuv\u00f5te kliinilistest uuringutest, annustamisloogika (elementaarne magneesium) ja selge valik magneesiumi L-treonaadi erinevate vormide vahel.<\/p>\n\n\n\n<p>Kas otsite rohkem? Vaadake t\u00e4ielikku <a href=\"\/ee\/tootesildid\/l-cell\/\">L Cell sortimenti<\/a>.<\/p>","protected":false},"excerpt":{"rendered":"<p data-start=\"215\" data-end=\"304\"><strong data-start=\"219\" data-end=\"304\">L Cell Magneesium L-treonaat - v\u00f5imas t\u00f5uge meelele, lihastele ja pikaealisusele.\u00a0<\/strong>Avastage teistsugune magneesium - <strong data-start=\"328\" data-end=\"348\">L-Treonato vorm<\/strong> on v\u00f5ime j\u00f5uda teie ajurakkudesse ja aidata teie m\u00f5tetel t\u00f6\u00f6tada selgelt ja otsustavalt. <strong data-start=\"447\" data-end=\"480\">L-raku magneesium L-treonaat\u00ae<\/strong> - on t\u00e4iustatud igap\u00e4evane valem, mis on m\u00f5eldud mitte ainult n\u00e4rvis\u00fcsteemi, vaid ka lihaste, luude ja energia tasakaalu toetamiseks kogu kehas. Maheda maitsega pulber lahustub kergesti vees ja muutub teie hommikuse ja \u00f5htuse re\u017eiimi lahutamatuks osaks. Seda toidulisandit hindavad eriti k\u00f5rgelt need, kes otsivad selget m\u00f5tlemist, paremat und paremat und v\u00e4simuse v\u00e4henemist ning rakkude kaitset oks\u00fcdatiivse stressi eest. Ainulaadne koostis - <strong data-start=\"883\" data-end=\"910\">ainus magneesiumit\u00fc\u00fcp<\/strong>, mis v\u00f5ivad t\u00f5husalt t\u00f6\u00f6tada m\u00e4lu, t\u00e4helepanu ja kognitiivse teravusega seotud ajupiirkondades. <\/p>\n<p><strong data-start=\"1024\" data-end=\"1048\">Miks valida:<br \/><\/strong>\u2714\ufe0f 2000 mg magneesiumi L-treonaati portsjoni kohta - k\u00f5rge kontsentratsiooniga toime (4 m\u00f5\u00f5telusikat\u00e4it).<br data-start=\"1122\" data-end=\"1125\" \/>\u2714\ufe0f Magneesiumi vorm, mida sageli arutatakse kognitiivsete funktsioonide ja une kontekstis.<br data-start=\"1196\" data-end=\"1199\" \/>\u2714\ufe0f Aitab v\u00e4hendada v\u00e4simust ja s\u00e4ilitada energiatasakaalu.<br data-start=\"1256\" data-end=\"1259\" \/>\u2714\ufe0f Toetab lihaste, luude ja n\u00e4rvis\u00fcsteemi funktsiooni.<br data-start=\"1309\" data-end=\"1312\" \/>\u2714\ufe0f &gt;98 % puhtus, laboratoorsed ohutuskatsed<br data-start=\"1363\" data-end=\"1366\" \/>\u2714\ufe0f GMOde, allergeenide, v\u00e4rvainete ja ebavajalike lisaainete vaba.<br data-start=\"1418\" data-end=\"1421\" \/>\u2714\ufe0f Mahe maitsepulber - lihtne integreerida oma igap\u00e4evarutiini.<br data-start=\"1482\" data-end=\"1485\" \/>\u2714\ufe0f Sobib veganitele<\/p>","protected":false},"featured_media":31876,"comment_status":"open","ping_status":"closed","template":"","meta":{"_acf_changed":false},"product_brand":[433],"product_cat":[57,257,259,123,256,258],"product_tag":[],"class_list":{"0":"post-31850","1":"product","2":"type-product","3":"status-publish","4":"has-post-thumbnail","6":"product_brand-l-cell","7":"product_cat-akcijos","8":"product_cat-atmintis-ir-demesys","9":"product_cat-nuotaika-ir-stresas","10":"product_cat-papildai-ilgaamziskumui","11":"product_cat-smegenims-ir-atminciai","12":"product_cat-smegenu-apsauga","14":"first","15":"instock","16":"sale","17":"shipping-taxable","18":"purchasable","19":"product-type-simple"},"acf":[],"tiered_pricing_type":"fixed","tiered_pricing_fixed_rules":[],"tiered_pricing_product_settings":{"layout":"default","base_unit_name":{"singular":null,"plural":null},"default_variation":null},"tiered_pricing_minimum_quantity":null,"tiered_pricing_roles_data":[],"tiered_pricing_percentage_rules":[],"_links":{"self":[{"href":"https:\/\/purama.lt\/ee\/wp-json\/wp\/v2\/product\/31850","targetHints":{"allow":["GET"]}}],"collection":[{"href":"https:\/\/purama.lt\/ee\/wp-json\/wp\/v2\/product"}],"about":[{"href":"https:\/\/purama.lt\/ee\/wp-json\/wp\/v2\/types\/product"}],"replies":[{"embeddable":true,"href":"https:\/\/purama.lt\/ee\/wp-json\/wp\/v2\/comments?post=31850"}],"wp:featuredmedia":[{"embeddable":true,"href":"https:\/\/purama.lt\/ee\/wp-json\/wp\/v2\/media\/31876"}],"wp:attachment":[{"href":"https:\/\/purama.lt\/ee\/wp-json\/wp\/v2\/media?parent=31850"}],"wp:term":[{"taxonomy":"product_brand","embeddable":true,"href":"https:\/\/purama.lt\/ee\/wp-json\/wp\/v2\/product_brand?post=31850"},{"taxonomy":"product_cat","embeddable":true,"href":"https:\/\/purama.lt\/ee\/wp-json\/wp\/v2\/product_cat?post=31850"},{"taxonomy":"product_tag","embeddable":true,"href":"https:\/\/purama.lt\/ee\/wp-json\/wp\/v2\/product_tag?post=31850"}],"curies":[{"name":"wp","href":"https:\/\/api.w.org\/{rel}","templated":true}]}}