{"id":31848,"date":"2025-01-20T19:28:43","date_gmt":"2025-01-20T19:28:43","guid":{"rendered":"https:\/\/purama.lt\/produktas\/l-cell-l-teaninas-milteliai-23g\/"},"modified":"2026-04-03T14:54:46","modified_gmt":"2026-04-03T12:54:46","slug":"l-raku-l-teaniini-pulber-23g","status":"publish","type":"product","link":"https:\/\/purama.lt\/ee\/produktas\/l-cell-l-teaninas-milteliai-23g\/","title":{"rendered":"L Cell L-teaniin (pulber, 23g)"},"content":{"rendered":"<p><strong>Tarbimine:<\/strong> 1 supilusikat\u00e4is (200 mg) pulbrit enne magamaminekut. Segage vee v\u00f5i muu vedelikuga ja jooge. Sobib ka p\u00e4evaseks kasutamiseks pinge v\u00f5i \u00e4revuse korral.<\/p>\n\n\n\n<hr class=\"wp-block-separator has-alpha-channel-opacity\"\/>\n\n\n\n<p><strong>Koostisained:<\/strong> Rohelise tee ekstrakt (\u226580 % L-teaniin), tsingigl\u00fckonaat, tiamiinvesinikkloriid.<\/p>\n\n\n\n<hr class=\"wp-block-separator has-alpha-channel-opacity\"\/>\n\n\n\n<p><strong>Toitev\u00e4\u00e4rtus<\/strong> (1 lusikat\u00e4is):<\/p>\n\n\n\n<figure class=\"wp-block-table\"><table class=\"has-fixed-layout\"><thead><tr><th><strong>Toitained<\/strong><\/th><th><strong>Kogus<\/strong><\/th><th><strong>% RMV*<\/strong><\/th><\/tr><\/thead><tbody><tr><td>Rohelise tee ekstrakt<\/td><td>250 mg<\/td><td>-<\/td><\/tr><tr><td>...millest L-Teanino<\/td><td>200 mg<\/td><td>-<\/td><\/tr><tr><td>Tsink<\/td><td>1,5 mg<\/td><td>15 %<\/td><\/tr><tr><td>Tiamiin (B1-vitamiin)<\/td><td>0,165 mg<\/td><td>15 %<\/td><\/tr><\/tbody><\/table><\/figure>\n\n\n\n<p>*RMV - viitetoitev\u00e4\u00e4rtus<br>**RMV ei ole t\u00e4psustatud<\/p>\n\n\n\n<p>Kas otsite rohkem? Vaadake t\u00e4ielikku <a href=\"\/ee\/tootesildid\/l-cell\/\">L Cell sortimenti<\/a>.<\/p>","protected":false},"excerpt":{"rendered":"<p data-start=\"169\" data-end=\"259\"><strong data-start=\"173\" data-end=\"259\">L Cell L-Teanine - sisemise rahu, selgete m\u00f5tete ja s\u00fcgava l\u00f5dvestumise jaoks.\u00a0<\/strong><strong data-start=\"261\" data-end=\"283\">L Cell L-teaniin\u00ae<\/strong> - on rohelise tee ekstraktist valmistatud looduslik valem, mis toetab emotsionaalset tasakaalu, v\u00e4hendab pingeid ja soodustab kvaliteetset puhkust. \u00dcks annus sisaldab 200 mg L-teaniini, mis on tuntud oma v\u00f5ime poolest rahustada meelt ilma uimasustundeta. Sobib suurep\u00e4raselt \u00f5htuseks rutiiniks v\u00f5i p\u00e4eva jooksul tekkiva stressi maandamiseks. Lisaks oma emotsionaalsele kasulikkusele aitab L-teaniin kaasa ka ainevahetuse ja rakukaitse protsessidele - see on antioks\u00fcdant ja autofaagia modulaator, mis aitab toetada organismi sisemist uuenemist. <\/p>\n<p><strong data-start=\"805\" data-end=\"829\"> Miks valida:<br \/><\/strong>\u2714\ufe0f 200 mg L-teaniini - teaduslikult p\u00f5hjendatud p\u00e4evane annus.<br data-start=\"884\" data-end=\"887\" \/>\u2714\ufe0f Rahustab ilma uimasuseta - hea meel, stress ja kvaliteetne uni<br data-start=\"959\" data-end=\"962\" \/>\u2714\ufe0f Aitab kaasa n\u00e4rvis\u00fcsteemi normaalsele toimimisele.<br data-start=\"1012\" data-end=\"1015\" \/>\u2714\ufe0f Valmistatud rohelisest teest - looduslikust allikast.<br data-start=\"1070\" data-end=\"1073\" \/>\u2714\ufe0f Toetab rakkude kaitset ja pikaealisust<br data-start=\"1117\" data-end=\"1120\" \/>\u2714\ufe0f Ei sisalda GMOsid, allergeene, l\u00f5hna- ja maitseaineid ega kunstlikke lisandeid.<br data-start=\"1178\" data-end=\"1181\" \/>\u2714\ufe0f Sobib veganitele - puhtad taimep\u00f5hised koostisosad.<br data-start=\"1223\" data-end=\"1226\" \/>\u2714\ufe0f Laboratooriumis puhtuse ja ohutuse tagamiseks testitud<\/p>\n<p><strong>Kohaletoimetamine Leedus:<\/strong> 2-3 t\u00f6\u00f6p\u00e4eva.<\/p>","protected":false},"featured_media":31875,"comment_status":"open","ping_status":"closed","template":"","meta":{"_acf_changed":false},"product_brand":[433],"product_cat":[122,259,123,256],"product_tag":[],"class_list":{"0":"post-31848","1":"product","2":"type-product","3":"status-publish","4":"has-post-thumbnail","6":"product_brand-l-cell","7":"product_cat-lasteliu-jaunystei","8":"product_cat-nuotaika-ir-stresas","9":"product_cat-papildai-ilgaamziskumui","10":"product_cat-smegenims-ir-atminciai","12":"first","13":"instock","14":"shipping-taxable","15":"purchasable","16":"product-type-simple"},"acf":[],"tiered_pricing_type":"fixed","tiered_pricing_fixed_rules":[],"tiered_pricing_product_settings":{"layout":"default","base_unit_name":{"singular":null,"plural":null},"default_variation":null},"tiered_pricing_minimum_quantity":null,"tiered_pricing_roles_data":[],"tiered_pricing_percentage_rules":[],"_links":{"self":[{"href":"https:\/\/purama.lt\/ee\/wp-json\/wp\/v2\/product\/31848","targetHints":{"allow":["GET"]}}],"collection":[{"href":"https:\/\/purama.lt\/ee\/wp-json\/wp\/v2\/product"}],"about":[{"href":"https:\/\/purama.lt\/ee\/wp-json\/wp\/v2\/types\/product"}],"replies":[{"embeddable":true,"href":"https:\/\/purama.lt\/ee\/wp-json\/wp\/v2\/comments?post=31848"}],"wp:featuredmedia":[{"embeddable":true,"href":"https:\/\/purama.lt\/ee\/wp-json\/wp\/v2\/media\/31875"}],"wp:attachment":[{"href":"https:\/\/purama.lt\/ee\/wp-json\/wp\/v2\/media?parent=31848"}],"wp:term":[{"taxonomy":"product_brand","embeddable":true,"href":"https:\/\/purama.lt\/ee\/wp-json\/wp\/v2\/product_brand?post=31848"},{"taxonomy":"product_cat","embeddable":true,"href":"https:\/\/purama.lt\/ee\/wp-json\/wp\/v2\/product_cat?post=31848"},{"taxonomy":"product_tag","embeddable":true,"href":"https:\/\/purama.lt\/ee\/wp-json\/wp\/v2\/product_tag?post=31848"}],"curies":[{"name":"wp","href":"https:\/\/api.w.org\/{rel}","templated":true}]}}