{"id":31847,"date":"2025-01-20T19:28:42","date_gmt":"2025-01-20T19:28:42","guid":{"rendered":"https:\/\/purama.lt\/produktas\/l-cell-l-teaninas-200mg-kapsules-30-vnt\/"},"modified":"2026-04-07T12:49:52","modified_gmt":"2026-04-07T10:49:52","slug":"l-raku-l-teaniin-200mg-kapslid-30-tk","status":"publish","type":"product","link":"https:\/\/purama.lt\/ee\/produktas\/l-cell-l-teaninas-200mg-kapsules-30-vnt\/","title":{"rendered":"L Cell L-Teanine (200mg kapslid, 30 t\u00fckki)"},"content":{"rendered":"<p><strong>Tarbimine:<\/strong> 1 kapsel enne magamaminekut koos klaasi veega. Sobib p\u00e4evaseks kasutamiseks stressi v\u00f5i emotsionaalse tasakaalustamatuse korral.<\/p>\n\n\n\n<hr class=\"wp-block-separator has-alpha-channel-opacity\"\/>\n\n\n\n<p><strong>Koostisained:<\/strong> Rohelise tee ekstrakt (\u226580 % L-teaniin), kapsli kest (h\u00fcpromelloos), tsingigl\u00fckonaat, tiamiinvesinikkloriid.<\/p>\n\n\n\n<hr class=\"wp-block-separator has-alpha-channel-opacity\"\/>\n\n\n\n<p><strong>Toitev\u00e4\u00e4rtus<\/strong> (1 kapsel):<\/p>\n\n\n\n<figure class=\"wp-block-table\"><table class=\"has-fixed-layout\"><thead><tr><th><strong>Toitained<\/strong><\/th><th><strong>Kogus<\/strong><\/th><th><strong>% RMV*<\/strong><\/th><\/tr><\/thead><tbody><tr><td>Rohelise tee ekstrakt<\/td><td>250 mg<\/td><td>-<\/td><\/tr><tr><td>...millest L-Teanino<\/td><td>200 mg<\/td><td>-<\/td><\/tr><tr><td>Tsink<\/td><td>1,5 mg<\/td><td>15 %<\/td><\/tr><tr><td>Tiamiin (B1-vitamiin)<\/td><td>0,165 mg<\/td><td>15 %<\/td><\/tr><\/tbody><\/table><\/figure>\n\n\n\n<p>*RMV - viitetoitev\u00e4\u00e4rtus<br>**RMV ei ole t\u00e4psustatud<\/p>\n\n\n\n<p>Kas otsite rohkem? Vaadake t\u00e4ielikku <a href=\"\/ee\/tootesildid\/l-cell\/\">L Cell sortimenti<\/a>.<\/p>","protected":false},"excerpt":{"rendered":"<p data-start=\"174\" data-end=\"235\"><strong data-start=\"178\" data-end=\"235\">L Cell L-Teanine - meelerahu, mis ootab teie meelt.\u00a0<\/strong><strong data-start=\"237\" data-end=\"259\">L Cell L-teaniin\u00ae<\/strong> - See on looduslik, \u00f5rn t\u00e4iendus, mis aitab m\u00f5tetel aeglustuda ja m\u00f5tetel kokku tulla. Rohelise tee ekstraktist ekstraheeritud L-teaniin on tuntud oma v\u00f5ime poolest leevendada pingeid, parandada emotsionaalset seisundit ja edendada sisemist tasakaalu, v\u00e4hendamata seejuures t\u00e4helepanelikkust. \u00dcks kapsel sisaldab 200 mg seda ainet, mis on m\u00f5eldud selleks, et muuta \u00f5htud rahulikumaks ja homsed p\u00e4evad helgemaks. Lisaks oma m\u00f5jule emotsionaalsele tervisele aitab L-teaniin kaasa ka ainevahetusprotsessidele, rakukaitsele ja \u00fcldisele n\u00e4rvis\u00fcsteemi tasakaalule.<\/p>\n<p data-start=\"801\" data-end=\"829\"><strong data-start=\"805\" data-end=\"829\">Miks valida:<br \/><\/strong>\u2714\ufe0f 200 mg L-teaniini kapsli kohta - t\u00f5hus p\u00e4evane annus.<br data-start=\"893\" data-end=\"896\" \/>\u2714\ufe0f Rahustab ilma uimasuseta - hea magamamineku v\u00f5i stressi korral.<br data-start=\"959\" data-end=\"962\" \/>\u2714\ufe0f Toetab ps\u00fchholoogilist ja n\u00e4rvis\u00fcsteemi funktsiooni<br data-start=\"1010\" data-end=\"1013\" \/>\u2714\ufe0f Valmistatud rohelise tee ekstraktist - looduslik allikas<br data-start=\"1077\" data-end=\"1080\" \/>\u2714\ufe0f Aitab kaasa ainevahetusele ja raku kaitsele.<br data-start=\"1137\" data-end=\"1140\" \/>\u2714\ufe0f Sobib veganitele - \u017eelatiinivabad kapslid<br data-start=\"1181\" data-end=\"1184\" \/>\u2714\ufe0f Ei sisalda GMOsid, l\u00f5hna- ja maitseaineid, s\u00e4ilitusaineid ega allergeene.<br data-start=\"1237\" data-end=\"1240\" \/>\u2714\ufe0f Farmaatsiakvaliteedi ja puhtuse kontroll<\/p>","protected":false},"featured_media":31889,"comment_status":"open","ping_status":"closed","template":"","meta":{"_acf_changed":false},"product_brand":[433],"product_cat":[122,57,259,123,256],"product_tag":[],"class_list":{"0":"post-31847","1":"product","2":"type-product","3":"status-publish","4":"has-post-thumbnail","6":"product_brand-l-cell","7":"product_cat-lasteliu-jaunystei","8":"product_cat-akcijos","9":"product_cat-nuotaika-ir-stresas","10":"product_cat-papildai-ilgaamziskumui","11":"product_cat-smegenims-ir-atminciai","13":"first","14":"instock","15":"sale","16":"shipping-taxable","17":"purchasable","18":"product-type-simple"},"acf":[],"tiered_pricing_type":"fixed","tiered_pricing_fixed_rules":[],"tiered_pricing_product_settings":{"layout":"default","base_unit_name":{"singular":null,"plural":null},"default_variation":null},"tiered_pricing_minimum_quantity":null,"tiered_pricing_roles_data":[],"tiered_pricing_percentage_rules":[],"_links":{"self":[{"href":"https:\/\/purama.lt\/ee\/wp-json\/wp\/v2\/product\/31847","targetHints":{"allow":["GET"]}}],"collection":[{"href":"https:\/\/purama.lt\/ee\/wp-json\/wp\/v2\/product"}],"about":[{"href":"https:\/\/purama.lt\/ee\/wp-json\/wp\/v2\/types\/product"}],"replies":[{"embeddable":true,"href":"https:\/\/purama.lt\/ee\/wp-json\/wp\/v2\/comments?post=31847"}],"wp:featuredmedia":[{"embeddable":true,"href":"https:\/\/purama.lt\/ee\/wp-json\/wp\/v2\/media\/31889"}],"wp:attachment":[{"href":"https:\/\/purama.lt\/ee\/wp-json\/wp\/v2\/media?parent=31847"}],"wp:term":[{"taxonomy":"product_brand","embeddable":true,"href":"https:\/\/purama.lt\/ee\/wp-json\/wp\/v2\/product_brand?post=31847"},{"taxonomy":"product_cat","embeddable":true,"href":"https:\/\/purama.lt\/ee\/wp-json\/wp\/v2\/product_cat?post=31847"},{"taxonomy":"product_tag","embeddable":true,"href":"https:\/\/purama.lt\/ee\/wp-json\/wp\/v2\/product_tag?post=31847"}],"curies":[{"name":"wp","href":"https:\/\/api.w.org\/{rel}","templated":true}]}}