{"id":31845,"date":"2025-01-20T19:28:42","date_gmt":"2025-01-20T19:28:42","guid":{"rendered":"https:\/\/purama.lt\/produktas\/l-cell-glynac-500mg-kapsules-60vnt\/"},"modified":"2026-04-29T14:17:46","modified_gmt":"2026-04-29T12:17:46","slug":"l-cell-glynac-500mg-kapslid-60tk","status":"publish","type":"product","link":"https:\/\/purama.lt\/ee\/produktas\/l-cell-glynac-500mg-kapsules-60vnt\/","title":{"rendered":"L Cell GlyNAC (500mg kapslid, 60 tk)"},"content":{"rendered":"<p><strong>Tarbimine:<\/strong> 1 kapsel p\u00e4evas enne magamaminekut koos klaasi veega.<\/p>\n\n\n\n<hr class=\"wp-block-separator has-alpha-channel-opacity\" \/>\n\n\n\n<p><strong>Koostisained:<\/strong> Gl\u00fctsiin, N-atset\u00fc\u00fclts\u00fcsteiin, kapslikest (h\u00fcpromelloos), tsingigl\u00fckonaat, tiamiinvesinikkloriid, kolekaltsiferool.<\/p>\n\n\n\n<hr class=\"wp-block-separator has-alpha-channel-opacity\" \/>\n\n\n\n<p><strong>Toitev\u00e4\u00e4rtus<\/strong> (1 kapsel):<\/p>\n\n\n\n<figure class=\"wp-block-table\"><table class=\"has-fixed-layout\"><thead><tr><th><strong>Toitained<\/strong><\/th><th><strong>Kogus<\/strong><\/th><th><strong>% RMV*<\/strong><\/th><\/tr><\/thead><tbody><tr><td>Gl\u00fctsiin<\/td><td>310 mg<\/td><td>-<\/td><\/tr><tr><td>N-atset\u00fc\u00fclts\u00fcsteiin<\/td><td>190 mg<\/td><td>-<\/td><\/tr><tr><td>Tsink<\/td><td>1,5 mg<\/td><td>15 %<\/td><\/tr><tr><td>Tiamiin (B1-vitamiin)<\/td><td>0,165 mg<\/td><td>15 %<\/td><\/tr><tr><td>D3-vitamiin<\/td><td>0,75 \u00b5g<\/td><td>15 %<\/td><\/tr><\/tbody><\/table><\/figure>\n\n\n\n<p>*RMV - viitetoitev\u00e4\u00e4rtus<br>**RMV ei ole t\u00e4psustatud<\/p>\n\n\n\n<p><a href=\"https:\/\/drive.google.com\/file\/d\/1OCJjLg6Bl6FbE2B-Tt8HSfgWe30hk91l\/view\" target=\"_blank\" rel=\"noreferrer noopener\">COA sertifikaat<\/a><\/p>\n\n\n\n<p>Kas otsite rohkem? Vaadake t\u00e4ielikku <a href=\"\/ee\/tootesildid\/l-cell\/\">L Cell sortimenti<\/a>.<\/p>","protected":false},"excerpt":{"rendered":"<p data-start=\"211\" data-end=\"297\"><strong data-start=\"215\" data-end=\"297\">L Cell GlyNAC - rakkude v\u00e4rskendamine energia, meelte selguse ja pikaealisuse saavutamiseks. <\/strong><strong data-start=\"299\" data-end=\"317\">L Cell GlyNAC\u00ae<\/strong> - on kahe olulise aminohappe, gl\u00fctsiini ja N-atset\u00fc\u00fclts\u00fcsteiini kombinatsioon, et toetada organismi loomulikku glutatiooni taset. Glutatioon on \u00fcks t\u00e4htsamaid sisemisi antioks\u00fcdante, mis kaitseb rakke oks\u00fcdatiivse stressi, vananemise ja p\u00f5letikuliste kahjustuste eest. GlyNAC v\u00f5ib aidata s\u00e4ilitada energiat, selgemat m\u00f5tlemist, paremat f\u00fc\u00fcsilist vormi ja kiiremat taastumist f\u00fc\u00fcsilisest v\u00f5i emotsionaalsest stressist. Seda preparaati hindavad \u00fcha enam mitte ainult sportlased, vaid ka need, kes otsivad pikaajalist tuge tervisele. <\/p>\n<p><strong data-start=\"851\" data-end=\"875\"> Miks valida:<br \/><\/strong>\u2714\ufe0f 500 mg GlyNAC kapsli kohta on optimaalne p\u00e4evane kogus.<br data-start=\"937\" data-end=\"940\" \/>\u2714\ufe0f Toetab rakkude kaitset oks\u00fcdatiivse stressi eest.<br data-start=\"990\" data-end=\"993\" \/>\u2714\ufe0f Aitab kaasa energiatootmisele, n\u00e4rvi- ja lihastegevusele.<br data-start=\"1054\" data-end=\"1057\" \/>\u2714\ufe0f Stimuleerib glutatiooni s\u00fcnteesi - tugevam immuunsus ja pikaealisus.<br data-start=\"1128\" data-end=\"1131\" \/>\u2714\ufe0f &gt;99 % puhtus - ei sisalda tarbetuid lisandeid.<br data-start=\"1173\" data-end=\"1176\" \/>\u2714\ufe0f Vegan koostis - taimsed HPMC kapslid<br data-start=\"1222\" data-end=\"1225\" \/>\u2714\ufe0f Laboratoorselt kontrollitud ohutuse ja t\u00f5hususe suhtes.<br data-start=\"1278\" data-end=\"1281\" \/>\u2714\ufe0f GMOde, s\u00e4ilitusainete, l\u00f5hna- ja maitseainete ning allergeenide vaba.<\/p>\n<p><strong>Kohaletoimetamine Leedus:<\/strong> 2-3 t\u00f6\u00f6p\u00e4eva.<\/p>","protected":false},"featured_media":31873,"comment_status":"open","ping_status":"closed","template":"","meta":{"_acf_changed":false},"product_brand":[433],"product_cat":[122,251,257,248,123,249,256],"product_tag":[],"class_list":{"0":"post-31845","1":"product","2":"type-product","3":"status-publish","4":"has-post-thumbnail","6":"product_brand-l-cell","7":"product_cat-lasteliu-jaunystei","8":"product_cat-antioksidantai","9":"product_cat-atmintis-ir-demesys","10":"product_cat-nad-ir-mitochondrijos","11":"product_cat-papildai-ilgaamziskumui","12":"product_cat-senolitikai","13":"product_cat-smegenims-ir-atminciai","15":"first","16":"outofstock","17":"shipping-taxable","18":"purchasable","19":"product-type-simple"},"acf":[],"tiered_pricing_type":"fixed","tiered_pricing_fixed_rules":[],"tiered_pricing_product_settings":{"layout":"default","base_unit_name":{"singular":null,"plural":null},"default_variation":null},"tiered_pricing_minimum_quantity":null,"tiered_pricing_roles_data":[],"tiered_pricing_percentage_rules":[],"_links":{"self":[{"href":"https:\/\/purama.lt\/ee\/wp-json\/wp\/v2\/product\/31845","targetHints":{"allow":["GET"]}}],"collection":[{"href":"https:\/\/purama.lt\/ee\/wp-json\/wp\/v2\/product"}],"about":[{"href":"https:\/\/purama.lt\/ee\/wp-json\/wp\/v2\/types\/product"}],"replies":[{"embeddable":true,"href":"https:\/\/purama.lt\/ee\/wp-json\/wp\/v2\/comments?post=31845"}],"wp:featuredmedia":[{"embeddable":true,"href":"https:\/\/purama.lt\/ee\/wp-json\/wp\/v2\/media\/31873"}],"wp:attachment":[{"href":"https:\/\/purama.lt\/ee\/wp-json\/wp\/v2\/media?parent=31845"}],"wp:term":[{"taxonomy":"product_brand","embeddable":true,"href":"https:\/\/purama.lt\/ee\/wp-json\/wp\/v2\/product_brand?post=31845"},{"taxonomy":"product_cat","embeddable":true,"href":"https:\/\/purama.lt\/ee\/wp-json\/wp\/v2\/product_cat?post=31845"},{"taxonomy":"product_tag","embeddable":true,"href":"https:\/\/purama.lt\/ee\/wp-json\/wp\/v2\/product_tag?post=31845"}],"curies":[{"name":"wp","href":"https:\/\/api.w.org\/{rel}","templated":true}]}}