{"id":31844,"date":"2025-01-20T19:28:42","date_gmt":"2025-01-20T19:28:42","guid":{"rendered":"https:\/\/purama.lt\/produktas\/l-cell-fisetinas-milteliai-15g\/"},"modified":"2026-04-29T14:17:24","modified_gmt":"2026-04-29T12:17:24","slug":"l-raku-fisetiini-pulber-15g","status":"publish","type":"product","link":"https:\/\/purama.lt\/ee\/produktas\/l-cell-fisetinas-milteliai-15g\/","title":{"rendered":"L Cell Fisetin (pulber, 15g)"},"content":{"rendered":"<p><strong>Tarbimine:<\/strong> 1-2 lusikat\u00e4it pulbrit (250-500 mg fisetiini) hommikul. Maksimaalse imendumise saavutamiseks v\u00f5tke koos rasvase toiduga, nagu jogurt, avokaado, oliivi\u00f5li jne.<\/p>\n\n\n\n<hr class=\"wp-block-separator has-alpha-channel-opacity\" \/>\n\n\n\n<p><strong>Koostisained:<\/strong> European Puffball ekstrakt (\u226598 % fisetiin), tsinkgl\u00fckonaat, kolekaltsiferool.<\/p>\n\n\n\n<hr class=\"wp-block-separator has-alpha-channel-opacity\" \/>\n\n\n\n<p><strong>Toitev\u00e4\u00e4rtus<\/strong> (2 lusikat\u00e4it):<\/p>\n\n\n\n<figure class=\"wp-block-table\"><table class=\"has-fixed-layout\"><thead><tr><th><strong>Toitained<\/strong><\/th><th><strong>Kogus<\/strong><\/th><th><strong>% RMV*<\/strong><\/th><\/tr><\/thead><tbody><tr><td>Euroopa Puffball ekstrakt (98 % fisetiin)<\/td><td>500 mg<\/td><td>-<\/td><\/tr><tr><td>Tsink<\/td><td>1,5 mg<\/td><td>15 %<\/td><\/tr><tr><td>D3-vitamiin<\/td><td>0,75 \u00b5g<\/td><td>15 %<\/td><\/tr><\/tbody><\/table><\/figure>\n\n\n\n<p>*RMV - viitetoitev\u00e4\u00e4rtus<br>**RMV ei ole t\u00e4psustatud<\/p>\n\n\n\n<p><a href=\"https:\/\/drive.google.com\/file\/d\/1hIvdXIORI4rPRIZRa5ITcU3mcDucjLj3\/view\" target=\"_blank\" rel=\"noreferrer noopener\">COA sertifikaat<\/a><\/p>\n\n\n\n<p>Kas otsite rohkem? Vaadake t\u00e4ielikku <a href=\"\/ee\/tootesildid\/l-cell\/\">L Cell sortimenti<\/a>.<\/p>","protected":false},"excerpt":{"rendered":"<p data-start=\"174\" data-end=\"255\"><strong data-start=\"178\" data-end=\"255\">L Cell Fisetin - t\u00e4iustatud lahendus rakkude kaitseks ja pikaealisuseks.\u00a0<\/strong><strong data-start=\"257\" data-end=\"276\">L Cell Fisetin\u00ae<\/strong> - on looduslik toidulisand, mis p\u00f5hineb puhtal Euroopa Puffball'i ekstraktil, mis on loodud v\u00f5itlema rakkude vananemise ja p\u00f5letiku m\u00f5jude vastu seestpoolt. Fisetiin on \u00fcks k\u00f5ige tugevamaid teadaolevaid <strong data-start=\"468\" data-end=\"482\">Senol\u00fc\u00fctika<\/strong>, toetades keha loomulikku v\u00f5imet vabaneda kahjustatud rakkudest, aidates kaasa tervislikumale ja pikemale elueale. Lisaks aitab fisetiin normaliseerida p\u00f5letikureaktsiooni, hoiab naha, juuksed ja k\u00fc\u00fcned heas seisukorras ning aitab kaasa ainevahetusprotsessidele - eriti oluline neile, kes on mures nii v\u00e4lise ilu kui ka s\u00fcgava rakutervise p\u00e4rast. <\/p>\n<p><strong data-start=\"851\" data-end=\"875\"> Miks valida:<br \/><\/strong>\u2714\ufe0f 98 % puhtus fisetiin - k\u00f5rgeima kvaliteediga Euroopa untasudest.<br data-start=\"946\" data-end=\"949\" \/>\u2714\ufe0f Toetab tasakaalu p\u00f5letikuliste ja immuuns\u00fcsteemi vahel.<br data-start=\"1000\" data-end=\"1003\" \/>\u2714\ufe0f Toimib senol\u00fc\u00fctikumina - soodustab rakkude uuenemist ja kaitset.<br data-start=\"1073\" data-end=\"1076\" \/>\u2714\ufe0f Aitab kaasa normaalsetele juustele, nahale, k\u00fc\u00fcntele ja luudele.<br data-start=\"1139\" data-end=\"1142\" \/>\u2714\ufe0f Aitab s\u00e4ilitada s\u00fcsivesikute ja rasvade ainevahetust.<br data-start=\"1196\" data-end=\"1199\" \/>\u2714\ufe0f Ei sisalda GMOsid, v\u00e4rvaineid, l\u00f5hna- ja maitseaineid ega allergeene.<br data-start=\"1249\" data-end=\"1252\" \/>\u2714\ufe0f Sobib veganitele - 100 % taimep\u00f5hine<br data-start=\"1294\" data-end=\"1297\" \/>\u2714\ufe0f Laboratooriumis testitud koostis ja ohutus<\/p>\n<p><strong>Kohaletoimetamine Leedus:<\/strong> 2-3 t\u00f6\u00f6p\u00e4eva.<\/p>","protected":false},"featured_media":31885,"comment_status":"open","ping_status":"closed","template":"","meta":{"_acf_changed":false},"product_brand":[433],"product_cat":[122,123,249],"product_tag":[],"class_list":{"0":"post-31844","1":"product","2":"type-product","3":"status-publish","4":"has-post-thumbnail","6":"product_brand-l-cell","7":"product_cat-lasteliu-jaunystei","8":"product_cat-papildai-ilgaamziskumui","9":"product_cat-senolitikai","11":"first","12":"outofstock","13":"shipping-taxable","14":"purchasable","15":"product-type-simple"},"acf":[],"tiered_pricing_type":"fixed","tiered_pricing_fixed_rules":[],"tiered_pricing_product_settings":{"layout":"default","base_unit_name":{"singular":null,"plural":null},"default_variation":null},"tiered_pricing_minimum_quantity":null,"tiered_pricing_roles_data":[],"tiered_pricing_percentage_rules":[],"_links":{"self":[{"href":"https:\/\/purama.lt\/ee\/wp-json\/wp\/v2\/product\/31844","targetHints":{"allow":["GET"]}}],"collection":[{"href":"https:\/\/purama.lt\/ee\/wp-json\/wp\/v2\/product"}],"about":[{"href":"https:\/\/purama.lt\/ee\/wp-json\/wp\/v2\/types\/product"}],"replies":[{"embeddable":true,"href":"https:\/\/purama.lt\/ee\/wp-json\/wp\/v2\/comments?post=31844"}],"wp:featuredmedia":[{"embeddable":true,"href":"https:\/\/purama.lt\/ee\/wp-json\/wp\/v2\/media\/31885"}],"wp:attachment":[{"href":"https:\/\/purama.lt\/ee\/wp-json\/wp\/v2\/media?parent=31844"}],"wp:term":[{"taxonomy":"product_brand","embeddable":true,"href":"https:\/\/purama.lt\/ee\/wp-json\/wp\/v2\/product_brand?post=31844"},{"taxonomy":"product_cat","embeddable":true,"href":"https:\/\/purama.lt\/ee\/wp-json\/wp\/v2\/product_cat?post=31844"},{"taxonomy":"product_tag","embeddable":true,"href":"https:\/\/purama.lt\/ee\/wp-json\/wp\/v2\/product_tag?post=31844"}],"curies":[{"name":"wp","href":"https:\/\/api.w.org\/{rel}","templated":true}]}}