{"id":31842,"date":"2025-01-20T19:28:42","date_gmt":"2025-01-20T19:28:42","guid":{"rendered":"https:\/\/purama.lt\/produktas\/l-cell-egcg-milteliai-30g\/"},"modified":"2026-04-14T14:51:40","modified_gmt":"2026-04-14T12:51:40","slug":"l-raku-egcg-pulber-30g","status":"publish","type":"product","link":"https:\/\/purama.lt\/ee\/produktas\/l-cell-egcg-milteliai-30g\/","title":{"rendered":"L Cell EGCg (pulber, 30g)"},"content":{"rendered":"<p><strong>Tarbimine:<\/strong> 2 lusikat\u00e4it pulbrit (500 mg rohelise tee ekstrakti) hommikul. V\u00f5tke enne v\u00f5i p\u00e4rast s\u00f6\u00f6ki, kui teil on tundlik k\u00f5ht. Segage veega v\u00f5i muu vedelikuga.<\/p>\n\n\n\n<hr class=\"wp-block-separator has-alpha-channel-opacity\"\/>\n\n\n\n<p><strong>Koostisained:<\/strong> Rohelise tee ekstrakt (\u226590 % EGCg), tsingigl\u00fckonaat, tiamiinvesinikkloriid, kolekaltsiferool.<\/p>\n\n\n\n<hr class=\"wp-block-separator has-alpha-channel-opacity\"\/>\n\n\n\n<p><strong>Toitev\u00e4\u00e4rtus<\/strong> (2 lusikat\u00e4it):<\/p>\n\n\n\n<figure class=\"wp-block-table\"><table class=\"has-fixed-layout\"><thead><tr><th><strong>Toitained<\/strong><\/th><th><strong>Kogus<\/strong><\/th><th><strong>% RMV*<\/strong><\/th><\/tr><\/thead><tbody><tr><td>Rohelise tee ekstrakt<\/td><td>500 mg<\/td><td>-<\/td><\/tr><tr><td>...millest EGCg<\/td><td>450 mg<\/td><td>-<\/td><\/tr><tr><td>Tsink<\/td><td>1,5 mg<\/td><td>15 %<\/td><\/tr><tr><td>Tiamiin (B1-vitamiin)<\/td><td>0,165 mg<\/td><td>15 %<\/td><\/tr><tr><td>D3-vitamiin<\/td><td>0,75 \u00b5g<\/td><td>15 %<\/td><\/tr><\/tbody><\/table><\/figure>\n\n\n\n<p>*RMV - viitetoitev\u00e4\u00e4rtus<br>**RMV ei ole t\u00e4psustatud<\/p>\n\n\n\n<p><a href=\"https:\/\/drive.google.com\/file\/d\/1bzjBLXmjG3HkWPht77CFcVXNNFDqzh2o\/view\" target=\"_blank\" rel=\"noreferrer noopener\">COA sertifikaat<\/a><\/p>\n\n\n\n<p>Kas otsite rohkem? Vaadake t\u00e4ielikku <a href=\"\/ee\/tootesildid\/l-cell\/\">L Cell sortimenti<\/a>.<\/p>","protected":false},"excerpt":{"rendered":"<p data-start=\"163\" data-end=\"243\"><strong data-start=\"167\" data-end=\"243\">L Cell EGCg - v\u00f5imas taimne kaitse teie rakkude, s\u00fcdame ja meele jaoks.\u00a0<\/strong><strong data-start=\"245\" data-end=\"261\">L Cell EGCg\u00ae<\/strong> - on rohelise tee ekstrakti kontsentreeritud koostis, mis sisaldab rohkem kui 90 % epigallokatekiingallaati (EGCg), mis on \u00fcks v\u00f5imsamaid looduslikke antioks\u00fcdante. See \u00fchend aitab kaitsta organismi oks\u00fcdatiivse stressi eest, toetab kognitiivseid funktsioone, tugevdab immuuns\u00fcsteemi ja p\u00e4rsib p\u00f5letikulisi protsesse rakutasandil. EGCg on sageli seotud pikaealisuse ja parema \u00fcldise heaoluga, aidates kaitsta s\u00fcdant, stimuleerida energia ainevahetust ja reguleerida immuunvastust. See on suurep\u00e4rane valik neile, kes otsivad looduslikku, kuid teaduslikult p\u00f5hjendatud igap\u00e4evast toetust. <\/p>\n<p><strong data-start=\"851\" data-end=\"875\">Miks valida:<br \/><\/strong>\u2714\ufe0f 450 mg EGCg portsjoni kohta - erakordselt k\u00f5rge kontsentratsioon.<br data-start=\"944\" data-end=\"947\" \/>\u2714\ufe0f Tugev antioks\u00fcdant ja p\u00f5letiku modulaator.<br data-start=\"998\" data-end=\"1001\" \/>\u2714\ufe0f Toetab kognitiivseid, n\u00e4rvilisi ja s\u00fcdamefunktsioone.<br data-start=\"1061\" data-end=\"1064\" \/>\u2714\ufe0f Toimetab senomorfne - toetab rakkude vastupanuv\u00f5imet ja tervislikku vananemist.<br data-start=\"1139\" data-end=\"1142\" \/>\u2714\ufe0f Looduslikud, GMO-vabad ja s\u00fcnteetilised lisandid.<br data-start=\"1183\" data-end=\"1186\" \/>\u2714\ufe0f Sobib veganitele - puhtad, taimep\u00f5hised koostisosad.<br data-start=\"1229\" data-end=\"1232\" \/>\u2714\ufe0f Laboratooriumis puhtuse ja ohutuse tagamiseks testitud<br data-start=\"1282\" data-end=\"1285\" \/>\u2714\ufe0f 60+ p\u00e4evased portsjonid - kuluefektiivne ja t\u00f5hus lahendus.<\/p>\n<p><strong>Kohaletoimetamine Leedus:<\/strong> 2-3 t\u00f6\u00f6p\u00e4eva.<\/p>","protected":false},"featured_media":31872,"comment_status":"open","ping_status":"closed","template":"","meta":{"_acf_changed":false},"product_brand":[433],"product_cat":[122,251,257,259,123,256,258],"product_tag":[],"class_list":{"0":"post-31842","1":"product","2":"type-product","3":"status-publish","4":"has-post-thumbnail","6":"product_brand-l-cell","7":"product_cat-lasteliu-jaunystei","8":"product_cat-antioksidantai","9":"product_cat-atmintis-ir-demesys","10":"product_cat-nuotaika-ir-stresas","11":"product_cat-papildai-ilgaamziskumui","12":"product_cat-smegenims-ir-atminciai","13":"product_cat-smegenu-apsauga","15":"first","16":"instock","17":"shipping-taxable","18":"purchasable","19":"product-type-simple"},"acf":[],"tiered_pricing_type":"fixed","tiered_pricing_fixed_rules":[],"tiered_pricing_product_settings":{"layout":"default","base_unit_name":{"singular":null,"plural":null},"default_variation":null},"tiered_pricing_minimum_quantity":null,"tiered_pricing_roles_data":[],"tiered_pricing_percentage_rules":[],"_links":{"self":[{"href":"https:\/\/purama.lt\/ee\/wp-json\/wp\/v2\/product\/31842","targetHints":{"allow":["GET"]}}],"collection":[{"href":"https:\/\/purama.lt\/ee\/wp-json\/wp\/v2\/product"}],"about":[{"href":"https:\/\/purama.lt\/ee\/wp-json\/wp\/v2\/types\/product"}],"replies":[{"embeddable":true,"href":"https:\/\/purama.lt\/ee\/wp-json\/wp\/v2\/comments?post=31842"}],"wp:featuredmedia":[{"embeddable":true,"href":"https:\/\/purama.lt\/ee\/wp-json\/wp\/v2\/media\/31872"}],"wp:attachment":[{"href":"https:\/\/purama.lt\/ee\/wp-json\/wp\/v2\/media?parent=31842"}],"wp:term":[{"taxonomy":"product_brand","embeddable":true,"href":"https:\/\/purama.lt\/ee\/wp-json\/wp\/v2\/product_brand?post=31842"},{"taxonomy":"product_cat","embeddable":true,"href":"https:\/\/purama.lt\/ee\/wp-json\/wp\/v2\/product_cat?post=31842"},{"taxonomy":"product_tag","embeddable":true,"href":"https:\/\/purama.lt\/ee\/wp-json\/wp\/v2\/product_tag?post=31842"}],"curies":[{"name":"wp","href":"https:\/\/api.w.org\/{rel}","templated":true}]}}