{"id":31841,"date":"2025-01-20T19:28:42","date_gmt":"2025-01-20T19:28:42","guid":{"rendered":"https:\/\/purama.lt\/produktas\/l-cell-egcg-450mg-kapsules-60-vnt\/"},"modified":"2026-04-03T15:07:51","modified_gmt":"2026-04-03T13:07:51","slug":"l-cell-egcg-450mg-kapslid-60-tk","status":"publish","type":"product","link":"https:\/\/purama.lt\/ee\/produktas\/l-cell-egcg-450mg-kapsules-60-vnt\/","title":{"rendered":"L Cell EGCg (450mg kapslid, 60 t\u00fckki)"},"content":{"rendered":"<p><strong>Tarbimine:<\/strong> 1 kapsel p\u00e4evas mis tahes kellaaegadel koos klaasi veega.<\/p>\n\n\n\n<hr class=\"wp-block-separator has-alpha-channel-opacity\"\/>\n\n\n\n<p><strong>Koostisained:<\/strong> Rohelise tee ekstrakt (\u226590 % EGCg), kapsli kest (h\u00fcpromelloos), tsingigl\u00fckonaat, tiamiinvesinikkloriid, kolekaltsiferool.<\/p>\n\n\n\n<hr class=\"wp-block-separator has-alpha-channel-opacity\"\/>\n\n\n\n<p><strong>Toitev\u00e4\u00e4rtus<\/strong> (1 kapsel):<\/p>\n\n\n\n<figure class=\"wp-block-table\"><table class=\"has-fixed-layout\"><thead><tr><th><strong>Toitained<\/strong><\/th><th><strong>Kogus<\/strong><\/th><th><strong>% RMV*<\/strong><\/th><\/tr><\/thead><tbody><tr><td>Rohelise tee ekstrakt<\/td><td>500 mg<\/td><td>-<\/td><\/tr><tr><td>...millest EGCg<\/td><td>450 mg<\/td><td>-<\/td><\/tr><tr><td>Tsink<\/td><td>1,5 mg<\/td><td>15 %<\/td><\/tr><tr><td>Tiamiin (B1-vitamiin)<\/td><td>0,165 mg<\/td><td>15 %<\/td><\/tr><tr><td>D3-vitamiin<\/td><td>0,75 \u00b5g<\/td><td>15 %<\/td><\/tr><\/tbody><\/table><\/figure>\n\n\n\n<p>*RMV - viitetoitev\u00e4\u00e4rtus<br>**RMV ei ole t\u00e4psustatud<\/p>\n\n\n\n<p><a href=\"https:\/\/drive.google.com\/file\/d\/1bzjBLXmjG3HkWPht77CFcVXNNFDqzh2o\/view\" target=\"_blank\" rel=\"noreferrer noopener\">COA sertifikaat<\/a><\/p>\n\n\n\n<p>Kas otsite rohkem? Vaadake t\u00e4ielikku <a href=\"\/ee\/tootesildid\/l-cell\/\">L Cell sortimenti<\/a>.<\/p>","protected":false},"excerpt":{"rendered":"<p data-start=\"163\" data-end=\"241\"><strong data-start=\"167\" data-end=\"241\">L Cell EGCg - t\u00e4iustatud antioks\u00fcdantide kaitse teie rakkude ja meele jaoks.\u00a0<\/strong><strong data-start=\"243\" data-end=\"259\">L Cell EGCg\u00ae<\/strong> - on k\u00f5rge kontsentratsiooniga epigallokatekiingallaadi (EGCg) valem, mis on saadud rohelise tee ekstraktist. Iga kapsel sisaldab nii palju kui <strong data-start=\"395\" data-end=\"410\">450 mg EGCg<\/strong>, mis toetab organismi loomulikku kaitset oks\u00fcdatiivse stressi vastu, reguleerib p\u00f5letikulisi protsesse ja aitab kaasa tervele vananemisele. EGCg ei toimi mitte ainult rakutasandil, vaid aitab ka s\u00e4ilitada normaalset kognitiivset funktsiooni, emotsionaalset tasakaalu ja s\u00fcdame-veresoonkonna funktsiooni. See on \u00fcks t\u00f5husamaid looduslikke antioks\u00fcdante. <\/p>\n<p><strong data-start=\"880\" data-end=\"904\">Miks valida:<br \/><\/strong>\u2714\ufe0f 450 mg EGCg kapsli kohta - k\u00f5rge kontsentratsioon looduslikust allikast.<br data-start=\"984\" data-end=\"987\" \/>\u2714\ufe0f Toimib tugeva antioks\u00fcdandi ja p\u00f5letiku modulaatorina.<br data-start=\"1050\" data-end=\"1053\" \/>\u2714\ufe0f Toetab vaimset v\u00f5imekust, emotsionaalset tasakaalu ja s\u00fcdametegevust.<br data-start=\"1115\" data-end=\"1118\" \/>\u2714\ufe0f Senomorfne toime - toetab tervislikku vananemist.<br data-start=\"1176\" data-end=\"1179\" \/>\u2714\ufe0f &gt;90 % puhtus rohelise tee ekstraktist<br data-start=\"1227\" data-end=\"1230\" \/>\u2714\ufe0f Sobib veganitele - ei sisalda loomseid materjale.<br data-start=\"1278\" data-end=\"1281\" \/>\u2714\ufe0f Laboratooriumis puhtuse ja ohutuse tagamiseks testitud<br data-start=\"1329\" data-end=\"1332\" \/>\u2714\ufe0f Ei sisalda GMOsid, s\u00e4ilitusaineid, l\u00f5hna- ja maitseaineid ega allergeene.<\/p>\n<p><strong>Kohaletoimetamine Leedus:<\/strong> 2-3 t\u00f6\u00f6p\u00e4eva.<\/p>","protected":false},"featured_media":31884,"comment_status":"open","ping_status":"closed","template":"","meta":{"_acf_changed":false},"product_brand":[433],"product_cat":[122,253,252,255,123,254],"product_tag":[],"class_list":{"0":"post-31841","1":"product","2":"type-product","3":"status-publish","4":"has-post-thumbnail","6":"product_brand-l-cell","7":"product_cat-lasteliu-jaunystei","8":"product_cat-imuniteto-palaikymas","9":"product_cat-imunitetui","10":"product_cat-oksidacinio-streso-mazinimas","11":"product_cat-papildai-ilgaamziskumui","12":"product_cat-uzdegimo-mazinimas","14":"first","15":"instock","16":"shipping-taxable","17":"purchasable","18":"product-type-simple"},"acf":[],"tiered_pricing_type":"fixed","tiered_pricing_fixed_rules":[],"tiered_pricing_product_settings":{"layout":"default","base_unit_name":{"singular":null,"plural":null},"default_variation":null},"tiered_pricing_minimum_quantity":null,"tiered_pricing_roles_data":[],"tiered_pricing_percentage_rules":[],"_links":{"self":[{"href":"https:\/\/purama.lt\/ee\/wp-json\/wp\/v2\/product\/31841","targetHints":{"allow":["GET"]}}],"collection":[{"href":"https:\/\/purama.lt\/ee\/wp-json\/wp\/v2\/product"}],"about":[{"href":"https:\/\/purama.lt\/ee\/wp-json\/wp\/v2\/types\/product"}],"replies":[{"embeddable":true,"href":"https:\/\/purama.lt\/ee\/wp-json\/wp\/v2\/comments?post=31841"}],"wp:featuredmedia":[{"embeddable":true,"href":"https:\/\/purama.lt\/ee\/wp-json\/wp\/v2\/media\/31884"}],"wp:attachment":[{"href":"https:\/\/purama.lt\/ee\/wp-json\/wp\/v2\/media?parent=31841"}],"wp:term":[{"taxonomy":"product_brand","embeddable":true,"href":"https:\/\/purama.lt\/ee\/wp-json\/wp\/v2\/product_brand?post=31841"},{"taxonomy":"product_cat","embeddable":true,"href":"https:\/\/purama.lt\/ee\/wp-json\/wp\/v2\/product_cat?post=31841"},{"taxonomy":"product_tag","embeddable":true,"href":"https:\/\/purama.lt\/ee\/wp-json\/wp\/v2\/product_tag?post=31841"}],"curies":[{"name":"wp","href":"https:\/\/api.w.org\/{rel}","templated":true}]}}