{"id":31840,"date":"2025-01-20T19:28:41","date_gmt":"2025-01-20T19:28:41","guid":{"rendered":"https:\/\/purama.lt\/produktas\/l-cell-kreatino-monohidratas-milteliai-300g\/"},"modified":"2026-04-03T15:21:56","modified_gmt":"2026-04-03T13:21:56","slug":"l-raku-kreatiinmonohudraadi-pulber-300g","status":"publish","type":"product","link":"https:\/\/purama.lt\/ee\/produktas\/l-cell-kreatino-monohidratas-milteliai-300g\/","title":{"rendered":"L Cell Kreatiinmonoh\u00fcdraat"},"content":{"rendered":"<h3 class=\"wp-block-heading\">Kuidas kasutada<\/h3>\n\n\n\n<p>2 arbatiniai \u0161auk\u0161teliai (apie 5 g) milteli\u0173 ryte arba prie\u0161 mank\u0161t\u0105. Sumai\u0161ykite su vandeniu, vynuogi\u0173 sultimis ar kitu m\u0117gstamu g\u0117rimu. Siekdami geriausio pasisavinimo, sumai\u0161ykite su angliavandeniais turin\u010diu skys\u010diu (pvz. sultimis).<\/p>\n\n\n\n<h3 class=\"wp-block-heading\">Koostisosad<\/h3>\n\n\n\n<p>Kreatino monohidratas (mikronizuotas, 500 mesh), cinko gliukonatas.<\/p>\n\n\n\n<h3 class=\"wp-block-heading\">Maistin\u0117 vert\u0117 (2 arbatiniuose \u0161auk\u0161teliuose, ~5 g)<\/h3>\n\n\n\n<figure class=\"wp-block-table\"><table class=\"has-fixed-layout\"><thead><tr><th>Toitained<\/th><th>Kogus<\/th><th>% RMV*<\/th><\/tr><\/thead><tbody><tr><td>Kreatiinmonoh\u00fcdraat<\/td><td>5 000 mg<\/td><td>-<\/td><\/tr><tr><td>Tsink<\/td><td>1,5 mg<\/td><td>15 %<\/td><\/tr><\/tbody><\/table><\/figure>\n\n\n\n<p>*RMV \u2013 referencin\u0117 maistin\u0117 vert\u0117. ** RMV nenustatyta.<\/p>\n\n\n\n<h3 class=\"wp-block-heading\">Saugojimas<\/h3>\n\n\n\n<p>Laikyti tamsioje, v\u0117sioje, vaikams nepasiekiamoje vietoje. Nevir\u0161yti nustatytos rekomenduojamos doz\u0117s. Maisto papildas netur\u0117t\u0173 b\u016bti vartojamas kaip maisto pakaitalas. Galiojimas: 24 m\u0117nesiai. Pagaminta Lietuvoje.<\/p>\n\n\n\n<p>Kas otsite rohkem? Vaadake t\u00e4ielikku <a href=\"\/ee\/tootesildid\/l-rakk\/\">L Cell sortimenti<\/a>.<\/p>","protected":false},"excerpt":{"rendered":"<p>L Cell Kreatino Monohidratas: ultra mikronizuotas (500 mesh, 19 mikron\u0173 dalel\u0117s) kreatinas, itin gerai tirpstantis vandenyje ir lengvai pasisavinamas. Skirtas fiziniam paj\u0117gumui, raumen\u0173 funkcijai ir kognityvinei veiklai palaikyti.<\/p>\n<p><strong>Miks valida:<\/strong><br \/>\n\u2714\ufe0f 5 g kreatino vienoje porcijoje \u2013 optimali kasdien\u0117 doz\u0117<br \/>\n\u2714\ufe0f 500 mesh (19 mikron\u0173) mikronizavimas \u2013 2,5x smulkesn\u0117s dalel\u0117s nei \u012fprastai rinkoje<br \/>\n\u2714\ufe0f Ultra tirpus vandenyje \u2013 greitai i\u0161tirpsta ir lengvai pasisavina<br \/>\n\u2714\ufe0f Padidina fizin\u012f paj\u0117gum\u0105 atliekant intensyvius trumpalaikius pratimus<br \/>\n\u2714\ufe0f Gali sustiprinti j\u0117gos treniruo\u010di\u0173 poveik\u012f asmenims vyresniems nei 55 m.<br \/>\n\u2714\ufe0f Prisideda prie normalios kognityvin\u0117s funkcijos<br \/>\n\u2714\ufe0f Daugiau nei 98 % grynumas<br \/>\n\u2714\ufe0f Neutralaus skonio \u2013 tinka mai\u0161yti su vandeniu, sultimis ar kitu g\u0117rimu<br \/>\n\u2714\ufe0f Tinka veganams, be GMO, dirbtini\u0173 da\u017eikli\u0173 ar konservant\u0173<br \/>\n\u2714\ufe0f Pagaminta Lietuvoje, GMP ir ISO 22000 sertifikuotoje laboratorijoje<br \/>\n\u2714\ufe0f 300 g \u2013 60+ dien\u0173 kursas<\/p>","protected":false},"featured_media":47651,"comment_status":"open","ping_status":"closed","template":"","meta":{"_acf_changed":false},"product_brand":[433],"product_cat":[122,279,280,123,281,98],"product_tag":[],"class_list":{"0":"post-31840","1":"product","2":"type-product","3":"status-publish","4":"has-post-thumbnail","6":"product_brand-l-cell","7":"product_cat-lasteliu-jaunystei","8":"product_cat-kaulams-ir-sanariams","9":"product_cat-kaulu-stiprinimas","10":"product_cat-papildai-ilgaamziskumui","11":"product_cat-raumenu-palaikymas","12":"product_cat-sportui","14":"first","15":"outofstock","16":"shipping-taxable","17":"purchasable","18":"product-type-simple"},"acf":[],"tiered_pricing_type":"fixed","tiered_pricing_fixed_rules":[],"tiered_pricing_product_settings":{"layout":"default","base_unit_name":{"singular":null,"plural":null},"default_variation":null},"tiered_pricing_minimum_quantity":null,"tiered_pricing_roles_data":[],"tiered_pricing_percentage_rules":[],"_links":{"self":[{"href":"https:\/\/purama.lt\/ee\/wp-json\/wp\/v2\/product\/31840","targetHints":{"allow":["GET"]}}],"collection":[{"href":"https:\/\/purama.lt\/ee\/wp-json\/wp\/v2\/product"}],"about":[{"href":"https:\/\/purama.lt\/ee\/wp-json\/wp\/v2\/types\/product"}],"replies":[{"embeddable":true,"href":"https:\/\/purama.lt\/ee\/wp-json\/wp\/v2\/comments?post=31840"}],"wp:featuredmedia":[{"embeddable":true,"href":"https:\/\/purama.lt\/ee\/wp-json\/wp\/v2\/media\/47651"}],"wp:attachment":[{"href":"https:\/\/purama.lt\/ee\/wp-json\/wp\/v2\/media?parent=31840"}],"wp:term":[{"taxonomy":"product_brand","embeddable":true,"href":"https:\/\/purama.lt\/ee\/wp-json\/wp\/v2\/product_brand?post=31840"},{"taxonomy":"product_cat","embeddable":true,"href":"https:\/\/purama.lt\/ee\/wp-json\/wp\/v2\/product_cat?post=31840"},{"taxonomy":"product_tag","embeddable":true,"href":"https:\/\/purama.lt\/ee\/wp-json\/wp\/v2\/product_tag?post=31840"}],"curies":[{"name":"wp","href":"https:\/\/api.w.org\/{rel}","templated":true}]}}