{"id":31839,"date":"2025-01-20T19:28:41","date_gmt":"2025-01-20T19:28:41","guid":{"rendered":"https:\/\/purama.lt\/produktas\/l-cell-hidrolizuoti-kolageno-peptidai-milteliai-300g\/"},"modified":"2026-04-08T09:10:43","modified_gmt":"2026-04-08T07:10:43","slug":"l-rakkude-hudroluusitud-kollageeni-peptiidide-pulber-300g","status":"publish","type":"product","link":"https:\/\/purama.lt\/ee\/produktas\/l-cell-hidrolizuoti-kolageno-peptidai-milteliai-300g\/","title":{"rendered":"L Cell H\u00fcdrol\u00fc\u00fcsitud kollageeni peptiidid"},"content":{"rendered":"<p><strong>Tarbimine:<\/strong> Kasutage p\u00e4rast <strong>4 teelusikat\u00e4it (umbes 10 g)<\/strong> hommikul, p\u00e4rast s\u00f6\u00f6ki. Segage vee, mahla v\u00f5i oma lemmikjoogiga ja jooge.<\/p>\n\n\n\n<hr class=\"wp-block-separator has-alpha-channel-opacity\"\/>\n\n\n\n<p><strong>Koostisained:<\/strong> H\u00fcdrol\u00fc\u00fcsitud merekollageeni peptiidid (I, II, III t\u00fc\u00fcpi), tsingigl\u00fckonaat, kolekaltsiferool.<\/p>\n\n\n\n<hr class=\"wp-block-separator has-alpha-channel-opacity\"\/>\n\n\n\n<p><strong>Toitev\u00e4\u00e4rtus<\/strong> (4 teelusikat\u00e4it):<\/p>\n\n\n\n<figure class=\"wp-block-table\"><table class=\"has-fixed-layout\"><thead><tr><th><strong>Toitained<\/strong><\/th><th><strong>Kogus<\/strong><\/th><th><strong>% RMV*<\/strong><\/th><\/tr><\/thead><tbody><tr><td>H\u00fcdrol\u00fc\u00fcsitud kollageen<\/td><td>10 g<\/td><td>-<\/td><\/tr><tr><td>Tsink<\/td><td>1,5 mg<\/td><td>15 %<\/td><\/tr><tr><td>D3-vitamiin<\/td><td>0,75 \u00b5g<\/td><td>15 %<\/td><\/tr><\/tbody><\/table><\/figure>\n\n\n\n<p>*RMV - viitetoitev\u00e4\u00e4rtus<br>**RMV ei ole t\u00e4psustatud<\/p>\n\n\n\n<p><a href=\"https:\/\/drive.google.com\/file\/d\/1FlpIlljpDMpY-UdPjOs-GXfEjpj7fa2q\/view\" target=\"_blank\" rel=\"noreferrer noopener\">COA sertifikaat<\/a><\/p>\n\n\n\n<p>Kas otsite rohkem? Vaadake t\u00e4ielikku <a href=\"\/ee\/tootesildid\/l-rakk\/\">L Cell sortimenti<\/a>.<\/p>\n\n\n\n<p>Loe kollageeni kohta l\u00e4hemalt meie <a href=\"\/ee\/kolagenas-gidas\/\">kollageeni giid<\/a>.<\/p>","protected":false},"excerpt":{"rendered":"<p data-start=\"165\" data-end=\"249\"><strong data-start=\"169\" data-end=\"249\">L Cell Kollageenipeptiidid - sisemine tugevus teie nahale, liigestele ja ilule.\u00a0<\/strong><strong data-start=\"251\" data-end=\"292\">L Cell h\u00fcdrol\u00fc\u00fcsitud kollageeni peptiidid\u00ae<\/strong> valem on k\u00f5rgeima kvaliteediga <strong data-start=\"328\" data-end=\"367\">I, II ja III t\u00fc\u00fcpi merekollageen<\/strong>, Koostatud selleks, et aidata taastada naha elastsust, s\u00e4ilitada liigeste paindlikkust ning tugevdada juuste ja k\u00fc\u00fcnte struktuuri. Seda kollageeni kontsentreeritud vormi iseloomustab suurep\u00e4rane imendumine, neutraalne maitse ja k\u00f5rge biosaadavus. See ei ole mitte ainult lahendus ilu, vaid ka liikumisvabaduse s\u00e4ilitamiseks - eriti oluline neile, kes kannatavad liigeste vaevuste, p\u00f5letikuliste protsesside all v\u00f5i soovivad s\u00e4ilitada tugevaid luid. Regulaarne kasutamine aitab kaasa keha \u00fcldisele heaolule - seestpoolt. <\/p>\n<p><strong data-start=\"878\" data-end=\"902\"> Miks valida:<br \/><\/strong>\u2714\ufe0f 10 g merekollageeni portsjoni kohta - suur ja t\u00f5hus annus.<br data-start=\"974\" data-end=\"977\" \/>\u2714\ufe0f Toetab nahka, k\u00fc\u00fcsi, juukseid ja liigeseid.<br data-start=\"1023\" data-end=\"1026\" \/>\u2714\ufe0f I, II ja III t\u00fc\u00fcpi kollageenikompleks - terviklik m\u00f5ju<br data-start=\"1090\" data-end=\"1093\" \/>\u2714\ufe0f Valmistatud kalast - biosaadavam kui veistest<br data-start=\"1163\" data-end=\"1166\" \/>\u2714\ufe0f Ei ole kalal\u00f5hna - kergesti segatav ja neutraalse maitsega.<br data-start=\"1224\" data-end=\"1227\" \/>\u2714\ufe0f Sobib taimetoitlastele* - ilma \u017eelatiini, piima- v\u00f5i muude loomsete lisanditeta.<br data-start=\"1294\" data-end=\"1297\" \/>\u2714\ufe0f Ei sisalda GMOsid, v\u00e4rvaineid, l\u00f5hna- ja maitseaineid ega allergeene.<br data-start=\"1347\" data-end=\"1350\" \/>\u2714\ufe0f Laboratooriumis puhtuse ja ohutuse tagamiseks testitud<\/p>","protected":false},"featured_media":47652,"comment_status":"open","ping_status":"closed","template":"","meta":{"_acf_changed":false},"product_brand":[433],"product_cat":[123,57,279,273,274,275],"product_tag":[],"class_list":{"0":"post-31839","1":"product","2":"type-product","3":"status-publish","4":"has-post-thumbnail","6":"product_brand-l-cell","7":"product_cat-papildai-ilgaamziskumui","8":"product_cat-akcijos","9":"product_cat-kaulams-ir-sanariams","10":"product_cat-odai-plaukams-nagams","11":"product_cat-odos-jaunyste","12":"product_cat-plauku-ir-nagu-prieziura","14":"first","15":"instock","16":"sale","17":"shipping-taxable","18":"purchasable","19":"product-type-simple"},"acf":[],"tiered_pricing_type":"fixed","tiered_pricing_fixed_rules":[],"tiered_pricing_product_settings":{"layout":"default","base_unit_name":{"singular":null,"plural":null},"default_variation":null},"tiered_pricing_minimum_quantity":null,"tiered_pricing_roles_data":[],"tiered_pricing_percentage_rules":[],"_links":{"self":[{"href":"https:\/\/purama.lt\/ee\/wp-json\/wp\/v2\/product\/31839","targetHints":{"allow":["GET"]}}],"collection":[{"href":"https:\/\/purama.lt\/ee\/wp-json\/wp\/v2\/product"}],"about":[{"href":"https:\/\/purama.lt\/ee\/wp-json\/wp\/v2\/types\/product"}],"replies":[{"embeddable":true,"href":"https:\/\/purama.lt\/ee\/wp-json\/wp\/v2\/comments?post=31839"}],"wp:featuredmedia":[{"embeddable":true,"href":"https:\/\/purama.lt\/ee\/wp-json\/wp\/v2\/media\/47652"}],"wp:attachment":[{"href":"https:\/\/purama.lt\/ee\/wp-json\/wp\/v2\/media?parent=31839"}],"wp:term":[{"taxonomy":"product_brand","embeddable":true,"href":"https:\/\/purama.lt\/ee\/wp-json\/wp\/v2\/product_brand?post=31839"},{"taxonomy":"product_cat","embeddable":true,"href":"https:\/\/purama.lt\/ee\/wp-json\/wp\/v2\/product_cat?post=31839"},{"taxonomy":"product_tag","embeddable":true,"href":"https:\/\/purama.lt\/ee\/wp-json\/wp\/v2\/product_tag?post=31839"}],"curies":[{"name":"wp","href":"https:\/\/api.w.org\/{rel}","templated":true}]}}