{"id":31837,"date":"2025-01-20T19:28:41","date_gmt":"2025-01-20T19:28:41","guid":{"rendered":"https:\/\/purama.lt\/produktas\/l-cell-caakg-350mg-kapsules-60-vnt\/"},"modified":"2026-04-03T15:11:37","modified_gmt":"2026-04-03T13:11:37","slug":"l-cell-caakg-350mg-kapslid-60-tk","status":"publish","type":"product","link":"https:\/\/purama.lt\/ee\/produktas\/l-cell-caakg-350mg-kapsules-60-vnt\/","title":{"rendered":"L Cell CaAKG (350mg kapslid, 60 t\u00fckki)"},"content":{"rendered":"<p><strong>Tarbimine:<\/strong> 2 kapslit hommikul, eelistatavalt enne s\u00f6\u00f6ki, koos klaasi veega.<\/p>\n\n\n\n<hr class=\"wp-block-separator has-alpha-channel-opacity\"\/>\n\n\n\n<p><strong>Koostisained:<\/strong> Kaltsium-alfa-ketoglutaraat, kapsli kest (h\u00fcpromelloos), tsingigl\u00fckonaat.<\/p>\n\n\n\n<hr class=\"wp-block-separator has-alpha-channel-opacity\"\/>\n\n\n\n<p><strong>Toitev\u00e4\u00e4rtus<\/strong> (2 kapslit):<\/p>\n\n\n\n<figure class=\"wp-block-table\"><table class=\"has-fixed-layout\"><thead><tr><th><strong>Toitained<\/strong><\/th><th><strong>Kogus<\/strong><\/th><th><strong>% RMV*<\/strong><\/th><\/tr><\/thead><tbody><tr><td>Kaltsiumi alfa-ketoglutaraat<\/td><td>700 mg<\/td><td>-<\/td><\/tr><tr><td>Tsink<\/td><td>1,5 mg<\/td><td>15 %<\/td><\/tr><\/tbody><\/table><\/figure>\n\n\n\n<p>*RMV - viitetoitev\u00e4\u00e4rtus<br>**RMV ei ole t\u00e4psustatud<\/p>\n\n\n\n<p><strong>Algaja juhend:<\/strong> Ratsionaalset algust ja 5 parima pikaealisuse toidulisandi nimekirja aastaks 2026 leiate siit: <a href=\"https:\/\/purama.lt\/ee\/pikaealisuse-toidulisandid-algajatele-2026\/\">Top 5 pikaealisuse toidulisandit algajatele aastal 2026: kust alustada?<\/a><\/p>\n\n\n\n<p>Kas otsite rohkem? Vaadake t\u00e4ielikku <a href=\"\/ee\/tootesildid\/l-cell\/\">L Cell sortimenti<\/a>.<\/p>","protected":false},"excerpt":{"rendered":"<p data-start=\"171\" data-end=\"243\"><strong data-start=\"175\" data-end=\"243\">L Cell CaAKG - valem rakkude uuendamiseks ja luude tugevuseks. <\/strong><strong data-start=\"245\" data-end=\"262\">L Cell CaAKG\u00ae<\/strong> - see on arenenud <strong data-start=\"277\" data-end=\"306\">kaltsiumi alfa-ketoglutaraat<\/strong> kapsli kujul igap\u00e4evaseks sisemiseks toetuseks kehale. See \u00fchend aitab s\u00e4ilitada luude, liigeste ja hammaste tervist, toetab soole ens\u00fc\u00fcmide tegevust ja soodustab rakkude regenereerimist autofagia kaudu. CaAKG on muutumas \u00fcha sagedasemaks valikuks nende seas, kes otsivad pikaealisust, rakukaitset ja paremat \u00fcldist heaolu - looduslik lahendus, mis toetab nii v\u00e4list ilu kui ka sisemist tasakaalu. <\/p>\n<p><strong data-start=\"747\" data-end=\"771\">Miks valida:<br \/><\/strong>\u2714\ufe0f 700 mg CaAKG'i portsjoni kohta - t\u00f5hus, teaduslikult t\u00f5estatud annus.<br data-start=\"835\" data-end=\"838\" \/>\u2714\ufe0f Soodustab rakkude \u201epuhastamist\u201c ja tervislikku vananemist.<br data-start=\"889\" data-end=\"892\" \/>\u2714\ufe0f Toetab luud, hambad ja liigesed<br data-start=\"932\" data-end=\"935\" \/>\u2714\ufe0f Aitab kaasa seedeens\u00fc\u00fcmide normaalsele aktiivsusele.<br data-start=\"991\" data-end=\"994\" \/>\u2714\ufe0f Aitab s\u00e4ilitada naha, juuste ja k\u00fc\u00fcnte eluj\u00f5ulisust.<br data-start=\"1046\" data-end=\"1049\" \/>\u2714\ufe0f &gt;98 % puhtus - ei sisalda tarbetuid lisandeid.<br data-start=\"1091\" data-end=\"1094\" \/>\u2714\ufe0f Sobib veganitele - HPMC kapslid ilma \u017eelatiinita<br data-start=\"1140\" data-end=\"1143\" \/>\u2714\ufe0f Valmistatud vastavalt farmatseutilistele kvaliteedistandarditele<br data-start=\"1194\" data-end=\"1197\" \/>\u2714\ufe0f Ei sisalda GMOsid, allergeene, kunstlikke s\u00e4ilitusaineid ega l\u00f5hna- ja maitseaineid.<\/p>\n<p><strong>Kohaletoimetamine Leedus:<\/strong> 2-3 t\u00f6\u00f6p\u00e4eva.<\/p>","protected":false},"featured_media":31871,"comment_status":"open","ping_status":"closed","template":"","meta":{"_acf_changed":false},"product_brand":[433],"product_cat":[122,279,273,274,123],"product_tag":[],"class_list":{"0":"post-31837","1":"product","2":"type-product","3":"status-publish","4":"has-post-thumbnail","6":"product_brand-l-cell","7":"product_cat-lasteliu-jaunystei","8":"product_cat-kaulams-ir-sanariams","9":"product_cat-odai-plaukams-nagams","10":"product_cat-odos-jaunyste","11":"product_cat-papildai-ilgaamziskumui","13":"first","14":"instock","15":"shipping-taxable","16":"purchasable","17":"product-type-simple"},"acf":[],"tiered_pricing_type":"fixed","tiered_pricing_fixed_rules":[],"tiered_pricing_product_settings":{"layout":"default","base_unit_name":{"singular":null,"plural":null},"default_variation":null},"tiered_pricing_minimum_quantity":null,"tiered_pricing_roles_data":[],"tiered_pricing_percentage_rules":[],"_links":{"self":[{"href":"https:\/\/purama.lt\/ee\/wp-json\/wp\/v2\/product\/31837","targetHints":{"allow":["GET"]}}],"collection":[{"href":"https:\/\/purama.lt\/ee\/wp-json\/wp\/v2\/product"}],"about":[{"href":"https:\/\/purama.lt\/ee\/wp-json\/wp\/v2\/types\/product"}],"replies":[{"embeddable":true,"href":"https:\/\/purama.lt\/ee\/wp-json\/wp\/v2\/comments?post=31837"}],"wp:featuredmedia":[{"embeddable":true,"href":"https:\/\/purama.lt\/ee\/wp-json\/wp\/v2\/media\/31871"}],"wp:attachment":[{"href":"https:\/\/purama.lt\/ee\/wp-json\/wp\/v2\/media?parent=31837"}],"wp:term":[{"taxonomy":"product_brand","embeddable":true,"href":"https:\/\/purama.lt\/ee\/wp-json\/wp\/v2\/product_brand?post=31837"},{"taxonomy":"product_cat","embeddable":true,"href":"https:\/\/purama.lt\/ee\/wp-json\/wp\/v2\/product_cat?post=31837"},{"taxonomy":"product_tag","embeddable":true,"href":"https:\/\/purama.lt\/ee\/wp-json\/wp\/v2\/product_tag?post=31837"}],"curies":[{"name":"wp","href":"https:\/\/api.w.org\/{rel}","templated":true}]}}