{"id":31835,"date":"2025-01-20T19:28:41","date_gmt":"2025-01-20T19:28:41","guid":{"rendered":"https:\/\/purama.lt\/produktas\/l-cell-berberinas-300mg-kapsules-60-vnt\/"},"modified":"2026-04-03T15:16:48","modified_gmt":"2026-04-03T13:16:48","slug":"l-raku-berberiin-300mg-kapslid-60-tk","status":"publish","type":"product","link":"https:\/\/purama.lt\/ee\/produktas\/l-cell-berberinas-300mg-kapsules-60-vnt\/","title":{"rendered":"L Cell Berberine (300mg kapslid, 60 t\u00fckki)"},"content":{"rendered":"<h3 class=\"wp-block-heading\">Kuidas kasutada<\/h3>\n\n\n\n<p>2 kapsul\u0117s bet kuriuo dienos metu, 15\u201330 minu\u010di\u0173 prie\u0161 valg\u012f, u\u017egeriant stikline vandens.<\/p>\n\n\n\n<h3 class=\"wp-block-heading\">Koostisosad<\/h3>\n\n\n\n<p>Am\u016brinio kam\u0161tenio ekstraktas (kuriame ne ma\u017eiau kaip 98 % berberino), kapsul\u0117s apvalkalas hipromelioz\u0117 (HPMC), cinko gliukonatas, tiamino hidrochloridas (vitaminas B1).<\/p>\n\n\n\n<h3 class=\"wp-block-heading\">Toitev\u00e4\u00e4rtus (2 kapslit)<\/h3>\n\n\n\n<figure class=\"wp-block-table\"><table class=\"has-fixed-layout\"><thead><tr><th>Toitained<\/th><th>Kogus<\/th><th>% RMV*<\/th><\/tr><\/thead><tbody><tr><td>Amuuri korgiekstrakt (98 % berberiin)<\/td><td>600 mg<\/td><td>-<\/td><\/tr><tr><td>Tsink<\/td><td>1,5 mg<\/td><td>15 %<\/td><\/tr><tr><td>Tiaminas (vitaminas B1)<\/td><td>0,165 mg<\/td><td>15 %<\/td><\/tr><\/tbody><\/table><\/figure>\n\n\n\n<p>*RMV \u2013 referencin\u0117 maistin\u0117 vert\u0117. ** RMV nenustatyta.<\/p>\n\n\n\n<h3 class=\"wp-block-heading\">Saugojimas<\/h3>\n\n\n\n<p>Laikyti tamsioje, v\u0117sioje, vaikams nepasiekiamoje vietoje. Nevir\u0161yti nustatytos rekomenduojamos doz\u0117s. Maisto papildas netur\u0117t\u0173 b\u016bti vartojamas kaip maisto pakaitalas. Galiojimas: 24 m\u0117nesiai. Pagaminta Lietuvoje.<\/p>\n\n\n\n<p><a href=\"https:\/\/drive.google.com\/file\/d\/1SL1oCAkWBAnHTThUj769mxZyCqaB3sYh\/view\" target=\"_blank\" rel=\"noreferrer noopener\">COA sertifikatas<\/a><\/p>\n\n\n\n<p>Ie\u0161kote daugiau? Per\u017ei\u016br\u0117kite vis\u0105 <a href=\"\/ee\/tootesildid\/l-rakk\/\">L Cell asortiment\u0105<\/a>.<\/p>","protected":false},"excerpt":{"rendered":"<p>L Cell Berberinas: nat\u016bralus augalinis alkaloidas i\u0161 Am\u016brinio kam\u0161tenio, skirtas med\u017eiag\u0173 apykaitos ir cukraus kiekio balansui palaikyti. Vienas populiariausi\u0173 L Cell ilgaam\u017ei\u0161kumo papild\u0173.<\/p>\n<p><strong>Miks valida:<\/strong><br \/>\n\u2714\ufe0f 600 mg berberino vienoje porcijoje (2 kapsul\u0117s) \u2013 optimali kasdien\u0117 doz\u0117<br \/>\n\u2714\ufe0f Daugiau nei 98% grynumas \u2013 i\u0161 pilno spektro Am\u016brinio kam\u0161tenio ekstrakto<br \/>\n\u2714\ufe0f Palaiko cukraus kiekio balans\u0105 kraujyje ir normali\u0105 insulino veikl\u0105<br \/>\n\u2714\ufe0f Prisideda prie \u0161irdies veiklos ir cholesterolio lygio palaikymo<br \/>\n\u2714\ufe0f Autofagijos moduliatorius \u2013 skatina pa\u017eeist\u0173 l\u0105steli\u0173 komponent\u0173 \u201eperdirbim\u0105&#8221;<br \/>\n\u2714\ufe0f Cinkas ir vitaminas B1 papildo formul\u0119<br \/>\n\u2714\ufe0f Sobib veganitele - HPMC taimsed kapslid<br \/>\n\u2714\ufe0f Be GMO, dirbtini\u0173 da\u017eikli\u0173, konservant\u0173 ar alergen\u0173<br \/>\n\u2714\ufe0f Pagaminta Lietuvoje, GMP ir ISO 22000 sertifikuotoje laboratorijoje<br \/>\n\u2714\ufe0f 60 kapsuli\u0173 \u2013 30+ dien\u0173 kursas<\/p>\n<p><strong>Kohaletoimetamine Leedus:<\/strong> 2-3 t\u00f6\u00f6p\u00e4eva.<\/p>","protected":false},"featured_media":31869,"comment_status":"open","ping_status":"closed","template":"","meta":{"_acf_changed":false},"product_brand":[433],"product_cat":[123,279,122,500,281],"product_tag":[],"class_list":{"0":"post-31835","1":"product","2":"type-product","3":"status-publish","4":"has-post-thumbnail","6":"product_brand-l-cell","7":"product_cat-papildai-ilgaamziskumui","8":"product_cat-kaulams-ir-sanariams","9":"product_cat-lasteliu-jaunystei","10":"product_cat-outlet","11":"product_cat-raumenu-palaikymas","13":"first","14":"instock","15":"sale","16":"shipping-taxable","17":"purchasable","18":"product-type-simple"},"acf":[],"tiered_pricing_type":"fixed","tiered_pricing_fixed_rules":[],"tiered_pricing_product_settings":{"layout":"default","base_unit_name":{"singular":null,"plural":null},"default_variation":null},"tiered_pricing_minimum_quantity":null,"tiered_pricing_roles_data":[],"tiered_pricing_percentage_rules":[],"_links":{"self":[{"href":"https:\/\/purama.lt\/ee\/wp-json\/wp\/v2\/product\/31835","targetHints":{"allow":["GET"]}}],"collection":[{"href":"https:\/\/purama.lt\/ee\/wp-json\/wp\/v2\/product"}],"about":[{"href":"https:\/\/purama.lt\/ee\/wp-json\/wp\/v2\/types\/product"}],"replies":[{"embeddable":true,"href":"https:\/\/purama.lt\/ee\/wp-json\/wp\/v2\/comments?post=31835"}],"wp:featuredmedia":[{"embeddable":true,"href":"https:\/\/purama.lt\/ee\/wp-json\/wp\/v2\/media\/31869"}],"wp:attachment":[{"href":"https:\/\/purama.lt\/ee\/wp-json\/wp\/v2\/media?parent=31835"}],"wp:term":[{"taxonomy":"product_brand","embeddable":true,"href":"https:\/\/purama.lt\/ee\/wp-json\/wp\/v2\/product_brand?post=31835"},{"taxonomy":"product_cat","embeddable":true,"href":"https:\/\/purama.lt\/ee\/wp-json\/wp\/v2\/product_cat?post=31835"},{"taxonomy":"product_tag","embeddable":true,"href":"https:\/\/purama.lt\/ee\/wp-json\/wp\/v2\/product_tag?post=31835"}],"curies":[{"name":"wp","href":"https:\/\/api.w.org\/{rel}","templated":true}]}}