{"id":31834,"date":"2025-01-20T19:28:41","date_gmt":"2025-01-20T19:28:41","guid":{"rendered":"https:\/\/purama.lt\/produktas\/l-cell-apigeninas-milteliai-30g\/"},"modified":"2026-04-03T15:17:45","modified_gmt":"2026-04-03T13:17:45","slug":"l-raku-apigeniini-pulber-30g","status":"publish","type":"product","link":"https:\/\/purama.lt\/ee\/produktas\/l-cell-apigeninas-milteliai-30g\/","title":{"rendered":"L Cell Apigenin (pulber, 30g)"},"content":{"rendered":"<p><strong>Tarbimine:<\/strong> Kasutage p\u00e4rast <strong>1 supilusikat\u00e4is hommikul ja \u00f5htul<\/strong>. Parima toime saavutamiseks segage rasvase toiduga (nt jogurt, oliivi\u00f5li v\u00f5i avokaado).<\/p>\n\n\n\n<hr class=\"wp-block-separator has-alpha-channel-opacity\"\/>\n\n\n\n<p><strong>Koostisained:<\/strong> Kummeli ekstrakt (\u226598 % apigeniin), tsingigl\u00fckonaat, tiamiinvesinikkloriid, kolekaltsiferool.<\/p>\n\n\n\n<hr class=\"wp-block-separator has-alpha-channel-opacity\"\/>\n\n\n\n<p><strong>Toitev\u00e4\u00e4rtus<\/strong> (2 lusikat\u00e4it):<\/p>\n\n\n\n<figure class=\"wp-block-table\"><table class=\"has-fixed-layout\"><thead><tr><th><strong>Toitained<\/strong><\/th><th><strong>Kogus<\/strong><\/th><th><strong>% RMV*<\/strong><\/th><\/tr><\/thead><tbody><tr><td>Kummeli ekstrakt<\/td><td>500 mg<\/td><td>-<\/td><\/tr><tr><td>...millest ta on degenereerunud.<\/td><td>490+ mg<\/td><td>-<\/td><\/tr><tr><td>Tsink<\/td><td>1,5 mg<\/td><td>15 %<\/td><\/tr><tr><td>Tiamiin (B1-vitamiin)<\/td><td>0,165 mg<\/td><td>15 %<\/td><\/tr><tr><td>D3-vitamiin<\/td><td>0,75 \u00b5g<\/td><td>15 %<\/td><\/tr><\/tbody><\/table><\/figure>\n\n\n\n<p>*RMV - viitetoitev\u00e4\u00e4rtus<br>**RMV ei ole t\u00e4psustatud<\/p>\n\n\n\n<p>Kas otsite rohkem? Vaadake t\u00e4ielikku <a href=\"\/ee\/tootesildid\/l-cell\/\">L Cell sortimenti<\/a>.<\/p>","protected":false},"excerpt":{"rendered":"<p data-start=\"106\" data-end=\"175\"><strong data-start=\"110\" data-end=\"175\">L Cell Apigenin - loomulik rahulik rakkude, meele ja naha jaoks.\u00a0<\/strong><strong data-start=\"177\" data-end=\"197\">L Cell Apigenin\u00ae<\/strong> - on \u00fclipuhas kummeli ekstrakt, mis on rikastatud <strong data-start=\"251\" data-end=\"264\">apigeniin<\/strong>, on tuntud oma rahustava m\u00f5ju poolest n\u00e4rvis\u00fcsteemile, oma rakukaitsvate omaduste ja vananemisvastase potentsiaali poolest. See aine toimib <strong data-start=\"406\" data-end=\"422\">senomorfne<\/strong> - aitab v\u00e4hendada p\u00f5letikulisi protsesse rakkudes ja kaitseb neid oks\u00fcdatiivse stressi eest. Apigeniin toetab <strong data-start=\"545\" data-end=\"568\">emotsionaalne tasakaal<\/strong>, aitab teid rahustada ilma uimasustundeta ja aitab ka kaasa sellele, et <strong data-start=\"637\" data-end=\"668\">nahk, juuksed ja k\u00fc\u00fcned<\/strong> toetus. See on ideaalne valik neile, kes otsivad \u00f5rna, kuid samas v\u00f5imsat looduslikku toetust nii vaimule kui ka keha pikaealisusele.<\/p>\n<p data-start=\"812\" data-end=\"840\"><strong data-start=\"816\" data-end=\"840\">Miks valida:<br \/><\/strong>\u2714\ufe0f 500 mg apigeniini \u00fche portsjoni kohta - tugev, teaduslikult t\u00f5estatud toime.<br data-start=\"912\" data-end=\"915\" \/>\u2714\ufe0f Toetab ps\u00fchholoogilist ja n\u00e4rvis\u00fcsteemi funktsiooni ning emotsionaalset heaolu.<br data-start=\"983\" data-end=\"986\" \/>\u2714\ufe0f Aitab reguleerida rakulisi p\u00f5letikulisi protsesse (SASP)<br data-start=\"1044\" data-end=\"1047\" \/>\u2714\ufe0f Toimib senomorfse ja antioks\u00fcdandina - rakkude kaitseks ja uuendamiseks.<br data-start=\"1130\" data-end=\"1133\" \/>\u2714\ufe0f Aitab kaasa naha, juuste, k\u00fc\u00fcnte ja luude tervisele.<br data-start=\"1185\" data-end=\"1188\" \/>\u2714\ufe0f &gt;98 % puhtus - looduslik kummeli ekstraktist.<br data-start=\"1239\" data-end=\"1242\" \/>\u2714\ufe0f GMOde, allergeenide ja kunstlike lisaainete vaba.<br data-start=\"1279\" data-end=\"1282\" \/>\u2714\ufe0f Sobib veganitele<br data-start=\"1299\" data-end=\"1302\" \/>\u2714\ufe0f Laboratooriumis ohutuse tagamiseks testitud<\/p>\n<p><strong>Kohaletoimetamine Leedus:<\/strong> 2-3 t\u00f6\u00f6p\u00e4eva.<\/p>","protected":false},"featured_media":31868,"comment_status":"open","ping_status":"closed","template":"","meta":{"_acf_changed":false},"product_brand":[433],"product_cat":[123,272,259,500,256,269],"product_tag":[],"class_list":{"0":"post-31834","1":"product","2":"type-product","3":"status-publish","4":"has-post-thumbnail","6":"product_brand-l-cell","7":"product_cat-papildai-ilgaamziskumui","8":"product_cat-emocine-pusiausvyra","9":"product_cat-nuotaika-ir-stresas","10":"product_cat-outlet","11":"product_cat-smegenims-ir-atminciai","12":"product_cat-stresui-ir-miegui","14":"first","15":"instock","16":"sale","17":"shipping-taxable","18":"purchasable","19":"product-type-simple"},"acf":[],"tiered_pricing_type":"fixed","tiered_pricing_fixed_rules":[],"tiered_pricing_product_settings":{"layout":"default","base_unit_name":{"singular":null,"plural":null},"default_variation":null},"tiered_pricing_minimum_quantity":null,"tiered_pricing_roles_data":[],"tiered_pricing_percentage_rules":[],"_links":{"self":[{"href":"https:\/\/purama.lt\/ee\/wp-json\/wp\/v2\/product\/31834","targetHints":{"allow":["GET"]}}],"collection":[{"href":"https:\/\/purama.lt\/ee\/wp-json\/wp\/v2\/product"}],"about":[{"href":"https:\/\/purama.lt\/ee\/wp-json\/wp\/v2\/types\/product"}],"replies":[{"embeddable":true,"href":"https:\/\/purama.lt\/ee\/wp-json\/wp\/v2\/comments?post=31834"}],"wp:featuredmedia":[{"embeddable":true,"href":"https:\/\/purama.lt\/ee\/wp-json\/wp\/v2\/media\/31868"}],"wp:attachment":[{"href":"https:\/\/purama.lt\/ee\/wp-json\/wp\/v2\/media?parent=31834"}],"wp:term":[{"taxonomy":"product_brand","embeddable":true,"href":"https:\/\/purama.lt\/ee\/wp-json\/wp\/v2\/product_brand?post=31834"},{"taxonomy":"product_cat","embeddable":true,"href":"https:\/\/purama.lt\/ee\/wp-json\/wp\/v2\/product_cat?post=31834"},{"taxonomy":"product_tag","embeddable":true,"href":"https:\/\/purama.lt\/ee\/wp-json\/wp\/v2\/product_tag?post=31834"}],"curies":[{"name":"wp","href":"https:\/\/api.w.org\/{rel}","templated":true}]}}