{"id":31611,"date":"2025-01-15T11:40:26","date_gmt":"2025-01-15T11:40:26","guid":{"rendered":"https:\/\/purama.lt\/produktas\/kojines-noosa-yellow-sporcks\/"},"modified":"2026-04-09T10:58:55","modified_gmt":"2026-04-09T08:58:55","slug":"kojines-noosa-yellow-sporcks","status":"publish","type":"product","link":"https:\/\/purama.lt\/ee\/produktas\/kojines-noosa-yellow-sporcks\/","title":{"rendered":"SPORCKS Noosa Kollane spordisokk"},"content":{"rendered":"<p>Kas otsite rohkem? Vaadake t\u00e4ielikku <a href=\"\/ee\/tootesildid\/sporcks\/\">Sporcki sortiment<\/a>.<\/p>","protected":false},"excerpt":{"rendered":"<p><strong>SPORCKS Noosa Kollane<\/strong>\u00a0- ideaalne valik jooksjatele, kes otsivad mugavust, kaitset ja usaldusv\u00e4\u00e4rsust \u00fches tootes. Nendel kvaliteetsetel jooksusokkidel on tugevdatud tugi pahkluu ja jalalaba juures, mis tagab stabiilsuse ja v\u00e4hendab v\u00e4simust intensiivse treeningu ajal. Keskmistasemeline kompressioon soodustab vereringet, v\u00e4hendab p\u00f5letikku ja parandab \u00fcldist heaolu, v\u00f5imaldades nautida pikemaid jooksuajamisi.<\/p>\n<p>Intelligentsest materjalist valmistatud kanna ja varvaste piirkonnad <strong>COOLMAX\u00ae froteekangas<\/strong>, mis v\u00e4hendab t\u00f5husalt l\u00f6\u00f6kide m\u00f5ju, tagab suurep\u00e4rase hingavuse ja aitab kaitsta nahka villide eest. Hingav v\u00f5rk aitab kaasa naha optimaalsele termoregulatsioonile, muutes isegi k\u00f5ige intensiivsemad treeningud mugavaks ja t\u00f5husaks.<\/p>\n<hr \/>\n<h3><strong>Peamised omadused:<\/strong><\/h3>\n<ul>\n<li><strong>T\u00e4iustatud toetus:<\/strong> Suurendab stabiilsust pahkluu ja talla juures.<\/li>\n<li><strong>Keskmine kokkusurumine:<\/strong> Stimuleerib vereringet ja v\u00e4hendab lihaspingeid.<\/li>\n<li><strong>COOLMAX\u00ae kangas:<\/strong> V\u00e4hendab kokkup\u00f5rkeid, tagab hingavuse ja mugavuse.<\/li>\n<li><strong>Villide kaitse:<\/strong> M\u00f5eldud selleks, et v\u00e4ltida ebamugavustunnet ja naha\u00e4rritust.<\/li>\n<li><strong>Kiire niiskuse eemaldamine:<\/strong> Hoiab sokid kuivana ja v\u00e4rskena.<\/li>\n<li><strong>Valmistatud Hispaanias:<\/strong> Tippkvaliteet ja vastupidavus.<\/li>\n<li><strong>Koostis:<\/strong> Coolmax\u00ae ja nailon tagavad pehmuse ja mugavuse.<\/li>\n<\/ul>\n<hr \/>\n<p><strong>\u201eNoosa Yellow\u201c SPORKID<\/strong> - See ei ole mitte ainult funktsionaalne, vaid ka stiilne valik, mis v\u00f5imaldab teil saavutada parimaid tulemusi ja nautida iga sammu. Tunneta erinevust premium-klassi jooksusokkidega!<\/p>","protected":false},"featured_media":31628,"comment_status":"open","ping_status":"closed","template":"","meta":{"_acf_changed":false},"product_brand":[246],"product_cat":[98,57,102],"product_tag":[],"class_list":{"0":"post-31611","1":"product","2":"type-product","3":"status-publish","4":"has-post-thumbnail","6":"product_brand-sporcks","7":"product_cat-sportui","8":"product_cat-akcijos","9":"product_cat-kojines","11":"first","12":"instock","13":"sale","14":"shipping-taxable","15":"purchasable","16":"product-type-variable"},"acf":[],"tiered_pricing_type":"fixed","tiered_pricing_fixed_rules":[],"tiered_pricing_product_settings":{"layout":"default","base_unit_name":{"singular":null,"plural":null},"default_variation":null},"tiered_pricing_minimum_quantity":null,"tiered_pricing_roles_data":[],"tiered_pricing_percentage_rules":[],"_links":{"self":[{"href":"https:\/\/purama.lt\/ee\/wp-json\/wp\/v2\/product\/31611","targetHints":{"allow":["GET"]}}],"collection":[{"href":"https:\/\/purama.lt\/ee\/wp-json\/wp\/v2\/product"}],"about":[{"href":"https:\/\/purama.lt\/ee\/wp-json\/wp\/v2\/types\/product"}],"replies":[{"embeddable":true,"href":"https:\/\/purama.lt\/ee\/wp-json\/wp\/v2\/comments?post=31611"}],"wp:featuredmedia":[{"embeddable":true,"href":"https:\/\/purama.lt\/ee\/wp-json\/wp\/v2\/media\/31628"}],"wp:attachment":[{"href":"https:\/\/purama.lt\/ee\/wp-json\/wp\/v2\/media?parent=31611"}],"wp:term":[{"taxonomy":"product_brand","embeddable":true,"href":"https:\/\/purama.lt\/ee\/wp-json\/wp\/v2\/product_brand?post=31611"},{"taxonomy":"product_cat","embeddable":true,"href":"https:\/\/purama.lt\/ee\/wp-json\/wp\/v2\/product_cat?post=31611"},{"taxonomy":"product_tag","embeddable":true,"href":"https:\/\/purama.lt\/ee\/wp-json\/wp\/v2\/product_tag?post=31611"}],"curies":[{"name":"wp","href":"https:\/\/api.w.org\/{rel}","templated":true}]}}