{"id":31608,"date":"2025-01-15T11:40:26","date_gmt":"2025-01-15T11:40:26","guid":{"rendered":"https:\/\/purama.lt\/produktas\/kojines-eye-yellow-sporcks\/"},"modified":"2026-04-24T09:28:45","modified_gmt":"2026-04-24T07:28:45","slug":"kojines-silmad-kollased-sporid","status":"publish","type":"product","link":"https:\/\/purama.lt\/ee\/produktas\/kojines-eye-yellow-sporcks\/","title":{"rendered":"SPORCKS Silmapaistvad kollased spordisokid"},"content":{"rendered":"<p>Kas otsite rohkem? Vaadake t\u00e4ielikku <a href=\"\/ee\/tootesildid\/sporcks\/\">Sporcki sortiment<\/a>.<\/p>","protected":false},"excerpt":{"rendered":"<p><strong>SPORCKS kollane silm<\/strong> \u2013 need on k\u00f5rgekvaliteedilised jooksmisokid, mis on loodud maksimaalse mugavuse, kaitse ja t\u00f5hususe tagamiseks. Neil on tugevdatud tugi pahkluu- ja p\u00f6iapiirkonnas, mis tagab stabiilsuse ja turvalisuse ka k\u00f5ige intensiivsemate treeningute ajal. Keskmise tasemega kompressioon parandab verevarustust, v\u00e4hendab lihaste v\u00e4simust ja p\u00f5letikku, v\u00f5imaldades joosta kauem ja mugavamalt. Kand ja varbad on valmistatud k\u00f5rge kvaliteediga <strong>COOLMAX\u00ae froteekangas<\/strong>, mis v\u00e4hendab t\u00f5husalt l\u00f6\u00f6kide m\u00f5ju, tagab suurep\u00e4rase hingavuse ja aitab v\u00e4ltida villide tekkimist. Hingav v\u00f5rk s\u00e4ilitab naha optimaalse termoregulatsiooni ja juhib kiiresti niiskuse \u00e4ra, pakkudes laitmatut mugavust ka k\u00f5ige pikemate jooksude ajal.<\/p>\n<hr \/>\n<h3><strong>Peamised omadused:<\/strong><\/h3>\n<ul>\n<li><strong>T\u00e4iustatud toetus:<\/strong> Aitab stabiliseerida pahkluud ja jalatalda.<\/li>\n<li><strong>Keskmine kokkusurumine:<\/strong> Parandab vereringet ja v\u00e4hendab p\u00f5letikku.<\/li>\n<li><strong>COOLMAX\u00ae kangas:<\/strong> V\u00e4hendab kokkup\u00f5rkeid, tagab hingavuse ja kaitse villide eest.<\/li>\n<li><strong>Hingav v\u00f5rk:<\/strong> Optimeerib naha termoregulatsiooni intensiivse treeningu ajal.<\/li>\n<li><strong>Kiire niiskuse eemaldamine:<\/strong> Hoiab sind kuivana ka siis, kui oled aktiivne.<\/li>\n<li><strong>100% valmistatud Hispaanias:<\/strong> Kvaliteet ja vastupidavus on tagatud.<\/li>\n<li><strong>Koostis:<\/strong> Coolmax\u00ae ja nailon tagavad pehmuse ja pehmuse.<\/li>\n<\/ul>\n<hr \/>\n<p><strong>\u201eEye Yellow\u201c SPORKID<\/strong> - stiil, mugavus ja innovatsioon \u00fches tootes. Need sokid on m\u00f5eldud neile, kes soovivad maksimaalset j\u00f5udlust ja t\u00e4iuslikku mugavust igal sammul. Tunne erinevust!<\/p>","protected":false},"featured_media":31624,"comment_status":"open","ping_status":"closed","template":"","meta":{"_acf_changed":false},"product_brand":[246],"product_cat":[98,57,102],"product_tag":[],"class_list":{"0":"post-31608","1":"product","2":"type-product","3":"status-publish","4":"has-post-thumbnail","6":"product_brand-sporcks","7":"product_cat-sportui","8":"product_cat-akcijos","9":"product_cat-kojines","11":"first","12":"instock","13":"sale","14":"shipping-taxable","15":"purchasable","16":"product-type-variable"},"acf":[],"tiered_pricing_type":"fixed","tiered_pricing_fixed_rules":[],"tiered_pricing_product_settings":{"layout":"default","base_unit_name":{"singular":null,"plural":null},"default_variation":null},"tiered_pricing_minimum_quantity":null,"tiered_pricing_roles_data":[],"tiered_pricing_percentage_rules":[],"_links":{"self":[{"href":"https:\/\/purama.lt\/ee\/wp-json\/wp\/v2\/product\/31608","targetHints":{"allow":["GET"]}}],"collection":[{"href":"https:\/\/purama.lt\/ee\/wp-json\/wp\/v2\/product"}],"about":[{"href":"https:\/\/purama.lt\/ee\/wp-json\/wp\/v2\/types\/product"}],"replies":[{"embeddable":true,"href":"https:\/\/purama.lt\/ee\/wp-json\/wp\/v2\/comments?post=31608"}],"wp:featuredmedia":[{"embeddable":true,"href":"https:\/\/purama.lt\/ee\/wp-json\/wp\/v2\/media\/31624"}],"wp:attachment":[{"href":"https:\/\/purama.lt\/ee\/wp-json\/wp\/v2\/media?parent=31608"}],"wp:term":[{"taxonomy":"product_brand","embeddable":true,"href":"https:\/\/purama.lt\/ee\/wp-json\/wp\/v2\/product_brand?post=31608"},{"taxonomy":"product_cat","embeddable":true,"href":"https:\/\/purama.lt\/ee\/wp-json\/wp\/v2\/product_cat?post=31608"},{"taxonomy":"product_tag","embeddable":true,"href":"https:\/\/purama.lt\/ee\/wp-json\/wp\/v2\/product_tag?post=31608"}],"curies":[{"name":"wp","href":"https:\/\/api.w.org\/{rel}","templated":true}]}}