{"id":31606,"date":"2025-01-15T11:40:25","date_gmt":"2025-01-15T11:40:25","guid":{"rendered":"https:\/\/purama.lt\/produktas\/kojines-the-best-white-sporcks\/"},"modified":"2026-04-20T11:16:00","modified_gmt":"2026-04-20T09:16:00","slug":"kojines-parimad-valged-spordid","status":"publish","type":"product","link":"https:\/\/purama.lt\/ee\/produktas\/kojines-the-best-white-sporcks\/","title":{"rendered":"SPORCKS Parimad valged spordisokid"},"content":{"rendered":"<p>Kas otsite rohkem? Vaadake t\u00e4ielikku <a href=\"\/ee\/tootesildid\/sporcks\/\">Sporcki sortiment<\/a>.<\/p>","protected":false},"excerpt":{"rendered":"<p><strong>SPORCKS Parim Valge<\/strong> - on t\u00e4iusliku disaini ja k\u00f5rge kvaliteediga jooksusokk, mis on loodud sinu mugavuse ja j\u00f5udluse tagamiseks. Tugevdatud tugi pahkluu ja jalalaba juures tagab stabiilsuse, samal ajal kui keskmisel tasemel kompressioon parandab vereringet, v\u00e4hendab p\u00f5letikku ja lihtsustab pikkade distantside jooksmist.<\/p>\n<p>Intelligentsest materjalist valmistatud kanna ja varvaste piirkonnad <strong>COOLMAX\u00ae froteekangas<\/strong>, mis v\u00e4hendab t\u00f5husalt l\u00f6\u00f6kide m\u00f5ju, tagab optimaalse hingamise ja aitab v\u00e4ltida villide tekkimist. Hingav v\u00f5rk optimeerib naha temperatuuri ja niiskustjuhtiv tehnoloogia hoiab jalad kuivana ka k\u00f5ige intensiivsemate treeningute ajal.<\/p>\n<hr \/>\n<h3><strong>Peamised omadused:<\/strong><\/h3>\n<ul>\n<li><strong>T\u00e4iustatud toetus:<\/strong> Lisastabiilsus pahkluu ja jalalaba juures.<\/li>\n<li><strong>Keskmine kokkusurumine:<\/strong> Parandab vereringet ja v\u00e4hendab lihasv\u00e4simust.<\/li>\n<li><strong>COOLMAX\u00ae kangas:<\/strong> V\u00e4hendab p\u00f5rutusi, hoiab \u00e4ra villid ja tagab hingavuse.<\/li>\n<li><strong>Hingav v\u00f5rk:<\/strong> Aitab s\u00e4ilitada naha optimaalset temperatuuri.<\/li>\n<li><strong>Niiskuse eemaldamine:<\/strong> Kuivatab kiiresti ja hoiab jalad kuivana.<\/li>\n<li><strong>Valmistatud Hispaanias:<\/strong> Tippkvaliteet ja vastupidavus.<\/li>\n<li><strong>Koostis:<\/strong> Coolmax\u00ae ja nailon tagavad pehmuse ja mugavuse.<\/li>\n<\/ul>\n<hr \/>\n<p><strong>\u201eParim valge\u201c SPORCKS<\/strong> - on stiilne ja praktiline valik jooksjatele, kes hindavad kvaliteeti, mugavust ja funktsionaalsust. Usalda oma sokke ja saavuta parimad tulemused igal sammul!<\/p>","protected":false},"featured_media":31664,"comment_status":"open","ping_status":"closed","template":"","meta":{"_acf_changed":false},"product_brand":[246],"product_cat":[98,57,102],"product_tag":[],"class_list":{"0":"post-31606","1":"product","2":"type-product","3":"status-publish","4":"has-post-thumbnail","6":"product_brand-sporcks","7":"product_cat-sportui","8":"product_cat-akcijos","9":"product_cat-kojines","11":"first","12":"instock","13":"sale","14":"shipping-taxable","15":"purchasable","16":"product-type-variable"},"acf":[],"tiered_pricing_type":"fixed","tiered_pricing_fixed_rules":[],"tiered_pricing_product_settings":{"layout":"default","base_unit_name":{"singular":null,"plural":null},"default_variation":null},"tiered_pricing_minimum_quantity":null,"tiered_pricing_roles_data":[],"tiered_pricing_percentage_rules":[],"_links":{"self":[{"href":"https:\/\/purama.lt\/ee\/wp-json\/wp\/v2\/product\/31606","targetHints":{"allow":["GET"]}}],"collection":[{"href":"https:\/\/purama.lt\/ee\/wp-json\/wp\/v2\/product"}],"about":[{"href":"https:\/\/purama.lt\/ee\/wp-json\/wp\/v2\/types\/product"}],"replies":[{"embeddable":true,"href":"https:\/\/purama.lt\/ee\/wp-json\/wp\/v2\/comments?post=31606"}],"wp:featuredmedia":[{"embeddable":true,"href":"https:\/\/purama.lt\/ee\/wp-json\/wp\/v2\/media\/31664"}],"wp:attachment":[{"href":"https:\/\/purama.lt\/ee\/wp-json\/wp\/v2\/media?parent=31606"}],"wp:term":[{"taxonomy":"product_brand","embeddable":true,"href":"https:\/\/purama.lt\/ee\/wp-json\/wp\/v2\/product_brand?post=31606"},{"taxonomy":"product_cat","embeddable":true,"href":"https:\/\/purama.lt\/ee\/wp-json\/wp\/v2\/product_cat?post=31606"},{"taxonomy":"product_tag","embeddable":true,"href":"https:\/\/purama.lt\/ee\/wp-json\/wp\/v2\/product_tag?post=31606"}],"curies":[{"name":"wp","href":"https:\/\/api.w.org\/{rel}","templated":true}]}}