{"id":31605,"date":"2025-01-15T11:40:25","date_gmt":"2025-01-15T11:40:25","guid":{"rendered":"https:\/\/purama.lt\/produktas\/kojines-race-eye-sporcks\/"},"modified":"2026-04-20T16:13:50","modified_gmt":"2026-04-20T14:13:50","slug":"kojines-race-eye-sporcks","status":"publish","type":"product","link":"https:\/\/purama.lt\/ee\/produktas\/kojines-race-eye-sporcks\/","title":{"rendered":"SPORCKS Race Eye spordisokid"},"content":{"rendered":"<p>Kas otsite rohkem? Vaadake t\u00e4ielikku <a href=\"\/ee\/tootesildid\/sporcks\/\">Sporcki sortiment<\/a>.<\/p>","protected":false},"excerpt":{"rendered":"<p><strong>SPORCKS Race Eye<\/strong> - on k\u00f5rgekvaliteediline jooksusokk, mis on loodud mugavuse, kaitse ja j\u00f5udluse tagamiseks pikemate jooksude ajal. Need sokid pakuvad paremat tuge pahkluu ja tuharate piirkonnas, tagades stabiilsuse ja v\u00e4hendades jalgade v\u00e4simust. Keskmise taseme kompressioon soodustab vereringet, v\u00e4hendab p\u00f5letikku ja aitab teil intensiivsetest treeningutest kiiremini taastuda.<\/p>\n<p>Kvaliteetsest materjalist valmistatud kanna ja varbaosa <strong>COOLMAX\u00ae froteekangas<\/strong>, mis neelab t\u00f5husalt l\u00f6\u00f6ki, tagab suurep\u00e4rase hingavuse ja hoiab \u00e4ra villimise. Hingav v\u00f5rk optimeerib naha termoregulatsiooni ja niiskust juhtiv tehnoloogia v\u00f5imaldab sokkidel kiiresti kuivada, hoides teid kuivana ja mugavalt ka k\u00f5ige intensiivsemate tegevuste ajal.<\/p>\n<hr \/>\n<h3><strong>Peamised omadused:<\/strong><\/h3>\n<ul>\n<li><strong>T\u00e4iustatud toetus:<\/strong> Stabiliseerib pahkluud ja jalatalda, tagades ohutuse.<\/li>\n<li><strong>Keskmine kokkusurumine:<\/strong> Parandab vereringet ja v\u00e4hendab lihasv\u00e4simust.<\/li>\n<li><strong>COOLMAX\u00ae kangas:<\/strong> V\u00e4hendab kokkup\u00f5rkeid, tagab hingavuse ja kaitse villide eest.<\/li>\n<li><strong>Hingav v\u00f5rk:<\/strong> Aitab s\u00e4ilitada naha optimaalset temperatuuri.<\/li>\n<li><strong>Niiskuse eemaldamine:<\/strong> Eemaldab kiiresti niiskuse ja tagab kuivuse.<\/li>\n<li><strong>Valmistatud Hispaanias:<\/strong> T\u00f5estatud professionaalne kvaliteet ja vastupidavus.<\/li>\n<li><strong>Koostis:<\/strong> Coolmax\u00ae ja nailon tagavad pehmuse ja mugavuse.<\/li>\n<\/ul>\n<hr \/>\n<p><strong>\u201eRace Eye\u201c SPORCKS<\/strong> - mitte ainult tehnoloogiliselt t\u00e4iustatud jooksusokk, vaid ka usaldusv\u00e4\u00e4rne partner sinu treeningutel ja v\u00f5istlustel. Vali igal sammul mugavust, kaitset ja laitmatut stiili!<\/p>","protected":false},"featured_media":31644,"comment_status":"open","ping_status":"closed","template":"","meta":{"_acf_changed":false},"product_brand":[246],"product_cat":[98,57,102],"product_tag":[],"class_list":{"0":"post-31605","1":"product","2":"type-product","3":"status-publish","4":"has-post-thumbnail","6":"product_brand-sporcks","7":"product_cat-sportui","8":"product_cat-akcijos","9":"product_cat-kojines","11":"first","12":"instock","13":"sale","14":"shipping-taxable","15":"purchasable","16":"product-type-variable","17":"has-default-attributes"},"acf":[],"tiered_pricing_type":"fixed","tiered_pricing_fixed_rules":[],"tiered_pricing_product_settings":{"layout":"default","base_unit_name":{"singular":null,"plural":null},"default_variation":null},"tiered_pricing_minimum_quantity":null,"tiered_pricing_roles_data":[],"tiered_pricing_percentage_rules":[],"_links":{"self":[{"href":"https:\/\/purama.lt\/ee\/wp-json\/wp\/v2\/product\/31605","targetHints":{"allow":["GET"]}}],"collection":[{"href":"https:\/\/purama.lt\/ee\/wp-json\/wp\/v2\/product"}],"about":[{"href":"https:\/\/purama.lt\/ee\/wp-json\/wp\/v2\/types\/product"}],"replies":[{"embeddable":true,"href":"https:\/\/purama.lt\/ee\/wp-json\/wp\/v2\/comments?post=31605"}],"wp:featuredmedia":[{"embeddable":true,"href":"https:\/\/purama.lt\/ee\/wp-json\/wp\/v2\/media\/31644"}],"wp:attachment":[{"href":"https:\/\/purama.lt\/ee\/wp-json\/wp\/v2\/media?parent=31605"}],"wp:term":[{"taxonomy":"product_brand","embeddable":true,"href":"https:\/\/purama.lt\/ee\/wp-json\/wp\/v2\/product_brand?post=31605"},{"taxonomy":"product_cat","embeddable":true,"href":"https:\/\/purama.lt\/ee\/wp-json\/wp\/v2\/product_cat?post=31605"},{"taxonomy":"product_tag","embeddable":true,"href":"https:\/\/purama.lt\/ee\/wp-json\/wp\/v2\/product_tag?post=31605"}],"curies":[{"name":"wp","href":"https:\/\/api.w.org\/{rel}","templated":true}]}}