{"id":31604,"date":"2025-01-15T11:40:25","date_gmt":"2025-01-15T11:40:25","guid":{"rendered":"https:\/\/purama.lt\/produktas\/kojines-born-to-run-orange-sporcks\/"},"modified":"2026-04-18T09:05:15","modified_gmt":"2026-04-18T07:05:15","slug":"kojines-sundinud-oranzid-spordid-joosta","status":"publish","type":"product","link":"https:\/\/purama.lt\/ee\/produktas\/kojines-born-to-run-orange-sporcks\/","title":{"rendered":"SPORCKS Born To Run Oran\u017eid spordisokid"},"content":{"rendered":"<p>Kas otsite rohkem? Vaadake t\u00e4ielikku <a href=\"\/ee\/tootesildid\/sporcks\/\">Sporcki sortiment<\/a>.<\/p>","protected":false},"excerpt":{"rendered":"<p><strong>SPORCKS Born To Run Orange<\/strong> - on suure j\u00f5udlusega jooksusokk, mis on m\u00f5eldud neile, kes soovivad mugavust, kaitset ja paremaid tulemusi igal sammul. Sokid pakuvad t\u00e4iustatud tuge pahkluudele ja jalalaba, stabiilsust ja aitavad v\u00e4hendada lihasv\u00e4simust. Keskmise taseme kompressioon parandab vereringet ja v\u00e4hendab p\u00f5letikku, mist\u00f5ttu on need ideaalsed pikkade distantside l\u00e4bimiseks.<\/p>\n<p>Uuenduslikust materjalist valmistatud kanna ja varbaosa <strong>COOLMAX\u00ae froteekangas<\/strong>, mis neelab t\u00f5husalt l\u00f6\u00f6ki, tagab t\u00e4iusliku hingamise ja aitab v\u00e4ltida villide tekkimist. Hingav v\u00f5rk optimeerib naha termoregulatsiooni, samal ajal kui niiskustjuhtiv tehnoloogia hoiab jalad kuivana ka k\u00f5ige intensiivsema jooksu ajal.<\/p>\n<hr \/>\n<h3><strong>Peamised omadused:<\/strong><\/h3>\n<ul>\n<li><strong>T\u00e4iustatud toetus:<\/strong> Stabiliseerib pahkluud ja jalatalda, pakkudes lisaturvalisust.<\/li>\n<li><strong>Keskmine kokkusurumine:<\/strong> Parandab vereringet ja v\u00e4hendab p\u00f5letikku.<\/li>\n<li><strong>COOLMAX\u00ae kangas:<\/strong> V\u00e4hendab kokkup\u00f5rkeid, tagab hingavuse ja mugavuse.<\/li>\n<li><strong>Villide kaitse:<\/strong> M\u00f5eldud selleks, et pakkuda nauditavat jooksukogemust.<\/li>\n<li><strong>Hingav v\u00f5rk:<\/strong> S\u00e4ilitab naha optimaalse temperatuuri intensiivse treeningu ajal.<\/li>\n<li><strong>Kiire niiskuse eemaldamine:<\/strong> Tagab kuivuse ka p\u00e4rast pikki vahemaid.<\/li>\n<li><strong>Valmistatud Hispaanias:<\/strong> Kvaliteet ja vastupidavus on t\u00f5estatud professionaalsete sportlaste poolt.<\/li>\n<li><strong>Koostis:<\/strong> Coolmax\u00ae ja nailon tagavad pehmuse ja mugavuse.<\/li>\n<\/ul>\n<hr \/>\n<p><strong>\u201eBorn To Run Orange\u201c SPORKID<\/strong> - sokid, mis kohanduvad teie liikumisr\u00fctmiga, annavad teile kindlustunnet ja v\u00f5imaldavad teil saavutada parimaid tulemusi t\u00e4iusliku mugavusega. Tunne erinevust iga sammuga!<\/p>","protected":false},"featured_media":31693,"comment_status":"open","ping_status":"closed","template":"","meta":{"_acf_changed":false},"product_brand":[246],"product_cat":[98,57,102],"product_tag":[],"class_list":{"0":"post-31604","1":"product","2":"type-product","3":"status-publish","4":"has-post-thumbnail","6":"product_brand-sporcks","7":"product_cat-sportui","8":"product_cat-akcijos","9":"product_cat-kojines","11":"first","12":"instock","13":"sale","14":"shipping-taxable","15":"purchasable","16":"product-type-variable"},"acf":[],"tiered_pricing_type":"fixed","tiered_pricing_fixed_rules":[],"tiered_pricing_product_settings":{"layout":"default","base_unit_name":{"singular":null,"plural":null},"default_variation":null},"tiered_pricing_minimum_quantity":null,"tiered_pricing_roles_data":[],"tiered_pricing_percentage_rules":[],"_links":{"self":[{"href":"https:\/\/purama.lt\/ee\/wp-json\/wp\/v2\/product\/31604","targetHints":{"allow":["GET"]}}],"collection":[{"href":"https:\/\/purama.lt\/ee\/wp-json\/wp\/v2\/product"}],"about":[{"href":"https:\/\/purama.lt\/ee\/wp-json\/wp\/v2\/types\/product"}],"replies":[{"embeddable":true,"href":"https:\/\/purama.lt\/ee\/wp-json\/wp\/v2\/comments?post=31604"}],"wp:featuredmedia":[{"embeddable":true,"href":"https:\/\/purama.lt\/ee\/wp-json\/wp\/v2\/media\/31693"}],"wp:attachment":[{"href":"https:\/\/purama.lt\/ee\/wp-json\/wp\/v2\/media?parent=31604"}],"wp:term":[{"taxonomy":"product_brand","embeddable":true,"href":"https:\/\/purama.lt\/ee\/wp-json\/wp\/v2\/product_brand?post=31604"},{"taxonomy":"product_cat","embeddable":true,"href":"https:\/\/purama.lt\/ee\/wp-json\/wp\/v2\/product_cat?post=31604"},{"taxonomy":"product_tag","embeddable":true,"href":"https:\/\/purama.lt\/ee\/wp-json\/wp\/v2\/product_tag?post=31604"}],"curies":[{"name":"wp","href":"https:\/\/api.w.org\/{rel}","templated":true}]}}