{"id":31603,"date":"2025-01-15T11:40:25","date_gmt":"2025-01-15T11:40:25","guid":{"rendered":"https:\/\/purama.lt\/produktas\/kojines-born-to-run-yellow-sporcks\/"},"modified":"2026-04-17T09:39:15","modified_gmt":"2026-04-17T07:39:15","slug":"kojines-sundinud-joosta-kollane-sporcks","status":"publish","type":"product","link":"https:\/\/purama.lt\/ee\/produktas\/kojines-born-to-run-yellow-sporcks\/","title":{"rendered":"SPORCKS Born To Run Kollased spordisokid"},"content":{"rendered":"<p>Kas otsite rohkem? Vaadake t\u00e4ielikku <a href=\"\/ee\/tootesildid\/sporcks\/\">Sporcki sortiment<\/a>.<\/p>","protected":false},"excerpt":{"rendered":"<p><strong>Sokid \u201eBorn To Run Yellow\u201c SPORCKS<\/strong> - Need on usaldusv\u00e4\u00e4rsed ja kvaliteetsed jooksusokid, mis on loodud selleks, et tagada maksimaalne mugavus ja j\u00f5udlus igal sammul. Tugevdatud tugi pahkluu ja jalalaba juures annab lisastabiilsust ja v\u00e4hendab v\u00e4simust, samal ajal kui keskmisel tasemel kompressioon parandab vereringet ja v\u00e4hendab p\u00f5letikku ka k\u00f5ige pikematel jooksudel.<\/p>\n<p>Uuenduslikust materjalist valmistatud kanna ja varbaosa <strong>COOLMAX\u00ae froteekangas<\/strong>, mis neelab t\u00f5husalt l\u00f6\u00f6ki, tagab optimaalse hingavuse ja hoiab \u00e4ra villimise. Need sokid juhivad kiiresti niiskuse \u00e4ra ja hoiavad naha kuivana, pakkudes v\u00f5rratut mugavust ka k\u00f5ige intensiivsemate treeningute ajal.<\/p>\n<hr \/>\n<h3><strong>Peamised omadused:<\/strong><\/h3>\n<ul>\n<li><strong>T\u00e4iustatud toetus:<\/strong> Suurendab stabiilsust pahkluu ja talla juures.<\/li>\n<li><strong>Keskmine kokkusurumine:<\/strong> Stimuleerib vereringet, v\u00e4hendab lihasv\u00e4simust ja p\u00f5letikku.<\/li>\n<li><strong>COOLMAX\u00ae kangas:<\/strong> V\u00e4hendab l\u00f6\u00f6ki, tagab hingavuse ja kaitse villide eest.<\/li>\n<li><strong>Hingav v\u00f5rk:<\/strong> Optimeerib naha temperatuuri intensiivse liikumise ajal.<\/li>\n<li><strong>Kiire niiskuse eemaldamine:<\/strong> Sokid p\u00fcsivad kuivad ja v\u00e4rsked ka p\u00e4rast pikka jooksu.<\/li>\n<li><strong>Valmistatud Hispaanias:<\/strong> K\u00f5rgeima kvaliteedi garantii, mille on heaks kiitnud professionaalsed sportlased.<\/li>\n<li><strong>Koostis:<\/strong> Coolmax\u00ae ja nailon tagavad pehmuse ja vastupidavuse.<\/li>\n<\/ul>\n<hr \/>\n<p><strong>\u201eBorn To Run Yellow\u201c SPORCKS<\/strong> - sokid, mis mitte ainult ei hoia sind mugavalt, vaid aitavad sul ka uusi distantse enesekindlalt ja stiilselt l\u00e4bida. Vali kvaliteet, mis kohandub sinu liikumise r\u00fctmiga!<\/p>","protected":false},"featured_media":31652,"comment_status":"open","ping_status":"closed","template":"","meta":{"_acf_changed":false},"product_brand":[246],"product_cat":[98,57,102],"product_tag":[],"class_list":{"0":"post-31603","1":"product","2":"type-product","3":"status-publish","4":"has-post-thumbnail","6":"product_brand-sporcks","7":"product_cat-sportui","8":"product_cat-akcijos","9":"product_cat-kojines","11":"first","12":"instock","13":"sale","14":"shipping-taxable","15":"purchasable","16":"product-type-variable"},"acf":[],"tiered_pricing_type":"fixed","tiered_pricing_fixed_rules":[],"tiered_pricing_product_settings":{"layout":"default","base_unit_name":{"singular":null,"plural":null},"default_variation":null},"tiered_pricing_minimum_quantity":null,"tiered_pricing_roles_data":[],"tiered_pricing_percentage_rules":[],"_links":{"self":[{"href":"https:\/\/purama.lt\/ee\/wp-json\/wp\/v2\/product\/31603","targetHints":{"allow":["GET"]}}],"collection":[{"href":"https:\/\/purama.lt\/ee\/wp-json\/wp\/v2\/product"}],"about":[{"href":"https:\/\/purama.lt\/ee\/wp-json\/wp\/v2\/types\/product"}],"replies":[{"embeddable":true,"href":"https:\/\/purama.lt\/ee\/wp-json\/wp\/v2\/comments?post=31603"}],"wp:featuredmedia":[{"embeddable":true,"href":"https:\/\/purama.lt\/ee\/wp-json\/wp\/v2\/media\/31652"}],"wp:attachment":[{"href":"https:\/\/purama.lt\/ee\/wp-json\/wp\/v2\/media?parent=31603"}],"wp:term":[{"taxonomy":"product_brand","embeddable":true,"href":"https:\/\/purama.lt\/ee\/wp-json\/wp\/v2\/product_brand?post=31603"},{"taxonomy":"product_cat","embeddable":true,"href":"https:\/\/purama.lt\/ee\/wp-json\/wp\/v2\/product_cat?post=31603"},{"taxonomy":"product_tag","embeddable":true,"href":"https:\/\/purama.lt\/ee\/wp-json\/wp\/v2\/product_tag?post=31603"}],"curies":[{"name":"wp","href":"https:\/\/api.w.org\/{rel}","templated":true}]}}