{"id":31602,"date":"2025-01-15T11:40:25","date_gmt":"2025-01-15T11:40:25","guid":{"rendered":"https:\/\/purama.lt\/produktas\/kojines-stay-magic-sporcks\/"},"modified":"2026-04-24T08:05:25","modified_gmt":"2026-04-24T06:05:25","slug":"kojines-jaada-magic-sporcks","status":"publish","type":"product","link":"https:\/\/purama.lt\/ee\/produktas\/kojines-stay-magic-sporcks\/","title":{"rendered":"SPORCKS Stay Magic spordisokid"},"content":{"rendered":"<p>Kas otsite rohkem? Vaadake t\u00e4ielikku <a href=\"\/ee\/tootesildid\/sporcks\/\">Sporcki sortiment<\/a>.<\/p>","protected":false},"excerpt":{"rendered":"<p><strong>SPORCKS P\u00fcsige maagilised<\/strong> - on kaasaegne jooksusokk, mis on loodud maksimaalseks mugavuseks, kaitseks ja j\u00f5udluseks pikkade jooksude ajal. Tugevdatud tugi pahkluu ja jalalaba juures tagab stabiilsuse ja aitab v\u00e4hendada lihasv\u00e4simust. Keskmine kompressioon soodustab vereringet ja v\u00e4hendab p\u00f5letikku, nii et tunned end mugavalt ka k\u00f5ige intensiivsemate treeningute ajal.<\/p>\n<p>Intelligentsest materjalist valmistatud kanna ja varvaste piirkonnad <strong>COOLMAX\u00ae froteekangas<\/strong>, mis neelab t\u00f5husalt l\u00f6\u00f6ki, tagab optimaalse hingavuse ja kaitseb nahka villide tekkimise eest. Hingav v\u00f5rk aitab s\u00e4ilitada naha optimaalset temperatuuri ja niiskust juhtiv tehnoloogia v\u00f5imaldab sokkidel kiiresti kuivada, j\u00e4\u00e4des samas kuivaks ja v\u00e4rskeks.<\/p>\n<hr \/>\n<h3><strong>Peamised omadused:<\/strong><\/h3>\n<ul>\n<li><strong>T\u00e4iustatud toetus:<\/strong> Lisastabiilsus pahkluu ja jalalaba juures.<\/li>\n<li><strong>Keskmine kokkusurumine:<\/strong> Stimuleerib vereringet ja v\u00e4hendab lihaspingeid.<\/li>\n<li><strong>COOLMAX\u00ae kangas:<\/strong> V\u00e4hendab kokkup\u00f5rkeid, tagab hingavuse ja kaitse villide eest.<\/li>\n<li><strong>Hingav v\u00f5rk:<\/strong> S\u00e4ilitab naha optimaalse temperatuuri intensiivse jooksu ajal.<\/li>\n<li><strong>Niiskuse eemaldamine:<\/strong> Eemaldab t\u00f5husalt niiskuse ja kuivab kiiresti.<\/li>\n<li><strong>Valmistatud Hispaanias:<\/strong> K\u00f5rgeima kvaliteedi garantii, mille on heaks kiitnud professionaalsed sportlased.<\/li>\n<li><strong>Koostis:<\/strong> Coolmax\u00ae ja nailon tagavad pehmuse ja vastupidavuse.<\/li>\n<\/ul>\n<hr \/>\n<p><strong>\u201eStay Magic\u201c SPORCKS<\/strong> - on stiilne ja praktiline valik jooksjatele, kes hindavad kvaliteeti ja mugavust igal sammul. Avastage uus jooksmise tase sokkidega, mis on loodud selleks, et aidata teil saavutada oma parimad tulemused!<\/p>","protected":false},"featured_media":31648,"comment_status":"open","ping_status":"closed","template":"","meta":{"_acf_changed":false},"product_brand":[246],"product_cat":[98,57,102],"product_tag":[],"class_list":{"0":"post-31602","1":"product","2":"type-product","3":"status-publish","4":"has-post-thumbnail","6":"product_brand-sporcks","7":"product_cat-sportui","8":"product_cat-akcijos","9":"product_cat-kojines","11":"first","12":"instock","13":"sale","14":"shipping-taxable","15":"purchasable","16":"product-type-variable"},"acf":[],"tiered_pricing_type":"fixed","tiered_pricing_fixed_rules":[],"tiered_pricing_product_settings":{"layout":"default","base_unit_name":{"singular":null,"plural":null},"default_variation":null},"tiered_pricing_minimum_quantity":null,"tiered_pricing_roles_data":[],"tiered_pricing_percentage_rules":[],"_links":{"self":[{"href":"https:\/\/purama.lt\/ee\/wp-json\/wp\/v2\/product\/31602","targetHints":{"allow":["GET"]}}],"collection":[{"href":"https:\/\/purama.lt\/ee\/wp-json\/wp\/v2\/product"}],"about":[{"href":"https:\/\/purama.lt\/ee\/wp-json\/wp\/v2\/types\/product"}],"replies":[{"embeddable":true,"href":"https:\/\/purama.lt\/ee\/wp-json\/wp\/v2\/comments?post=31602"}],"wp:featuredmedia":[{"embeddable":true,"href":"https:\/\/purama.lt\/ee\/wp-json\/wp\/v2\/media\/31648"}],"wp:attachment":[{"href":"https:\/\/purama.lt\/ee\/wp-json\/wp\/v2\/media?parent=31602"}],"wp:term":[{"taxonomy":"product_brand","embeddable":true,"href":"https:\/\/purama.lt\/ee\/wp-json\/wp\/v2\/product_brand?post=31602"},{"taxonomy":"product_cat","embeddable":true,"href":"https:\/\/purama.lt\/ee\/wp-json\/wp\/v2\/product_cat?post=31602"},{"taxonomy":"product_tag","embeddable":true,"href":"https:\/\/purama.lt\/ee\/wp-json\/wp\/v2\/product_tag?post=31602"}],"curies":[{"name":"wp","href":"https:\/\/api.w.org\/{rel}","templated":true}]}}