{"id":31601,"date":"2025-01-15T11:40:25","date_gmt":"2025-01-15T11:40:25","guid":{"rendered":"https:\/\/purama.lt\/produktas\/kojines-flamingo-sporcks\/"},"modified":"2026-04-29T20:41:26","modified_gmt":"2026-04-29T18:41:26","slug":"kojines-flamingo-spordid","status":"publish","type":"product","link":"https:\/\/purama.lt\/ee\/produktas\/kojines-flamingo-sporcks\/","title":{"rendered":"SPORCKS Flamingo spordisokid"},"content":{"rendered":"<p>Kas otsite rohkem? Vaadake t\u00e4ielikku <a href=\"\/ee\/tootesildid\/sporcks\/\">Sporcki sortiment<\/a>.<\/p>","protected":false},"excerpt":{"rendered":"<p><strong>SPORCKS Flamingo<\/strong> - Need on stiilsed ja funktsionaalsed jooksusokid, mis on loodud pakkuma v\u00f5rratut mugavust ja j\u00f5udlust igal sammul. Tugevdatud pahkluu- ja jalalaba tugi tagavad stabiilsuse, samas kui keskmine kompressioon parandab vereringet ja v\u00e4hendab p\u00f5letikku isegi k\u00f5ige intensiivsemate treeningute ajal.<\/p>\n<p>Kvaliteetsest materjalist valmistatud kanna ja varbaosa <strong>COOLMAX\u00ae froteekangas<\/strong>mis neelab t\u00f5husalt l\u00f6\u00f6ki, tagab suurep\u00e4rase hingavuse ja aitab v\u00e4ltida villide tekkimist. Hingav v\u00f5rk hoiab naha optimaalse temperatuuri ja niiskust eemaldav tehnoloogia hoiab jalad kuivana ka k\u00f5ige pikematel jooksudel.<\/p>\n<hr \/>\n<h3><strong>Peamised omadused:<\/strong><\/h3>\n<ul>\n<li><strong>T\u00e4iustatud toetus:<\/strong> Tagab stabiilsuse pahkluu ja talla juures.<\/li>\n<li><strong>Keskmine kokkusurumine:<\/strong> Parandab vereringet ja v\u00e4hendab lihasv\u00e4simust.<\/li>\n<li><strong>COOLMAX\u00ae kangas:<\/strong> V\u00e4hendab p\u00f5rutusi, hoiab \u00e4ra villid ja tagab hingavuse.<\/li>\n<li><strong>Hingav v\u00f5rk:<\/strong> Toetab naha termoregulatsiooni isegi k\u00f5ige intensiivsemate treeningute ajal.<\/li>\n<li><strong>Kiire niiskuse eemaldamine:<\/strong> Sokid p\u00fcsivad kuivad ja v\u00e4rsked.<\/li>\n<li><strong>Valmistatud Hispaanias:<\/strong> Kvaliteet ja vastupidavus on tagatud.<\/li>\n<li><strong>Koostis:<\/strong> Coolmax\u00ae ja nailon tagavad pehmuse ja pehmuse.<\/li>\n<\/ul>\n<hr \/>\n<p><strong>\"Flamingo\" SPORKID<\/strong> - on ideaalne valik neile, kes hindavad kvaliteeti, mugavust ja stiilset disaini. Nende sokkidega saad nautida l\u00f5busat jooksu ja saavutada uusi eesm\u00e4rke!<\/p>","protected":false},"featured_media":31660,"comment_status":"open","ping_status":"closed","template":"","meta":{"_acf_changed":false},"product_brand":[246],"product_cat":[98,57,102],"product_tag":[],"class_list":{"0":"post-31601","1":"product","2":"type-product","3":"status-publish","4":"has-post-thumbnail","6":"product_brand-sporcks","7":"product_cat-sportui","8":"product_cat-akcijos","9":"product_cat-kojines","11":"first","12":"instock","13":"sale","14":"shipping-taxable","15":"purchasable","16":"product-type-variable"},"acf":[],"tiered_pricing_type":"fixed","tiered_pricing_fixed_rules":[],"tiered_pricing_product_settings":{"layout":"default","base_unit_name":{"singular":null,"plural":null},"default_variation":null},"tiered_pricing_minimum_quantity":null,"tiered_pricing_roles_data":[],"tiered_pricing_percentage_rules":[],"_links":{"self":[{"href":"https:\/\/purama.lt\/ee\/wp-json\/wp\/v2\/product\/31601","targetHints":{"allow":["GET"]}}],"collection":[{"href":"https:\/\/purama.lt\/ee\/wp-json\/wp\/v2\/product"}],"about":[{"href":"https:\/\/purama.lt\/ee\/wp-json\/wp\/v2\/types\/product"}],"replies":[{"embeddable":true,"href":"https:\/\/purama.lt\/ee\/wp-json\/wp\/v2\/comments?post=31601"}],"wp:featuredmedia":[{"embeddable":true,"href":"https:\/\/purama.lt\/ee\/wp-json\/wp\/v2\/media\/31660"}],"wp:attachment":[{"href":"https:\/\/purama.lt\/ee\/wp-json\/wp\/v2\/media?parent=31601"}],"wp:term":[{"taxonomy":"product_brand","embeddable":true,"href":"https:\/\/purama.lt\/ee\/wp-json\/wp\/v2\/product_brand?post=31601"},{"taxonomy":"product_cat","embeddable":true,"href":"https:\/\/purama.lt\/ee\/wp-json\/wp\/v2\/product_cat?post=31601"},{"taxonomy":"product_tag","embeddable":true,"href":"https:\/\/purama.lt\/ee\/wp-json\/wp\/v2\/product_tag?post=31601"}],"curies":[{"name":"wp","href":"https:\/\/api.w.org\/{rel}","templated":true}]}}