{"id":31600,"date":"2025-01-15T11:40:25","date_gmt":"2025-01-15T11:40:25","guid":{"rendered":"https:\/\/purama.lt\/produktas\/kojines-up-up-up-pink-sporcks\/"},"modified":"2026-04-03T10:31:30","modified_gmt":"2026-04-03T08:31:30","slug":"kojines-up-up-up-up-up-roosa-sporcks","status":"publish","type":"product","link":"https:\/\/purama.lt\/ee\/produktas\/kojines-up-up-up-pink-sporcks\/","title":{"rendered":"SPORCKS \u00dcles \u00dcles \u00dcles Roosad spordisokid"},"content":{"rendered":"<p>Kas otsite rohkem? Vaadake t\u00e4ielikku <a href=\"\/ee\/tootesildid\/sporcks\/\">Sporcki sortiment<\/a>.<\/p>","protected":false},"excerpt":{"rendered":"<p><strong>SPORCKS \u00dcles \u00dcles \u00dcles Roosa<\/strong> - on ideaalne valik maksimaalset kvaliteeti, mugavust ja funktsionaalsust otsivatele jalgrattasportlastele. Kvaliteetsest nailonist valmistatud \u00fclikerged sokid tagavad t\u00f5husa niiskusejuhtivuse, kiire kuivamise ja hingavate materjalide mugavuse. Isegi k\u00f5ige intensiivsemad treeningud muutuvad nauditavamaks ja lihtsamaks.<\/p>\n<p>Tugevdatud kanna ja varvaste piirkond tagab vastupidavuse ja kaitse kulumise eest, samas kui keskmine kompressioon aitab parandada vereringet ja v\u00e4hendada jalgade v\u00e4simust. \u201eUp Up Pink\u201c ei ole mitte ainult funktsionaalsed, vaid ka stiilsed, nii et teie treening ei ole mitte ainult t\u00f5hus, vaid ka erakordselt elegantne.<\/p>\n<hr \/>\n<h3><strong>Peamised omadused:<\/strong><\/h3>\n<ul>\n<li><strong>Keskmine kokkusurumine:<\/strong> Parandab vereringet, v\u00e4hendab jalgade v\u00e4simust ja suurendab mugavust.<\/li>\n<li><strong>Kvaliteetne nailon:<\/strong> T\u00f5husalt juhib niiskuse \u00e4ra ja kuivab kiiresti, hoides jalad kuivana.<\/li>\n<li><strong>Hingavad materjalid:<\/strong> Tagab termoregulatsiooni ja mugavuse ka k\u00f5ige aktiivsemate treeningute ajal.<\/li>\n<li><strong>Tugevdatud kanna ja varvaste piirkond:<\/strong> Suurendab vastupidavust ja takistab kiiret kulumist.<\/li>\n<li><strong>Kerge konstruktsioon:<\/strong> Kujundatud nii, et need sobivad diskreetselt jalga ja v\u00f5imaldavad vaba liikumist.<\/li>\n<li><strong>Valmistatud Hispaanias:<\/strong> K\u00f5rgeim kvaliteet, mida toetavad professionaalsed sportlased.<\/li>\n<li><strong>Soovitatav:<\/strong> M\u00f5\u00f5duka kliima jaoks, kuid sobib ideaalselt mitmesuguste ilmastikutingimuste jaoks.<\/li>\n<\/ul>\n<hr \/>\n<p><strong>\u201eUp Up Up Pink\u201c SPORKID<\/strong> - teie ideaalne partner pikkade vahemaade l\u00e4bimiseks ja parimate tulemuste saavutamiseks. Valige usaldusv\u00e4\u00e4rsus, stiil ja mugavus iga sammu v\u00f5i kilomeetri jaoks!<\/p>","protected":false},"featured_media":31640,"comment_status":"open","ping_status":"closed","template":"","meta":{"_acf_changed":false},"product_brand":[246],"product_cat":[98,102],"product_tag":[],"class_list":{"0":"post-31600","1":"product","2":"type-product","3":"status-publish","4":"has-post-thumbnail","6":"product_brand-sporcks","7":"product_cat-sportui","8":"product_cat-kojines","10":"first","11":"outofstock","12":"shipping-taxable","13":"purchasable","14":"product-type-variable"},"acf":[],"tiered_pricing_type":"fixed","tiered_pricing_fixed_rules":[],"tiered_pricing_product_settings":{"layout":"default","base_unit_name":{"singular":null,"plural":null},"default_variation":null},"tiered_pricing_minimum_quantity":null,"tiered_pricing_roles_data":[],"tiered_pricing_percentage_rules":[],"_links":{"self":[{"href":"https:\/\/purama.lt\/ee\/wp-json\/wp\/v2\/product\/31600","targetHints":{"allow":["GET"]}}],"collection":[{"href":"https:\/\/purama.lt\/ee\/wp-json\/wp\/v2\/product"}],"about":[{"href":"https:\/\/purama.lt\/ee\/wp-json\/wp\/v2\/types\/product"}],"replies":[{"embeddable":true,"href":"https:\/\/purama.lt\/ee\/wp-json\/wp\/v2\/comments?post=31600"}],"wp:featuredmedia":[{"embeddable":true,"href":"https:\/\/purama.lt\/ee\/wp-json\/wp\/v2\/media\/31640"}],"wp:attachment":[{"href":"https:\/\/purama.lt\/ee\/wp-json\/wp\/v2\/media?parent=31600"}],"wp:term":[{"taxonomy":"product_brand","embeddable":true,"href":"https:\/\/purama.lt\/ee\/wp-json\/wp\/v2\/product_brand?post=31600"},{"taxonomy":"product_cat","embeddable":true,"href":"https:\/\/purama.lt\/ee\/wp-json\/wp\/v2\/product_cat?post=31600"},{"taxonomy":"product_tag","embeddable":true,"href":"https:\/\/purama.lt\/ee\/wp-json\/wp\/v2\/product_tag?post=31600"}],"curies":[{"name":"wp","href":"https:\/\/api.w.org\/{rel}","templated":true}]}}