{"id":31599,"date":"2025-01-15T11:40:25","date_gmt":"2025-01-15T11:40:25","guid":{"rendered":"https:\/\/purama.lt\/produktas\/kojines-up-up-up-yellow-sporcks\/"},"modified":"2026-04-06T19:14:10","modified_gmt":"2026-04-06T17:14:10","slug":"kojines-up-up-up-up-up-kollane-sporcks","status":"publish","type":"product","link":"https:\/\/purama.lt\/ee\/produktas\/kojines-up-up-up-yellow-sporcks\/","title":{"rendered":"SPORCKS \u00dcles \u00dcles \u00dcles Kollased spordisokid"},"content":{"rendered":"<p>Kas otsite rohkem? Vaadake t\u00e4ielikku <a href=\"\/ee\/tootesildid\/sporcks\/\">Sporcki sortiment<\/a>.<\/p>","protected":false},"excerpt":{"rendered":"<p><strong>SPORCKS \u00dcles \u00dcles \u00dcles Kollane<\/strong> - on eksklusiivne jalgrattasokk, mis on loodud pakkuma maksimaalset mugavust ja funktsionaalsust ka k\u00f5ige intensiivsemate treeningute ajal. Kvaliteetsest nailonist valmistatud \u00fclikerged sokid juhivad t\u00f5husalt niiskust, kuivavad kiiresti ja hoiavad jalad kuivana ka suure f\u00fc\u00fcsilise koormuse korral.<\/p>\n<p>Hingavad materjalid toetavad naha termoregulatsiooni, samal ajal kui tugevdatud kanna ja varvaste piirkonnad tagavad vastupidavuse ja kaitse kulumise eest. Keskmise taseme kompressioon parandab vereringet, v\u00e4hendab v\u00e4simust ja suurendab mugavust pikkadel distantsidel.<\/p>\n<hr \/>\n<h3><strong>Peamised omadused:<\/strong><\/h3>\n<ul>\n<li><strong>Keskmine kokkusurumine:<\/strong> Aitab parandada vereringet ja v\u00e4hendada jalgade v\u00e4simust.<\/li>\n<li><strong>Kvaliteetne nailon:<\/strong> Eemaldab t\u00f5husalt niiskuse ja tagab kiire kuivamise.<\/li>\n<li><strong>Hingavad materjalid:<\/strong> S\u00e4ilitab optimaalse jalatemperatuuri ka intensiivse treeningu ajal.<\/li>\n<li><strong>Tugevdatud kanna ja varvaste piirkond:<\/strong> Tagab vastupidavuse ja kaitse.<\/li>\n<li><strong>Kerge konstruktsioon:<\/strong> Ideaalne pikkadeks jalgrattatreeninguteks v\u00f5i v\u00f5istlusteks.<\/li>\n<li><strong>Valmistatud Hispaanias:<\/strong> K\u00f5rgeim kvaliteet, mida toetavad professionaalsed sportlased.<\/li>\n<li><strong>Soovitatav:<\/strong> M\u00f5\u00f5duka kliima jaoks, kuid sobib ideaalselt mitmesuguste ilmastikutingimuste jaoks.<\/li>\n<\/ul>\n<hr \/>\n<p><strong>\"Up Up Up Up Yellow\" SPORCKS<\/strong> - see ei ole lihtsalt sokk, vaid usaldusv\u00e4\u00e4rne partner sinu treeningutes. Vali kvaliteet ja stiil, mis v\u00f5imaldab sul saavutada parimaid tulemusi igal kilomeetril!<\/p>","protected":false},"featured_media":31636,"comment_status":"open","ping_status":"closed","template":"","meta":{"_acf_changed":false},"product_brand":[246],"product_cat":[98,57,102],"product_tag":[],"class_list":{"0":"post-31599","1":"product","2":"type-product","3":"status-publish","4":"has-post-thumbnail","6":"product_brand-sporcks","7":"product_cat-sportui","8":"product_cat-akcijos","9":"product_cat-kojines","11":"first","12":"instock","13":"sale","14":"shipping-taxable","15":"purchasable","16":"product-type-variable"},"acf":[],"tiered_pricing_type":"fixed","tiered_pricing_fixed_rules":[],"tiered_pricing_product_settings":{"layout":"default","base_unit_name":{"singular":null,"plural":null},"default_variation":null},"tiered_pricing_minimum_quantity":null,"tiered_pricing_roles_data":[],"tiered_pricing_percentage_rules":[],"_links":{"self":[{"href":"https:\/\/purama.lt\/ee\/wp-json\/wp\/v2\/product\/31599","targetHints":{"allow":["GET"]}}],"collection":[{"href":"https:\/\/purama.lt\/ee\/wp-json\/wp\/v2\/product"}],"about":[{"href":"https:\/\/purama.lt\/ee\/wp-json\/wp\/v2\/types\/product"}],"replies":[{"embeddable":true,"href":"https:\/\/purama.lt\/ee\/wp-json\/wp\/v2\/comments?post=31599"}],"wp:featuredmedia":[{"embeddable":true,"href":"https:\/\/purama.lt\/ee\/wp-json\/wp\/v2\/media\/31636"}],"wp:attachment":[{"href":"https:\/\/purama.lt\/ee\/wp-json\/wp\/v2\/media?parent=31599"}],"wp:term":[{"taxonomy":"product_brand","embeddable":true,"href":"https:\/\/purama.lt\/ee\/wp-json\/wp\/v2\/product_brand?post=31599"},{"taxonomy":"product_cat","embeddable":true,"href":"https:\/\/purama.lt\/ee\/wp-json\/wp\/v2\/product_cat?post=31599"},{"taxonomy":"product_tag","embeddable":true,"href":"https:\/\/purama.lt\/ee\/wp-json\/wp\/v2\/product_tag?post=31599"}],"curies":[{"name":"wp","href":"https:\/\/api.w.org\/{rel}","templated":true}]}}