{"id":31595,"date":"2025-01-15T11:26:12","date_gmt":"2025-01-15T11:26:12","guid":{"rendered":"https:\/\/purama.lt\/?post_type=product&#038;p=31595"},"modified":"2026-04-10T13:03:23","modified_gmt":"2026-04-10T11:03:23","slug":"toner-hayejin-onnistus-idu","status":"publish","type":"product","link":"https:\/\/purama.lt\/ee\/produktas\/skaistinamasis-toneris-hayejin-blessing-of-sprout\/","title":{"rendered":"Helendav tooner HAYEJIN \"Blessing of Sprout\""},"content":{"rendered":"<p><strong>HAYEJIN \"Sprout'i \u00f5nnistus\"<\/strong>&nbsp;Puhastav toonik eristub teistest toonikutest oma loodusliku koostise ja toime poolest:<\/p>\n\n\n\n<p><strong>1. Ainulaadne koostis<\/strong><br>Toonik on rikastatud looduslike taimeekstraktide ja aktiivsete koostisosadega, mis koos annavad nahale s\u00e4rava ja terve s\u00e4ra. M\u00f5ned peamised koostisosad on j\u00e4rgmised:<\/p>\n\n\n\n<p>Niatsiinamiid: aitab helendada nahka, v\u00e4hendada pigmendilaike ja \u00fchtlustada nahatooni.<br>Centella Asiatica Leaf Extract: tuntud oma rahustavate ja taastavate omaduste poolest.<br>H\u00fcaluroonhape: niisutab nahka s\u00fcgavuti ja aitab s\u00e4ilitada niiskust.<\/p>\n\n\n\n<p><strong>2. Helendav ja \u00fchtlane nahav\u00e4rv<\/strong><br>Toonik aitab v\u00e4hendada tumedaid laike ja pigmentatsiooni, \u00fchtlustab nahatooni ja annab loomuliku s\u00e4ra. See on eriti kasulik, kui teie nahk on altid pigmentatsioonile v\u00f5i eba\u00fchtlasele nahatoonile.<\/p>\n\n\n\n<p><strong>3. Rahustav m\u00f5ju<\/strong><br>T\u00e4nu selles sisalduvatele taimeekstraktidele on toonijal rahustav toime, mis v\u00e4hendab naha\u00e4rritust ja p\u00f5letikku. See on ideaalne valik tundlikule ja \u00e4rritunud nahale.<\/p>\n\n\n\n<p><strong>4. Kastmine ja virgutamine<\/strong><br>Toonik mitte ainult ei helenda, vaid ka niisutab nahka s\u00fcgavuti, j\u00e4ttes sellele v\u00e4rskendava tunde. H\u00fcaluroonhape aitab s\u00e4ilitada niiskust, j\u00e4ttes naha pehmeks ja elastseks.<\/p>\n\n\n\n<p><strong>5. Antioks\u00fcdantsed omadused<\/strong><br>Toonik on rikastatud antioks\u00fcdantidega, mis aitavad v\u00f5idelda vabade radikaalide vastu ja kaitsta nahka keskkonna kahjulike m\u00f5jude eest.<\/p>\n\n\n\n<p><strong>Koostisained:<\/strong>&nbsp;Vesi, gl\u00fctseriin, niatsinamiid, Hamamelis Virginiana leheekstrakt, Aloe Barbadensis leheekstrakt, Chlorella Vulgaris ekstrakt, Panax Ginseng juurte ekstrakt, Camellia Sinensis leheekstrakt, looduslikud s\u00e4ilitusained, l\u00f5hnaained.<\/p>","protected":false},"excerpt":{"rendered":"<p><strong>HAYEJIN \"Sprout'i \u00f5nnistus\"<\/strong>\u00a0Puhastav toonik v\u00e4\u00e4rib t\u00e4helepanu oma rikkaliku koostise, rohkete nahah\u00fcvede ja meeldiva kasutustunde poolest. See on toode, mis mitte ainult ei helenda ja \u00fchtlusta nahav\u00e4rvi, vaid ka niisutab ja v\u00e4rskendab nahka, andes sellele tervisliku s\u00e4ra.<\/p>","protected":false},"featured_media":31596,"comment_status":"open","ping_status":"closed","template":"","meta":{"_acf_changed":false},"product_brand":[427],"product_cat":[92,56,59],"product_tag":[],"class_list":{"0":"post-31595","1":"product","2":"type-product","3":"status-publish","4":"has-post-thumbnail","6":"product_brand-hayejin","7":"product_cat-groziui","8":"product_cat-veido-serumai","9":"product_cat-veidui","11":"first","12":"instock","13":"shipping-taxable","14":"purchasable","15":"product-type-simple"},"acf":[],"tiered_pricing_type":"fixed","tiered_pricing_fixed_rules":[],"tiered_pricing_product_settings":{"layout":"default","base_unit_name":{"singular":null,"plural":null},"default_variation":null},"tiered_pricing_minimum_quantity":null,"tiered_pricing_roles_data":[],"tiered_pricing_percentage_rules":[],"_links":{"self":[{"href":"https:\/\/purama.lt\/ee\/wp-json\/wp\/v2\/product\/31595","targetHints":{"allow":["GET"]}}],"collection":[{"href":"https:\/\/purama.lt\/ee\/wp-json\/wp\/v2\/product"}],"about":[{"href":"https:\/\/purama.lt\/ee\/wp-json\/wp\/v2\/types\/product"}],"replies":[{"embeddable":true,"href":"https:\/\/purama.lt\/ee\/wp-json\/wp\/v2\/comments?post=31595"}],"wp:featuredmedia":[{"embeddable":true,"href":"https:\/\/purama.lt\/ee\/wp-json\/wp\/v2\/media\/31596"}],"wp:attachment":[{"href":"https:\/\/purama.lt\/ee\/wp-json\/wp\/v2\/media?parent=31595"}],"wp:term":[{"taxonomy":"product_brand","embeddable":true,"href":"https:\/\/purama.lt\/ee\/wp-json\/wp\/v2\/product_brand?post=31595"},{"taxonomy":"product_cat","embeddable":true,"href":"https:\/\/purama.lt\/ee\/wp-json\/wp\/v2\/product_cat?post=31595"},{"taxonomy":"product_tag","embeddable":true,"href":"https:\/\/purama.lt\/ee\/wp-json\/wp\/v2\/product_tag?post=31595"}],"curies":[{"name":"wp","href":"https:\/\/api.w.org\/{rel}","templated":true}]}}