{"id":31541,"date":"2025-01-13T13:22:34","date_gmt":"2025-01-13T13:22:34","guid":{"rendered":"https:\/\/purama.lt\/produktas\/guminukai-groziui-nordic-nutris-beauty\/"},"modified":"2026-03-31T09:45:43","modified_gmt":"2026-03-31T07:45:43","slug":"ilukummi-nordic-nutris-beauty","status":"publish","type":"product","link":"https:\/\/purama.lt\/ee\/produktas\/guminukai-groziui-nordic-nutris-beauty\/","title":{"rendered":"NORDIC NUTRIS Beauty kummikud"},"content":{"rendered":"<p><strong>Tarbimine<\/strong><br>Kasutage vastavalt vajadusele, mitte rohkem kui 5 n\u00e4rimiskummi p\u00e4evas.<br>\u00c4rge \u00fcletage soovitatud annust; toidulisandit ei tohi v\u00f5tta s\u00f6\u00f6gi asemel.<br>Hoida kuivas kohas lastele k\u00e4ttesaamatus kohas.<\/p>\n\n\n\n<p><strong>Koostisosad<\/strong><br>maltitoolilahus, vesi, maltitool, ks\u00fclitool, isomaltoos, pektiin, piimhape, naatriumlaktaat, sidrunhape, kollageenpeptiid, biotiin, l-askorbiinhape, vaarikaessents, naatriumtsitraat, naatriumheksametafosfaat.<\/p>","protected":false},"excerpt":{"rendered":"<p data-start=\"0\" data-end=\"568\"><strong data-start=\"16\" data-end=\"50\">Nordic Nutris - Ilu kummikud<\/strong> kummikud teie ilurutiini jaoks, et aidata teil t\u00e4iendada oma igap\u00e4evast toiduvalikut koostisainetega, mis on olulised teie <strong data-start=\"145\" data-end=\"173\">nahk, juuksed ja k\u00fc\u00fcned<\/strong>. Sisaldab <strong data-start=\"192\" data-end=\"213\">kollageeni peptiidid<\/strong>, <strong data-start=\"215\" data-end=\"227\">biotiin<\/strong> ja <strong data-start=\"231\" data-end=\"246\">C-vitamiin<\/strong> valitud, et toetada v\u00e4limuse s\u00e4ilitamist mugavas ja maitsvas vormis - ilma kapslite v\u00f5i tablettideta. Kummikud on <strong data-start=\"364\" data-end=\"382\">vaarika maitse<\/strong>, mis on kergesti integreeritav igap\u00e4evaellu ja C-vitamiin aitab kaasa <strong data-start=\"449\" data-end=\"479\">normaalne kollageeni tootmine<\/strong>, oluline naha funktsioneerimiseks ja biotiin aitab s\u00e4ilitada <strong data-start=\"534\" data-end=\"567\">normaalsed naha ja juuste seisundid<\/strong>.<\/p>\n<p data-start=\"570\" data-end=\"757\"><strong data-start=\"570\" data-end=\"593\">Miks valida<\/strong><br data-start=\"593\" data-end=\"596\" \/><strong data-start=\"596\" data-end=\"602\">\u2714\ufe0f<\/strong> Mugav elastse rihma kuju igap\u00e4evaseks kasutamiseks<br data-start=\"634\" data-end=\"637\" \/><strong data-start=\"637\" data-end=\"643\">\u2714\ufe0f<\/strong> kollageenipeptiidide, biotiini ja C-vitamiiniga<br data-start=\"688\" data-end=\"691\" \/><strong data-start=\"691\" data-end=\"697\">\u2714\ufe0f<\/strong> naha, juuste ja k\u00fc\u00fcnte hooldamiseks<br data-start=\"733\" data-end=\"736\" \/><strong data-start=\"736\" data-end=\"742\">\u2714\ufe0f<\/strong> vaarika maitse<\/p>","protected":false},"featured_media":31556,"comment_status":"open","ping_status":"closed","template":"","meta":{"_acf_changed":false},"product_brand":[444],"product_cat":[60,112,500],"product_tag":[],"class_list":{"0":"post-31541","1":"product","2":"type-product","3":"status-publish","4":"has-post-thumbnail","6":"product_brand-nordic-nutris","7":"product_cat-mitybai","8":"product_cat-guminukai","9":"product_cat-outlet","11":"first","12":"instock","13":"sale","14":"shipping-taxable","15":"purchasable","16":"product-type-simple"},"acf":[],"tiered_pricing_type":"fixed","tiered_pricing_fixed_rules":[],"tiered_pricing_product_settings":{"layout":"default","base_unit_name":{"singular":null,"plural":null},"default_variation":null},"tiered_pricing_minimum_quantity":null,"tiered_pricing_roles_data":[],"tiered_pricing_percentage_rules":[],"_links":{"self":[{"href":"https:\/\/purama.lt\/ee\/wp-json\/wp\/v2\/product\/31541","targetHints":{"allow":["GET"]}}],"collection":[{"href":"https:\/\/purama.lt\/ee\/wp-json\/wp\/v2\/product"}],"about":[{"href":"https:\/\/purama.lt\/ee\/wp-json\/wp\/v2\/types\/product"}],"replies":[{"embeddable":true,"href":"https:\/\/purama.lt\/ee\/wp-json\/wp\/v2\/comments?post=31541"}],"wp:featuredmedia":[{"embeddable":true,"href":"https:\/\/purama.lt\/ee\/wp-json\/wp\/v2\/media\/31556"}],"wp:attachment":[{"href":"https:\/\/purama.lt\/ee\/wp-json\/wp\/v2\/media?parent=31541"}],"wp:term":[{"taxonomy":"product_brand","embeddable":true,"href":"https:\/\/purama.lt\/ee\/wp-json\/wp\/v2\/product_brand?post=31541"},{"taxonomy":"product_cat","embeddable":true,"href":"https:\/\/purama.lt\/ee\/wp-json\/wp\/v2\/product_cat?post=31541"},{"taxonomy":"product_tag","embeddable":true,"href":"https:\/\/purama.lt\/ee\/wp-json\/wp\/v2\/product_tag?post=31541"}],"curies":[{"name":"wp","href":"https:\/\/api.w.org\/{rel}","templated":true}]}}